{"id":5140,"date":"2022-08-10T09:21:49","date_gmt":"2022-08-10T09:21:49","guid":{"rendered":"https:\/\/help.cobraszamlazoprogram.hu\/?page_id=5140"},"modified":"2022-08-10T11:29:17","modified_gmt":"2022-08-10T11:29:17","slug":"v2022-2","status":"publish","type":"page","link":"https:\/\/help.cobraszamlazoprogram.hu\/index.php\/v2022-2\/","title":{"rendered":"v2022.2"},"content":{"rendered":"\n<p><\/p>\n\n\n\n<p class=\"has-medium-font-size\"><strong>NAV Online Sz\u00e1mla Rendszer friss\u00edt\u00e9s<\/strong><\/p>\n\n\n\n<p>A NAV 2022.08.04-\u00e9n tette k\u00f6zz\u00e9, hogy 2022.08.09-el az Online Sz\u00e1mla Rendszerben \u00faj visszajelz\u00e9s t\u00edpust vezet be a \u201cFigyelmeztet\u00e9s\u201d \u00e9s a \u201cHiba\u201d mellett. Az \u00faj visszajelz\u00e9s t\u00edpusnak a neve \u201c<strong>Info<\/strong>\u201c, a \u201cFigyelmeztet\u00e9sn\u00e9l\u201d teh\u00e1t&nbsp;<em><strong>enyh\u00e9bb<\/strong>&nbsp;<\/em>fokozatr\u00f3l van sz\u00f3, egy&nbsp;<strong><em>megjegyz\u00e9s csup\u00e1n<\/em><\/strong>&nbsp;a NAV rendszer\u00e9t\u0151l.<\/p>\n\n\n\n<p>Ilyen \u201cInfo\u201d t\u00edpus\u00fa \u00fczenet j\u00f6n vissza, amennyiben a feladott sz\u00e1mla utal\u00e1sos fizet\u00e9s\u0171, de a sz\u00e1ml\u00e1z\u00f3program nem adja fel a banksz\u00e1mlasz\u00e1mot az adatszolg\u00e1latat\u00e1sban.\u00a0A banksz\u00e1mlasz\u00e1m\u00a0<strong><em>nem k\u00f6telez\u0151<\/em><\/strong>\u00a0adat, pontosan ez\u00e9rt csak \u201cInfo\u201d visszajelz\u00e9st ad r\u00e1 a NAV, nem \u201cFigyelmeztet\u00e9s\u201d-t.\u00a0<em><strong>A felhaszn\u00e1l\u00f3knak az ilyen sz\u00e1ml\u00e1kkal nincs teend\u0151je, ezeket nem sz\u00fcks\u00e9ges sztorn\u00f3zni vagy jav\u00edtani.<\/strong><\/em><br><br>A <strong>2022.2-es CobraLight verzi\u00f3ban <\/strong>az &#8220;Info&#8221; t\u00edpus\u00fa visszajelz\u00e9sek minim\u00e1l\u00e1sa \u00e9rdek\u00e9ben az al\u00e1bbi fejleszt\u00e9sek jelennek meg:<\/p>\n\n\n\n<ul><li>bevezet\u00e9sre ker\u00fclt az\u00a0<img loading=\"lazy\" width=\"24\" height=\"21\" src=\"http:\/\/help.cobra.hu\/wp-content\/uploads\/2022\/08\/img_62f2235a06144.png\" alt=\"\">\u00a0ikon a sz\u00e1ml\u00e1kn\u00e1l, ezzel jelezve, hogy a csak \u201cInfo\u201d t\u00edpus\u00fa visszajelz\u00e9sr\u0151l van sz\u00f3<\/li><li>a ki\u00e1ll\u00edt\u00f3 banksz\u00e1mlasz\u00e1m\u00e1t feladja a program a NAV-nak, hogy a felesleg \u201cInfo\u201d visszajelz\u00e9seket elker\u00fclj\u00fck<\/li><li>a programban hib\u00e1san megadott banksz\u00e1mlasz\u00e1m (teh\u00e1t nem \u00e9rt\u00e9lemezhet\u0151 sem GIRO, sem IBAN form\u00e1tumra) felad\u00e1sa tov\u00e1bbra sem t\u00f6rt\u00e9nik meg, mert a NAV ilyen esetben hib\u00e1t adna vissza, amit szeretn\u00e9nk elker\u00fclni<\/li><li>&#8220;Info&#8221; tipus\u00fa visszajelz\u00e9ssel rendelkez\u0151 sz\u00e1ml\u00e1kat nem is jelen\u00edti meg az \u00faj verzi\u00f3 a kezelend\u0151 sz\u00e1ml\u00e1k k\u00f6z\u00f6tt a program indul\u00e1sakor megjelen\u0151 kis inform\u00e1ci\u00f3s ablakon, mert jelenlegi helyzet szerint ezekkel nincs teend\u0151<\/li><\/ul>\n\n\n\n<p><\/p>\n\n\n\n<p>Minta az Info visszajelz\u00e9ssel rendelkez\u0151 sz\u00e1ml\u00e1ra a V\u00e9gleges\u00edtett sz\u00e1ml\u00e1k ablakon:<\/p>\n\n\n\n<figure class=\"wp-block-image size-large\"><img loading=\"lazy\" width=\"1024\" height=\"185\" src=\"https:\/\/help.cobraszamlazoprogram.hu\/wp-content\/uploads\/2022\/08\/image-1024x185.png\" alt=\"\" class=\"wp-image-5144\" srcset=\"https:\/\/help.cobraszamlazoprogram.hu\/wp-content\/uploads\/2022\/08\/image-1024x185.png 1024w, https:\/\/help.cobraszamlazoprogram.hu\/wp-content\/uploads\/2022\/08\/image-300x54.png 300w, https:\/\/help.cobraszamlazoprogram.hu\/wp-content\/uploads\/2022\/08\/image-768x139.png 768w, https:\/\/help.cobraszamlazoprogram.hu\/wp-content\/uploads\/2022\/08\/image-250x45.png 250w, https:\/\/help.cobraszamlazoprogram.hu\/wp-content\/uploads\/2022\/08\/image.png 1171w\" sizes=\"(max-width: 1024px) 100vw, 1024px\" \/><\/figure>\n\n\n\n<p class=\"has-medium-font-size\"><strong>EU ad\u00f3sz\u00e1m ellen\u0151rz\u00e9s \u00fczemzavar eset\u00e9n<\/strong><\/p>\n\n\n\n<p>A program EU-s ad\u00f3sz\u00e1m megad\u00e1sakor az Eur\u00f3pai Uni\u00f3 VIES rendszer\u00e9n kereszt\u00fcl ellen\u0151rzi az EU ad\u00f3sz\u00e1m \u00e9rv\u00e9nyess\u00e9g\u00e9t. Azonban az ut\u00f3bbi id\u0151ben t\u00f6bbsz\u00f6r volt p\u00e9lda a VIES rendszer \u00fczemzavar\u00e1ra, \u00edgy az ellen\u0151rz\u00e9s meghi\u00fasult, a program pedig &#8220;\u00c9rv\u00e9nytelen ad\u00f3sz\u00e1m&#8221; hib\u00e1t adott. Ezt elker\u00fclend\u0151 mostant\u00f3l a Cobra.Light.Admin programban a Rendszerbe\u00e1ll\u00edt\u00e1sok k\u00f6z\u00f6tt egy \u00faj kapcsol\u00f3 szab\u00e1lyozza, hogy a VIES rendszer el\u00e9rhetetlens\u00e9ge eset\u00e9n engedje-e a program tov\u00e1bb a v\u00e9gleges\u00edt\u00e9si folyamatot vagy akassza meg azt, mint eddig. <br><\/p>\n\n\n\n<p>A param\u00e9ter megnevez\u00e9se: <strong>Vies.Szolg\u00e1ltat\u00e1sKihagy\u00e1siHiba.\u00c1tl\u00e9p\u00e9s<\/strong><br>Alap\u00e9rt\u00e9ke: 0, teh\u00e1t kifejezetten \u00e1t kell \u00e1ll\u00edtani 1-re az \u00e9rt\u00e9ket, ha az \u00e1tl\u00e9p\u00e9st szeretn\u00e9nk \u00e1ltal\u00e1nos m\u0171k\u00f6d\u00e9snek!<\/p>\n\n\n\n<div class=\"wp-block-image\"><figure class=\"aligncenter size-large\"><img loading=\"lazy\" width=\"803\" height=\"571\" src=\"https:\/\/help.cobraszamlazoprogram.hu\/wp-content\/uploads\/2022\/08\/image-2.png\" alt=\"\" class=\"wp-image-5157\" srcset=\"https:\/\/help.cobraszamlazoprogram.hu\/wp-content\/uploads\/2022\/08\/image-2.png 803w, https:\/\/help.cobraszamlazoprogram.hu\/wp-content\/uploads\/2022\/08\/image-2-300x213.png 300w, https:\/\/help.cobraszamlazoprogram.hu\/wp-content\/uploads\/2022\/08\/image-2-768x546.png 768w, https:\/\/help.cobraszamlazoprogram.hu\/wp-content\/uploads\/2022\/08\/image-2-250x178.png 250w\" sizes=\"(max-width: 803px) 100vw, 803px\" \/><\/figure><\/div>\n","protected":false},"excerpt":{"rendered":"<p>NAV Online Sz\u00e1mla Rendszer friss\u00edt\u00e9s A NAV 2022.08.04-\u00e9n tette k\u00f6zz\u00e9, hogy 2022.08.09-el az Online Sz\u00e1mla Rendszerben \u00faj visszajelz\u00e9s t\u00edpust vezet be a \u201cFigyelmeztet\u00e9s\u201d \u00e9s a \u201cHiba\u201d mellett. Az \u00faj visszajelz\u00e9s t\u00edpusnak a neve \u201cInfo\u201c, a \u201cFigyelmeztet\u00e9sn\u00e9l\u201d teh\u00e1t&nbsp;enyh\u00e9bb&nbsp;fokozatr\u00f3l van sz\u00f3, egy&nbsp;megjegyz\u00e9s csup\u00e1n&nbsp;a NAV rendszer\u00e9t\u0151l. Ilyen \u201cInfo\u201d t\u00edpus\u00fa \u00fczenet j\u00f6n vissza, amennyiben a feladott sz\u00e1mla utal\u00e1sos fizet\u00e9s\u0171, de a sz\u00e1ml\u00e1z\u00f3program nem adja fel a banksz\u00e1mlasz\u00e1mot az adatszolg\u00e1latat\u00e1sban.\u00a0A banksz\u00e1mlasz\u00e1m\u00a0nem k\u00f6telez\u0151\u00a0adat, pontosan ez\u00e9rt csak \u201cInfo\u201d visszajelz\u00e9st ad r\u00e1 a [&hellip;]<\/p>\n","protected":false},"author":1,"featured_media":0,"parent":0,"menu_order":0,"comment_status":"closed","ping_status":"closed","template":"","meta":[],"_links":{"self":[{"href":"https:\/\/help.cobraszamlazoprogram.hu\/index.php\/wp-json\/wp\/v2\/pages\/5140"}],"collection":[{"href":"https:\/\/help.cobraszamlazoprogram.hu\/index.php\/wp-json\/wp\/v2\/pages"}],"about":[{"href":"https:\/\/help.cobraszamlazoprogram.hu\/index.php\/wp-json\/wp\/v2\/types\/page"}],"author":[{"embeddable":true,"href":"https:\/\/help.cobraszamlazoprogram.hu\/index.php\/wp-json\/wp\/v2\/users\/1"}],"replies":[{"embeddable":true,"href":"https:\/\/help.cobraszamlazoprogram.hu\/index.php\/wp-json\/wp\/v2\/comments?post=5140"}],"version-history":[{"count":12,"href":"https:\/\/help.cobraszamlazoprogram.hu\/index.php\/wp-json\/wp\/v2\/pages\/5140\/revisions"}],"predecessor-version":[{"id":5159,"href":"https:\/\/help.cobraszamlazoprogram.hu\/index.php\/wp-json\/wp\/v2\/pages\/5140\/revisions\/5159"}],"wp:attachment":[{"href":"https:\/\/help.cobraszamlazoprogram.hu\/index.php\/wp-json\/wp\/v2\/media?parent=5140"}],"curies":[{"name":"wp","href":"https:\/\/api.w.org\/{rel}","templated":true}]}}