{"id":5111,"date":"2022-02-14T17:53:06","date_gmt":"2022-02-14T17:53:06","guid":{"rendered":"https:\/\/help.cobraszamlazoprogram.hu\/?page_id=5111"},"modified":"2022-02-14T17:56:06","modified_gmt":"2022-02-14T17:56:06","slug":"v2022-1","status":"publish","type":"page","link":"https:\/\/help.cobraszamlazoprogram.hu\/index.php\/v2022-1\/","title":{"rendered":"v2022.1"},"content":{"rendered":"\n<p>21KATA bevall\u00e1s elk\u00e9sz\u00edt\u00e9se<\/p>\n\n\n\n<p>A CobraContoLight programb\u00f3l elk\u00e9sz\u00edthet\u0151, majd az \u00c1NYK-ba import\u00e1lhat\u00f3 a kisad\u00f3z\u00f3kt\u00f3l elv\u00e1rt 21KATA bevall\u00e1s. R\u00e9szletes le\u00edr\u00e1s bejegyz\u00e9s\u00fcnkben: <a href=\"https:\/\/help.cobraszamlazoprogram.hu\/index.php\/2022\/02\/14\/kata-bevallas-elkeszitese\/\">https:\/\/help.cobraszamlazoprogram.hu\/index.php\/2022\/02\/14\/kata-bevallas-elkeszitese\/<\/a><\/p>\n","protected":false},"excerpt":{"rendered":"<p>21KATA bevall\u00e1s elk\u00e9sz\u00edt\u00e9se A CobraContoLight programb\u00f3l elk\u00e9sz\u00edthet\u0151, majd az \u00c1NYK-ba import\u00e1lhat\u00f3 a kisad\u00f3z\u00f3kt\u00f3l elv\u00e1rt 21KATA bevall\u00e1s. R\u00e9szletes le\u00edr\u00e1s bejegyz\u00e9s\u00fcnkben: https:\/\/help.cobraszamlazoprogram.hu\/index.php\/2022\/02\/14\/kata-bevallas-elkeszitese\/<\/p>\n","protected":false},"author":1,"featured_media":0,"parent":0,"menu_order":0,"comment_status":"closed","ping_status":"closed","template":"","meta":[],"_links":{"self":[{"href":"https:\/\/help.cobraszamlazoprogram.hu\/index.php\/wp-json\/wp\/v2\/pages\/5111"}],"collection":[{"href":"https:\/\/help.cobraszamlazoprogram.hu\/index.php\/wp-json\/wp\/v2\/pages"}],"about":[{"href":"https:\/\/help.cobraszamlazoprogram.hu\/index.php\/wp-json\/wp\/v2\/types\/page"}],"author":[{"embeddable":true,"href":"https:\/\/help.cobraszamlazoprogram.hu\/index.php\/wp-json\/wp\/v2\/users\/1"}],"replies":[{"embeddable":true,"href":"https:\/\/help.cobraszamlazoprogram.hu\/index.php\/wp-json\/wp\/v2\/comments?post=5111"}],"version-history":[{"count":2,"href":"https:\/\/help.cobraszamlazoprogram.hu\/index.php\/wp-json\/wp\/v2\/pages\/5111\/revisions"}],"predecessor-version":[{"id":5130,"href":"https:\/\/help.cobraszamlazoprogram.hu\/index.php\/wp-json\/wp\/v2\/pages\/5111\/revisions\/5130"}],"wp:attachment":[{"href":"https:\/\/help.cobraszamlazoprogram.hu\/index.php\/wp-json\/wp\/v2\/media?parent=5111"}],"curies":[{"name":"wp","href":"https:\/\/api.w.org\/{rel}","templated":true}]}}