{"id":4870,"date":"2020-04-24T10:11:08","date_gmt":"2020-04-24T10:11:08","guid":{"rendered":"http:\/\/help.cobraszamlazoprogram.hu\/?page_id=4870"},"modified":"2020-04-24T10:11:08","modified_gmt":"2020-04-24T10:11:08","slug":"v2020-1-3","status":"publish","type":"page","link":"https:\/\/help.cobraszamlazoprogram.hu\/index.php\/v2020-1-3\/","title":{"rendered":"v2020.1.3"},"content":{"rendered":"<p>A verzi\u00f3ban\u00a0<a href=\"http:\/\/help.cobraszamlazoprogram.hu\/index.php\/nav-online\/\">NAV Online Sz\u00e1mla Rendszerhez kapcsol\u00f3d\u00f3a<\/a>n\u00a0egy hibajav\u00edt\u00e1s t\u00f6rt\u00e9nt:<\/p>\n<p>Amennyiben el\u0151k\u00e9sz\u00edtettk\u00e9nt\u00a0mentett sz\u00e1ml\u00e1t m\u00f3dos\u00edtottunk, \u00fagy hogy sz\u00e1mlat\u00e9telt is t\u00f6rl\u00fcnk \u00e9s ezut\u00e1n v\u00e9gleges\u00edt\u00fcnk, akkor a v\u00e9gleges\u00edt\u00e9skor a sz\u00e1mla \u00c1FA \u00f6sszes\u00edt\u0151 t\u00e1bla nem t\u00f6lt\u0151d\u00f6tt ki, sem a sz\u00e1mlat\u00e9telek \u00c1FA fizet\u00e9si deviz\u00e1ban sz\u00e1molt \u00e9rt\u00e9kei. Jav\u00edtva.<\/p>\n<p>&nbsp;<\/p>\n<p>Aki kor\u00e1bban nem friss\u00edtett \u00e9s m\u00e9g 2019-es verzi\u00f3t haszn\u00e1l, mindenk\u00e9ppen olvassa \u00e1t\u00a0<a href=\"http:\/\/help.cobraszamlazoprogram.hu\/index.php\/ccl-verziok\/v2020-1\/\"><strong>a\u00a0v2020.1.1 verzi\u00f3hoz tartoz\u00f3 v\u00e1ltoz\u00e1snapl\u00f3<\/strong>t<\/a>!<\/p>\n","protected":false},"excerpt":{"rendered":"<p>A verzi\u00f3ban\u00a0NAV Online Sz\u00e1mla Rendszerhez kapcsol\u00f3d\u00f3an\u00a0egy hibajav\u00edt\u00e1s t\u00f6rt\u00e9nt: Amennyiben el\u0151k\u00e9sz\u00edtettk\u00e9nt\u00a0mentett sz\u00e1ml\u00e1t m\u00f3dos\u00edtottunk, \u00fagy hogy sz\u00e1mlat\u00e9telt is t\u00f6rl\u00fcnk \u00e9s ezut\u00e1n v\u00e9gleges\u00edt\u00fcnk, akkor a v\u00e9gleges\u00edt\u00e9skor a sz\u00e1mla \u00c1FA \u00f6sszes\u00edt\u0151 t\u00e1bla nem t\u00f6lt\u0151d\u00f6tt ki, sem a sz\u00e1mlat\u00e9telek \u00c1FA fizet\u00e9si deviz\u00e1ban sz\u00e1molt \u00e9rt\u00e9kei. Jav\u00edtva. &nbsp; Aki kor\u00e1bban nem friss\u00edtett \u00e9s m\u00e9g 2019-es verzi\u00f3t haszn\u00e1l, mindenk\u00e9ppen olvassa \u00e1t\u00a0a\u00a0v2020.1.1 verzi\u00f3hoz tartoz\u00f3 v\u00e1ltoz\u00e1snapl\u00f3t!<\/p>\n","protected":false},"author":3,"featured_media":0,"parent":0,"menu_order":0,"comment_status":"closed","ping_status":"closed","template":"","meta":[],"_links":{"self":[{"href":"https:\/\/help.cobraszamlazoprogram.hu\/index.php\/wp-json\/wp\/v2\/pages\/4870"}],"collection":[{"href":"https:\/\/help.cobraszamlazoprogram.hu\/index.php\/wp-json\/wp\/v2\/pages"}],"about":[{"href":"https:\/\/help.cobraszamlazoprogram.hu\/index.php\/wp-json\/wp\/v2\/types\/page"}],"author":[{"embeddable":true,"href":"https:\/\/help.cobraszamlazoprogram.hu\/index.php\/wp-json\/wp\/v2\/users\/3"}],"replies":[{"embeddable":true,"href":"https:\/\/help.cobraszamlazoprogram.hu\/index.php\/wp-json\/wp\/v2\/comments?post=4870"}],"version-history":[{"count":1,"href":"https:\/\/help.cobraszamlazoprogram.hu\/index.php\/wp-json\/wp\/v2\/pages\/4870\/revisions"}],"predecessor-version":[{"id":4871,"href":"https:\/\/help.cobraszamlazoprogram.hu\/index.php\/wp-json\/wp\/v2\/pages\/4870\/revisions\/4871"}],"wp:attachment":[{"href":"https:\/\/help.cobraszamlazoprogram.hu\/index.php\/wp-json\/wp\/v2\/media?parent=4870"}],"curies":[{"name":"wp","href":"https:\/\/api.w.org\/{rel}","templated":true}]}}