{"id":4808,"date":"2020-03-24T16:16:46","date_gmt":"2020-03-24T16:16:46","guid":{"rendered":"http:\/\/help.cobraszamlazoprogram.hu\/?page_id=4808"},"modified":"2020-03-26T13:03:24","modified_gmt":"2020-03-26T13:03:24","slug":"v2020-1","status":"publish","type":"page","link":"https:\/\/help.cobraszamlazoprogram.hu\/index.php\/ccl-verziok\/v2020-1\/","title":{"rendered":"v2020.1.1"},"content":{"rendered":"<p><span style=\"font-size: 14pt;\"><strong><span lang=\"hu-HU\">F<\/span><span lang=\"hu-HU\">elh\u00edvjuk figyelm\u00e9t, hogy hamarosan k\u00e9t fontos v\u00e1ltoz\u00e1s is \u00e9rinti a NAV Online Sz\u00e1mla adatszolg\u00e1ltat\u00e1s m\u0171k\u00f6d\u00e9s\u00e9t:<\/span><\/strong><\/span><\/p>\n<ul>\n<li>2020.04.01-t\u0151l aj\u00e1nlott a 2.0-\u00e1s adatszolg\u00e1ltat\u00e1ssal feladni a sz\u00e1ml\u00e1kat az Online Sz\u00e1mla Rendszerbe<\/li>\n<li>2020.07.01-t\u0151l 0 forintra cs\u00f6kken a bejelent\u00e9si k\u00f6telezetts\u00e9g \u00c1FA \u00e9rt\u00e9khat\u00e1ra<\/li>\n<\/ul>\n<p>&nbsp;<\/p>\n<p>A fenti k\u00f6vetelm\u00e9nyeket a CobraContoLight program 2020.1.1-es verzi\u00f3ja teljes\u00edti.<\/p>\n<p>A friss\u00edt\u00e9shez k\u00f6vesse az itt olvashat\u00f3 le\u00edr\u00e1st:<br \/>\n<a href=\"http:\/\/help.cobraszamlazoprogram.hu\/index.php\/2020\/03\/21\/frissites-a-2020-1-es-verziora\/\">http:\/\/help.cobraszamlazoprogram.hu\/index.php\/2020\/03\/21\/frissites-a-2020-1-es-verziora\/<\/a><\/p>\n<p>A friss\u00edt\u00e9s ut\u00e1n a haszn\u00e1latbav\u00e9telhez,<strong> m\u00e9g sz\u00e1ml\u00e1z\u00e1s el\u0151tt<\/strong> olvassa \u00e1t \u00fatmutat\u00f3nkat:<br \/>\n<a href=\"http:\/\/help.cobraszamlazoprogram.hu\/index.php\/2020\/03\/21\/online-szamla-rendszer-kezelese-a-2020-1-verzioban\/\">http:\/\/help.cobraszamlazoprogram.hu\/index.php\/2020\/03\/21\/online-szamla-rendszer-kezelese-a-2020-1-verzioban\/<\/a><\/p>\n<p>&nbsp;<\/p>\n<p><strong>Tov\u00e1bbi fejleszt\u00e9sek:<\/strong><\/p>\n<ul>\n<li>A programban mostant\u00f3l az Ad\u00f3\u00e9v t\u00f6rzsadatn\u00e1l megadhat\u00f3 a\u00a0&#8220;<strong>Kisad\u00f3z\u00f3<\/strong>&#8221; jelz\u00e9se, ha az ad\u00f3alany az ad\u00f3\u00e9vre a KATA ad\u00f3z\u00e1si form\u00e1t v\u00e1lasztotta:\n<p id=\"hnXNvPQ\"><img loading=\"lazy\" width=\"682\" height=\"407\" class=\"alignnone size-full wp-image-4833 \" src=\"http:\/\/help.cobraszamlazoprogram.hu\/wp-content\/uploads\/2020\/03\/img_5e7a6d8dd009f.png\" alt=\"\" srcset=\"https:\/\/help.cobraszamlazoprogram.hu\/wp-content\/uploads\/2020\/03\/img_5e7a6d8dd009f.png 682w, https:\/\/help.cobraszamlazoprogram.hu\/wp-content\/uploads\/2020\/03\/img_5e7a6d8dd009f-300x179.png 300w, https:\/\/help.cobraszamlazoprogram.hu\/wp-content\/uploads\/2020\/03\/img_5e7a6d8dd009f-250x149.png 250w\" sizes=\"(max-width: 682px) 100vw, 682px\" \/><\/p>\n<p>Az Online Sz\u00e1mla Rendszer 2.0 verzi\u00f3j\u00e1ban a kisad\u00f3z\u00f3 ad\u00f3alany felt\u00fcntet\u00e9se dedik\u00e1lt mez\u0151ben t\u00f6rt\u00e9nik,\u00a0ha \u00d6n kisad\u00f3z\u00f3, sz\u00fcks\u00e9ges bejel\u00f6lnie!<\/li>\n<li>\u00daj funkci\u00f3 a honi ad\u00f3sz\u00e1m ellen\u0151rz\u00e9s NAV Online Sz\u00e1mla Rendszer adatb\u00e1zis\u00e1b\u00f3l. Egy partner adatlapj\u00e1n a honi ad\u00f3sz\u00e1m mez\u0151be \u00edrt ad\u00f3sz\u00e1m ellen\u0151rizhet\u0151 a mez\u0151be kattintva, majd a v\u00e9g\u00e9n megjelen\u0151\u00a0<img loading=\"lazy\" width=\"17\" height=\"20\" class=\"alignnone size-full wp-image-4834 \" src=\"http:\/\/help.cobraszamlazoprogram.hu\/wp-content\/uploads\/2020\/03\/img_5e7a6ed3e34b8.png\" alt=\"\" \/>\u00a0ikonra kattintva.<br \/>\nSikeres ellen\u0151rz\u00e9s (\u00e9l\u0151 ad\u00f3sz\u00e1m) eset\u00e9n a NAV visszaadja az ad\u00f3alany adatait. P\u00e9ld\u00e1ul:<\/p>\n<p id=\"SHwZcGR\"><img loading=\"lazy\" width=\"901\" height=\"593\" class=\"alignnone size-full wp-image-4836 \" src=\"http:\/\/help.cobraszamlazoprogram.hu\/wp-content\/uploads\/2020\/03\/img_5e7a6f09f0f4d.png\" alt=\"\" srcset=\"https:\/\/help.cobraszamlazoprogram.hu\/wp-content\/uploads\/2020\/03\/img_5e7a6f09f0f4d.png 901w, https:\/\/help.cobraszamlazoprogram.hu\/wp-content\/uploads\/2020\/03\/img_5e7a6f09f0f4d-300x197.png 300w, https:\/\/help.cobraszamlazoprogram.hu\/wp-content\/uploads\/2020\/03\/img_5e7a6f09f0f4d-250x165.png 250w\" sizes=\"(max-width: 901px) 100vw, 901px\" \/><\/p>\n<p>Hib\u00e1s \/ nem \u00e9l\u0151 ad\u00f3sz\u00e1m eset\u00e9n az \u00fczenet:<\/p>\n<p id=\"oxNPOZf\"><img loading=\"lazy\" width=\"261\" height=\"175\" class=\"alignnone size-full wp-image-4838 \" src=\"http:\/\/help.cobraszamlazoprogram.hu\/wp-content\/uploads\/2020\/03\/img_5e7a6f7aa61ae.png\" alt=\"\" srcset=\"https:\/\/help.cobraszamlazoprogram.hu\/wp-content\/uploads\/2020\/03\/img_5e7a6f7aa61ae.png 261w, https:\/\/help.cobraszamlazoprogram.hu\/wp-content\/uploads\/2020\/03\/img_5e7a6f7aa61ae-250x168.png 250w\" sizes=\"(max-width: 261px) 100vw, 261px\" \/><\/p>\n<\/li>\n<\/ul>\n<p>&nbsp;<\/p>\n<p><strong>Jav\u00edt\u00e1sok:<\/strong><\/p>\n<ul>\n<li>Bek\u00e9r\u0151lev\u00e9l t\u00f6rl\u00e9s nem m\u0171k\u00f6d\u00f6tt: jav\u00edtva<\/li>\n<li>K\u00f6rnyezetv\u00e9delmi term\u00e9kd\u00edj megjelen\u00edt\u00e9se t\u00f6bb soros sz\u00e1ml\u00e1n hib\u00e1s volt: jav\u00edtva<\/li>\n<\/ul>\n","protected":false},"excerpt":{"rendered":"<p>Felh\u00edvjuk figyelm\u00e9t, hogy hamarosan k\u00e9t fontos v\u00e1ltoz\u00e1s is \u00e9rinti a NAV Online Sz\u00e1mla adatszolg\u00e1ltat\u00e1s m\u0171k\u00f6d\u00e9s\u00e9t: 2020.04.01-t\u0151l aj\u00e1nlott a 2.0-\u00e1s adatszolg\u00e1ltat\u00e1ssal feladni a sz\u00e1ml\u00e1kat az Online Sz\u00e1mla Rendszerbe 2020.07.01-t\u0151l 0 forintra cs\u00f6kken a bejelent\u00e9si k\u00f6telezetts\u00e9g \u00c1FA \u00e9rt\u00e9khat\u00e1ra &nbsp; A fenti k\u00f6vetelm\u00e9nyeket a CobraContoLight program 2020.1.1-es verzi\u00f3ja teljes\u00edti. A friss\u00edt\u00e9shez k\u00f6vesse az itt olvashat\u00f3 le\u00edr\u00e1st: http:\/\/help.cobraszamlazoprogram.hu\/index.php\/2020\/03\/21\/frissites-a-2020-1-es-verziora\/ A friss\u00edt\u00e9s ut\u00e1n a haszn\u00e1latbav\u00e9telhez, m\u00e9g sz\u00e1ml\u00e1z\u00e1s el\u0151tt olvassa \u00e1t \u00fatmutat\u00f3nkat: http:\/\/help.cobraszamlazoprogram.hu\/index.php\/2020\/03\/21\/online-szamla-rendszer-kezelese-a-2020-1-verzioban\/ &nbsp; Tov\u00e1bbi fejleszt\u00e9sek: A programban mostant\u00f3l az Ad\u00f3\u00e9v t\u00f6rzsadatn\u00e1l [&hellip;]<\/p>\n","protected":false},"author":3,"featured_media":0,"parent":3557,"menu_order":0,"comment_status":"closed","ping_status":"closed","template":"","meta":[],"_links":{"self":[{"href":"https:\/\/help.cobraszamlazoprogram.hu\/index.php\/wp-json\/wp\/v2\/pages\/4808"}],"collection":[{"href":"https:\/\/help.cobraszamlazoprogram.hu\/index.php\/wp-json\/wp\/v2\/pages"}],"about":[{"href":"https:\/\/help.cobraszamlazoprogram.hu\/index.php\/wp-json\/wp\/v2\/types\/page"}],"author":[{"embeddable":true,"href":"https:\/\/help.cobraszamlazoprogram.hu\/index.php\/wp-json\/wp\/v2\/users\/3"}],"replies":[{"embeddable":true,"href":"https:\/\/help.cobraszamlazoprogram.hu\/index.php\/wp-json\/wp\/v2\/comments?post=4808"}],"version-history":[{"count":9,"href":"https:\/\/help.cobraszamlazoprogram.hu\/index.php\/wp-json\/wp\/v2\/pages\/4808\/revisions"}],"predecessor-version":[{"id":4852,"href":"https:\/\/help.cobraszamlazoprogram.hu\/index.php\/wp-json\/wp\/v2\/pages\/4808\/revisions\/4852"}],"up":[{"embeddable":true,"href":"https:\/\/help.cobraszamlazoprogram.hu\/index.php\/wp-json\/wp\/v2\/pages\/3557"}],"wp:attachment":[{"href":"https:\/\/help.cobraszamlazoprogram.hu\/index.php\/wp-json\/wp\/v2\/media?parent=4808"}],"curies":[{"name":"wp","href":"https:\/\/api.w.org\/{rel}","templated":true}]}}