{"id":4561,"date":"2017-12-11T08:48:29","date_gmt":"2017-12-11T08:48:29","guid":{"rendered":"http:\/\/help.cobraszamlazoprogram.hu\/?page_id=4561"},"modified":"2017-12-11T09:05:43","modified_gmt":"2017-12-11T09:05:43","slug":"v2017-5-1","status":"publish","type":"page","link":"https:\/\/help.cobraszamlazoprogram.hu\/index.php\/ccl-verziok\/v2017-5-1\/","title":{"rendered":"V2017.5.1"},"content":{"rendered":"<p class=\"western\" style=\"text-align: center;\">T\u00c1J\u00c9KOZTAT\u00d3 A CobraContoLight V2017.5.1 VERZI\u00d3HOZ<\/p>\n<p class=\"western\" style=\"text-align: center;\">V\u00e1ltoz\u00e1sok a V2017.5 verzi\u00f3 kiad\u00e1sa ut\u00e1n<\/p>\n<h5 class=\"western\"><b>CobraContoLight alkalmaz\u00e1s<\/b><\/h5>\n<p>&nbsp;<\/p>\n<p class=\"western\" align=\"justify\"><b>Jav\u00edt\u00e1s:<\/b> A v2017.5-\u00f6s verzi\u00f3ban, a Sz\u00e1mlak\u00e9sz\u00edt\u00e9sben a sz\u00e1ll\u00edt\u00f3lev\u00e9l import funkci\u00f3 nem m\u0171k\u00f6d\u00f6tt megfelel\u0151en, ez jav\u00edt\u00e1sra ker\u00fclt.<\/p>\n","protected":false},"excerpt":{"rendered":"<p>T\u00c1J\u00c9KOZTAT\u00d3 A CobraContoLight V2017.5.1 VERZI\u00d3HOZ V\u00e1ltoz\u00e1sok a V2017.5 verzi\u00f3 kiad\u00e1sa ut\u00e1n CobraContoLight alkalmaz\u00e1s &nbsp; Jav\u00edt\u00e1s: A v2017.5-\u00f6s verzi\u00f3ban, a Sz\u00e1mlak\u00e9sz\u00edt\u00e9sben a sz\u00e1ll\u00edt\u00f3lev\u00e9l import funkci\u00f3 nem m\u0171k\u00f6d\u00f6tt megfelel\u0151en, ez jav\u00edt\u00e1sra ker\u00fclt.<\/p>\n","protected":false},"author":4,"featured_media":0,"parent":3557,"menu_order":0,"comment_status":"closed","ping_status":"closed","template":"","meta":[],"_links":{"self":[{"href":"https:\/\/help.cobraszamlazoprogram.hu\/index.php\/wp-json\/wp\/v2\/pages\/4561"}],"collection":[{"href":"https:\/\/help.cobraszamlazoprogram.hu\/index.php\/wp-json\/wp\/v2\/pages"}],"about":[{"href":"https:\/\/help.cobraszamlazoprogram.hu\/index.php\/wp-json\/wp\/v2\/types\/page"}],"author":[{"embeddable":true,"href":"https:\/\/help.cobraszamlazoprogram.hu\/index.php\/wp-json\/wp\/v2\/users\/4"}],"replies":[{"embeddable":true,"href":"https:\/\/help.cobraszamlazoprogram.hu\/index.php\/wp-json\/wp\/v2\/comments?post=4561"}],"version-history":[{"count":5,"href":"https:\/\/help.cobraszamlazoprogram.hu\/index.php\/wp-json\/wp\/v2\/pages\/4561\/revisions"}],"predecessor-version":[{"id":4568,"href":"https:\/\/help.cobraszamlazoprogram.hu\/index.php\/wp-json\/wp\/v2\/pages\/4561\/revisions\/4568"}],"up":[{"embeddable":true,"href":"https:\/\/help.cobraszamlazoprogram.hu\/index.php\/wp-json\/wp\/v2\/pages\/3557"}],"wp:attachment":[{"href":"https:\/\/help.cobraszamlazoprogram.hu\/index.php\/wp-json\/wp\/v2\/media?parent=4561"}],"curies":[{"name":"wp","href":"https:\/\/api.w.org\/{rel}","templated":true}]}}