{"id":4282,"date":"2017-10-12T07:32:21","date_gmt":"2017-10-12T07:32:21","guid":{"rendered":"http:\/\/help.cobraszamlazoprogram.hu\/?page_id=4282"},"modified":"2017-10-12T07:34:26","modified_gmt":"2017-10-12T07:34:26","slug":"v2017-4-1","status":"publish","type":"page","link":"https:\/\/help.cobraszamlazoprogram.hu\/index.php\/ccl-verziok\/v2017-4-1\/","title":{"rendered":"V2017.4.1"},"content":{"rendered":"<p style=\"text-align: center;\"><strong>T\u00c1J\u00c9KOZTAT\u00d3 A CobraLight V2017.4.1 VERZI\u00d3HOZ<\/strong><br \/>\n<strong> V\u00e1ltoz\u00e1sok a V2017.4 verzi\u00f3 kiad\u00e1sa ut\u00e1n<\/strong><\/p>\n<p><strong>Adatb\u00e1zis friss\u00edt\u00e9s a CobraLight sz\u00e1ml\u00e1z\u00f3 programban<\/strong><\/p>\n<p>Futtassa a CobraLight programot! A friss\u00edtett verzi\u00f3 els\u0151 elindul\u00e1sakor a program ellen\u0151rzi a megl\u00e9v\u0151 adatb\u00e1zis verzi\u00f3sz\u00e1m\u00e1t. Amennyiben ez elt\u00e9r a friss\u00edt\u00e9si verzi\u00f3 adatb\u00e1zis verzi\u00f3sz\u00e1m\u00e1t\u00f3l figyelmeztet\u0151 \u00fczenetet k\u00fcld a felhaszn\u00e1l\u00f3nak.<\/p>\n<p>&nbsp;<\/p>\n<p><img loading=\"lazy\" width=\"551\" height=\"271\" class=\"size-full wp-image-4283 aligncenter\" src=\"http:\/\/help.cobraszamlazoprogram.hu\/wp-content\/uploads\/2017\/10\/img_59df1987b0465.png\" alt=\"\" srcset=\"https:\/\/help.cobraszamlazoprogram.hu\/wp-content\/uploads\/2017\/10\/img_59df1987b0465.png 551w, https:\/\/help.cobraszamlazoprogram.hu\/wp-content\/uploads\/2017\/10\/img_59df1987b0465-300x148.png 300w, https:\/\/help.cobraszamlazoprogram.hu\/wp-content\/uploads\/2017\/10\/img_59df1987b0465-250x123.png 250w\" sizes=\"(max-width: 551px) 100vw, 551px\" \/><br \/>\nEl\u0151fordulhat, hogy a fellelt \u00e9rt\u00e9k az \u00d6n verzi\u00f3j\u00e1ban nem azonos a k\u00e9pen l\u00e1that\u00f3val, ez nem jelent probl\u00e9m\u00e1t. Az automatikus friss\u00edt\u00e9s elv\u00e9gz\u00e9s\u00e9hez kattintson az Igen gombra!<\/p>\n<p style=\"text-align: center;\"><img loading=\"lazy\" width=\"309\" height=\"157\" class=\"alignnone size-full wp-image-4284 \" src=\"http:\/\/help.cobraszamlazoprogram.hu\/wp-content\/uploads\/2017\/10\/img_59df199118464.png\" alt=\"\" srcset=\"https:\/\/help.cobraszamlazoprogram.hu\/wp-content\/uploads\/2017\/10\/img_59df199118464.png 309w, https:\/\/help.cobraszamlazoprogram.hu\/wp-content\/uploads\/2017\/10\/img_59df199118464-300x152.png 300w, https:\/\/help.cobraszamlazoprogram.hu\/wp-content\/uploads\/2017\/10\/img_59df199118464-250x127.png 250w\" sizes=\"(max-width: 309px) 100vw, 309px\" \/><\/p>\n<p style=\"text-align: left;\">Sikeres adatb\u00e1zis friss\u00edt\u00e9s elv\u00e9gz\u00e9s\u00e9r\u0151l a program t\u00e1j\u00e9koztatja a felhaszn\u00e1l\u00f3t. Ok gombra t\u00f6rt\u00e9n\u0151 kattint\u00e1s ut\u00e1n bel\u00e9phet a friss\u00edtett programj\u00e1ba.<\/p>\n<p><strong>CobraLight alkalmaz\u00e1s<\/strong><br \/>\n<strong>Funkci\u00f3 m\u00f3dosul\u00e1s, b\u0151v\u00edt\u00e9s: T\u00f6rzsadatok\/C\u00e9g\/Rakt\u00e1rak<\/strong> men\u00fcpontban a rakt\u00e1r tall\u00f3z\u00f3 ablak szerkezete programm\u00f3dos\u00edt\u00e1s hat\u00e1s\u00e1ra megv\u00e1ltozott, b\u0151v\u00fclt.<br \/>\n\u00daj oszlopk\u00e9nt beker\u00fclt <strong>Z\u00e1rolva<\/strong> elnevez\u00e9s\u0171. A c\u00edmet tartalmaz\u00f3 oszlopok pedig \u00f6sszevon\u00e1sra ker\u00fcltek.<br \/>\n<img loading=\"lazy\" width=\"484\" height=\"299\" class=\"alignnone size-full wp-image-4285 aligncenter\" src=\"http:\/\/help.cobraszamlazoprogram.hu\/wp-content\/uploads\/2017\/10\/img_59df199b96d60.png\" alt=\"\" srcset=\"https:\/\/help.cobraszamlazoprogram.hu\/wp-content\/uploads\/2017\/10\/img_59df199b96d60.png 484w, https:\/\/help.cobraszamlazoprogram.hu\/wp-content\/uploads\/2017\/10\/img_59df199b96d60-300x185.png 300w, https:\/\/help.cobraszamlazoprogram.hu\/wp-content\/uploads\/2017\/10\/img_59df199b96d60-250x154.png 250w\" sizes=\"(max-width: 484px) 100vw, 484px\" \/><\/p>\n<p style=\"text-align: left;\">A Rakt\u00e1r adatokat tartalmaz\u00f3 ablakra kiker\u00fclt a <strong>Term\u00e9kkartonok \u00fajrasz\u00e1m\u00edt\u00e1sa<\/strong> felirat\u00fa gomb, ami a hamarosan megjelen\u0151 k\u00e9szletkezel\u00e9si funkci\u00f3hoz tartozik.<\/p>\n<p style=\"text-align: left;\"><img loading=\"lazy\" width=\"366\" height=\"425\" class=\"alignnone size-full wp-image-4286 aligncenter\" src=\"http:\/\/help.cobraszamlazoprogram.hu\/wp-content\/uploads\/2017\/10\/img_59df19a6ebbd1.png\" alt=\"\" srcset=\"https:\/\/help.cobraszamlazoprogram.hu\/wp-content\/uploads\/2017\/10\/img_59df19a6ebbd1.png 366w, https:\/\/help.cobraszamlazoprogram.hu\/wp-content\/uploads\/2017\/10\/img_59df19a6ebbd1-258x300.png 258w, https:\/\/help.cobraszamlazoprogram.hu\/wp-content\/uploads\/2017\/10\/img_59df19a6ebbd1-215x250.png 215w\" sizes=\"(max-width: 366px) 100vw, 366px\" \/><\/p>\n<p style=\"text-align: left;\"><strong> Funkci\u00f3 m\u00f3dosul\u00e1s, b\u0151v\u00edt\u00e9s: T\u00f6rzsadatok\/Szabv\u00e1ny\/Orsz\u00e1gok<\/strong> a tall\u00f3z\u00f3 ablak szerkezete programm\u00f3dos\u00edt\u00e1s hat\u00e1s\u00e1ra megv\u00e1ltozott, b\u0151v\u00fclt.<\/p>\n<p style=\"text-align: left;\"><img loading=\"lazy\" width=\"344\" height=\"360\" class=\"size-full wp-image-4287 aligncenter\" src=\"http:\/\/help.cobraszamlazoprogram.hu\/wp-content\/uploads\/2017\/10\/img_59df19ae7c655.png\" alt=\"\" srcset=\"https:\/\/help.cobraszamlazoprogram.hu\/wp-content\/uploads\/2017\/10\/img_59df19ae7c655.png 344w, https:\/\/help.cobraszamlazoprogram.hu\/wp-content\/uploads\/2017\/10\/img_59df19ae7c655-287x300.png 287w, https:\/\/help.cobraszamlazoprogram.hu\/wp-content\/uploads\/2017\/10\/img_59df19ae7c655-239x250.png 239w\" sizes=\"(max-width: 344px) 100vw, 344px\" \/><\/p>\n<p style=\"text-align: left;\">\u00daj adat sort az <strong>\u00daj adat<\/strong> felirat\u00fa gombra kattintva hozhat l\u00e9tre. Megl\u00e9v\u0151 adatokat a <strong>Megnyit\u00e1s<\/strong> gombot szerkeszthet.<\/p>\n<p style=\"text-align: left;\"><img loading=\"lazy\" width=\"385\" height=\"287\" class=\"alignnone size-full wp-image-4288 aligncenter\" src=\"http:\/\/help.cobraszamlazoprogram.hu\/wp-content\/uploads\/2017\/10\/img_59df19b40f3c4.png\" alt=\"\" srcset=\"https:\/\/help.cobraszamlazoprogram.hu\/wp-content\/uploads\/2017\/10\/img_59df19b40f3c4.png 385w, https:\/\/help.cobraszamlazoprogram.hu\/wp-content\/uploads\/2017\/10\/img_59df19b40f3c4-300x224.png 300w, https:\/\/help.cobraszamlazoprogram.hu\/wp-content\/uploads\/2017\/10\/img_59df19b40f3c4-250x186.png 250w\" sizes=\"(max-width: 385px) 100vw, 385px\" \/><br \/>\nM\u00f3dosult az adatfelviteli ablak szerkezete is.<\/p>\n<p style=\"text-align: left;\"><strong>Jav\u00edt\u00e1s<\/strong>: Ki\u00e1ll\u00edtott sz\u00e1mla sztorn\u00f3z\u00e1sakor el\u0151fordulhatott, hogy a kinyomtatott storn\u00f3 bizonylaton lemaradt az \u00c1fa % \u00e9rt\u00e9ke. Jelen verzi\u00f3t\u00f3l, programm\u00f3dos\u00edt\u00e1s hat\u00e1s\u00e1ra, ez a funkci\u00f3 jav\u00edt\u00e1sra ker\u00fclt.<\/p>\n<p><a href=\"http:\/\/help.cobraszamlazoprogram.hu\/index.php\/ccl-verziok\/\">Visszal\u00e9p\u00e9s a CCL verzi\u00f3k \u00e9s v\u00e1ltoz\u00e1s napl\u00f3k oldalra<\/a><\/p>\n","protected":false},"excerpt":{"rendered":"<p>T\u00c1J\u00c9KOZTAT\u00d3 A CobraLight V2017.4.1 VERZI\u00d3HOZ V\u00e1ltoz\u00e1sok a V2017.4 verzi\u00f3 kiad\u00e1sa ut\u00e1n Adatb\u00e1zis friss\u00edt\u00e9s a CobraLight sz\u00e1ml\u00e1z\u00f3 programban Futtassa a CobraLight programot! A friss\u00edtett verzi\u00f3 els\u0151 elindul\u00e1sakor a program ellen\u0151rzi a megl\u00e9v\u0151 adatb\u00e1zis verzi\u00f3sz\u00e1m\u00e1t. Amennyiben ez elt\u00e9r a friss\u00edt\u00e9si verzi\u00f3 adatb\u00e1zis verzi\u00f3sz\u00e1m\u00e1t\u00f3l figyelmeztet\u0151 \u00fczenetet k\u00fcld a felhaszn\u00e1l\u00f3nak. &nbsp; El\u0151fordulhat, hogy a fellelt \u00e9rt\u00e9k az \u00d6n verzi\u00f3j\u00e1ban nem azonos a k\u00e9pen l\u00e1that\u00f3val, ez nem jelent probl\u00e9m\u00e1t. Az automatikus friss\u00edt\u00e9s elv\u00e9gz\u00e9s\u00e9hez kattintson az Igen gombra! Sikeres adatb\u00e1zis friss\u00edt\u00e9s [&hellip;]<\/p>\n","protected":false},"author":3,"featured_media":0,"parent":3557,"menu_order":4,"comment_status":"closed","ping_status":"closed","template":"","meta":[],"_links":{"self":[{"href":"https:\/\/help.cobraszamlazoprogram.hu\/index.php\/wp-json\/wp\/v2\/pages\/4282"}],"collection":[{"href":"https:\/\/help.cobraszamlazoprogram.hu\/index.php\/wp-json\/wp\/v2\/pages"}],"about":[{"href":"https:\/\/help.cobraszamlazoprogram.hu\/index.php\/wp-json\/wp\/v2\/types\/page"}],"author":[{"embeddable":true,"href":"https:\/\/help.cobraszamlazoprogram.hu\/index.php\/wp-json\/wp\/v2\/users\/3"}],"replies":[{"embeddable":true,"href":"https:\/\/help.cobraszamlazoprogram.hu\/index.php\/wp-json\/wp\/v2\/comments?post=4282"}],"version-history":[{"count":3,"href":"https:\/\/help.cobraszamlazoprogram.hu\/index.php\/wp-json\/wp\/v2\/pages\/4282\/revisions"}],"predecessor-version":[{"id":4292,"href":"https:\/\/help.cobraszamlazoprogram.hu\/index.php\/wp-json\/wp\/v2\/pages\/4282\/revisions\/4292"}],"up":[{"embeddable":true,"href":"https:\/\/help.cobraszamlazoprogram.hu\/index.php\/wp-json\/wp\/v2\/pages\/3557"}],"wp:attachment":[{"href":"https:\/\/help.cobraszamlazoprogram.hu\/index.php\/wp-json\/wp\/v2\/media?parent=4282"}],"curies":[{"name":"wp","href":"https:\/\/api.w.org\/{rel}","templated":true}]}}