{"id":4273,"date":"2017-10-12T07:19:53","date_gmt":"2017-10-12T07:19:53","guid":{"rendered":"http:\/\/help.cobraszamlazoprogram.hu\/?page_id=4273"},"modified":"2017-10-12T07:19:53","modified_gmt":"2017-10-12T07:19:53","slug":"v2017-4-2","status":"publish","type":"page","link":"https:\/\/help.cobraszamlazoprogram.hu\/index.php\/ccl-verziok\/v2017-4-2\/","title":{"rendered":"V2017.4"},"content":{"rendered":"<p style=\"text-align: center;\"><span style=\"text-decoration: underline;\"><strong>T\u00c1J\u00c9KOZTAT\u00d3 A CobraLight V2017.4 VERZI\u00d3HOZ<\/strong><\/span><br \/>\nV\u00e1ltoz\u00e1sok a V2017.3 verzi\u00f3 kiad\u00e1sa ut\u00e1n<\/p>\n<p style=\"text-align: left;\">\n<strong>CobraLight alkalmaz\u00e1s<\/strong><br \/>\n<strong> Sz\u00e1mlak\u00e9sz\u00edt\u00e9s<\/strong><br \/>\n<strong>Funkci\u00f3 m\u00f3dosul\u00e1s:<\/strong> <strong>F\u0151men\u00fc\/Sz\u00e1mlak\u00e9sz\u00edt\u00e9s\/Sz\u00e1ml\u00e1k\/El\u0151k\u00e9sz\u00edtett vagy V\u00e9gleges\u00edtett sz\u00e1ml\u00e1k<\/strong> men\u00fcpontban a term\u00e9k tall\u00f3z\u00f3 ablak szerkezete programm\u00f3dos\u00edt\u00e1s hat\u00e1s\u00e1ra megv\u00e1ltozott, b\u0151v\u00fclt.<br \/>\n\u00daj oszlopk\u00e9nt beker\u00fclt term\u00e9kek meghat\u00e1rozott \u00e1rforma szerinti \u00c1ra. Az ablak als\u00f3 r\u00e9szben a sz\u0171r\u00e9si felt\u00e9telek b\u0151v\u00fcltek. \u00daj sz\u0171r\u00e9si felt\u00e9telk\u00e9nt megjelentek az al\u00e1bbi mez\u0151k: <strong>Deviza, \u00c1rforma, \u00c1rforma d\u00e1tum.<\/strong><\/p>\n<p style=\"text-align: center;\">\n<img loading=\"lazy\" width=\"604\" height=\"355\" class=\"alignnone size-full wp-image-4274 \" src=\"http:\/\/help.cobraszamlazoprogram.hu\/wp-content\/uploads\/2017\/10\/img_59df163cced81.png\" alt=\"\" srcset=\"https:\/\/help.cobraszamlazoprogram.hu\/wp-content\/uploads\/2017\/10\/img_59df163cced81.png 604w, https:\/\/help.cobraszamlazoprogram.hu\/wp-content\/uploads\/2017\/10\/img_59df163cced81-300x176.png 300w, https:\/\/help.cobraszamlazoprogram.hu\/wp-content\/uploads\/2017\/10\/img_59df163cced81-250x147.png 250w\" sizes=\"(max-width: 604px) 100vw, 604px\" \/><\/p>\n<p style=\"text-align: left;\">\n<strong>Jav\u00edt\u00e1s<\/strong>: Sztorn\u00f3 bizonylat ki\u00e1ll\u00edt\u00e1sakor el\u0151fordulhatott, hogy a bizonylatot nem az el\u0151zetesen meghat\u00e1rozott p\u00e9ld\u00e1nysz\u00e1mban ker\u00fclt kinyomtat\u00e1sra, hanem csak egy p\u00e9ld\u00e1nyban. Jelen verzi\u00f3t\u00f3l, ez a jelens\u00e9g programm\u00f3dos\u00edt\u00e1s hat\u00e1s\u00e1ra jav\u00edt\u00e1sra ker\u00fclt.<\/p>\n<p style=\"text-align: left;\">\n<strong> Brutt\u00f3 egys\u00e9g\u00e1r kezel\u00e9se:<\/strong> Jelen verzi\u00f3t\u00f3l programm\u00f3dos\u00edt\u00e1s hat\u00e1s\u00e1ra be\u00e1ll\u00edthat\u00f3, hogy a term\u00e9kt\u00f6rzsben kezelt elad\u00e1si \u00e1rakat a program sz\u00e1ml\u00e1z\u00e1skor Brutt\u00f3 \u00e9rt\u00e9kk\u00e9nt kezelje. Az al\u00e1bbi m\u00f3dos\u00edt\u00e1sokat kell elv\u00e9geznie ehhez a be\u00e1ll\u00edt\u00e1shoz: <strong>Cobra.Light.Admin<\/strong> programon bel\u00fcl a Be\u00e1ll\u00edt\u00e1sok\/Rendszer men\u00fcpontban <strong>Brutt\u00f3.Egys\u00e9g\u00e1r.Megad\u00e1s.alap\u00e9rtelmezett<\/strong> rendszerv\u00e1ltoz\u00f3 \u00e9rt\u00e9k\u00e9t kell m\u00f3dos\u00edtania. Ezzel szab\u00e1lyozni tudja, hogy \u00faj bizonylat k\u00e9sz\u00edt\u00e9sekor a \u201e<strong>Brutt\u00f3 egys\u00e9g\u00e1r megad\u00e1s<\/strong>\u201d jel\u00f6l\u0151n\u00e9gyzet be legyen \u2013e jel\u00f6lve<br \/>\nFelvet\u0151 \u00e9rt\u00e9kek: Nem : 0 \/ Igen: 1<br \/>\nAlap\u00e9rtelmezett \u00e9rt\u00e9k: 0<\/p>\n<p style=\"text-align: center;\">\n<p><img loading=\"lazy\" width=\"447\" height=\"340\" class=\"alignnone size-full wp-image-4275 aligncenter\" src=\"http:\/\/help.cobraszamlazoprogram.hu\/wp-content\/uploads\/2017\/10\/img_59df164977eb4.png\" alt=\"\" srcset=\"https:\/\/help.cobraszamlazoprogram.hu\/wp-content\/uploads\/2017\/10\/img_59df164977eb4.png 447w, https:\/\/help.cobraszamlazoprogram.hu\/wp-content\/uploads\/2017\/10\/img_59df164977eb4-300x228.png 300w, https:\/\/help.cobraszamlazoprogram.hu\/wp-content\/uploads\/2017\/10\/img_59df164977eb4-250x190.png 250w\" sizes=\"(max-width: 447px) 100vw, 447px\" \/><br \/>\nSz\u00e1mla ki\u00e1ll\u00edt\u00e1sakor a <strong>F\u0151men\u00fc\/Sz\u00e1mlak\u00e9sz\u00edt\u00e9s\/\u2026 sz\u00e1ml\u00e1k<\/strong> men\u00fcpontot bel\u00fcl <strong>\u00daj bizonylatot<\/strong> v\u00e1lasztva a <strong>Brutt\u00f3 egys\u00e9g\u00e1r<\/strong> megad\u00e1sa mez\u0151 jel\u00f6lt lesz, a term\u00e9ksorban az \u00e1rakat, brutt\u00f3 \u00e9rt\u00e9kk\u00e9nt fogja a program kezelni.<br \/>\n<img loading=\"lazy\" width=\"570\" height=\"325\" class=\"alignnone size-full wp-image-4276  aligncenter\" src=\"http:\/\/help.cobraszamlazoprogram.hu\/wp-content\/uploads\/2017\/10\/img_59df1651798c0.png\" alt=\"\" srcset=\"https:\/\/help.cobraszamlazoprogram.hu\/wp-content\/uploads\/2017\/10\/img_59df1651798c0.png 570w, https:\/\/help.cobraszamlazoprogram.hu\/wp-content\/uploads\/2017\/10\/img_59df1651798c0-300x171.png 300w, https:\/\/help.cobraszamlazoprogram.hu\/wp-content\/uploads\/2017\/10\/img_59df1651798c0-250x143.png 250w\" sizes=\"(max-width: 570px) 100vw, 570px\" \/><br \/>\nEz a be\u00e1ll\u00edt\u00e1s \u00e9rinti a Bek\u00e9r\u0151 leveleket is. ott is az el\u0151z\u0151ekben le\u00edrtakhoz hasonl\u00f3an az <strong>CobraLightAdmin<\/strong> fel\u00fcleten be\u00e1ll\u00edtott \u00e9rt\u00e9knek megfelel\u0151en lesz a Brutt\u00f3 egys\u00e9g\u00e1r megad\u00e1sa mez\u0151 jel\u00f6lt vagy jel\u00f6letlen, \u00e9s ennek megfelel\u0151en, a term\u00e9ksorban az \u00e1rakat, brutt\u00f3 vagy nett\u00f3 \u00e9rt\u00e9kk\u00e9nt fogja a program kezelni.<br \/>\n<strong>Jav\u00edt\u00e1s:<\/strong> A program a teljes\u00edt\u00e9s d\u00e1tum\u00e1t\u00f3l sz\u00e1molta a fizet\u00e9si hat\u00e1rid\u0151t nem pedig a sz\u00e1mla keltez\u00e9s\u00e9t\u0151l. Jelen verzi\u00f3t\u00f3l, ez a jelens\u00e9g programm\u00f3dos\u00edt\u00e1s hat\u00e1s\u00e1ra jav\u00edt\u00e1sra ker\u00fclt.<br \/>\n<strong>Jav\u00edt\u00e1s:<\/strong> A n\u00e9met nyelv\u0171 sz\u00e1ml\u00e1n a Megnevez\u00e9s \\ Benerkung el\u00edr\u00e1sra ker\u00fclt helyesen Bemerkung vagy Bezeichnung. Jelen verzi\u00f3t\u00f3l, ez a jelens\u00e9g programm\u00f3dos\u00edt\u00e1s hat\u00e1s\u00e1ra jav\u00edt\u00e1sra ker\u00fclt.<br \/>\n<strong>Jav\u00edt\u00e1s:<\/strong> Bizonyos felt\u00e9telek teljes\u00fcl\u00e9se mellett, probl\u00e9ma lehetett a deviz\u00e1s sz\u00e1mlak\u00e9pen az \u00e9rt\u00e9kek tizedes megjelen\u00edt\u00e9s\u00e9vel kapcsolatosan. T\u00e9tel nett\u00f3, \u00e1fa illetve \u00f6sszesen nett\u00f3 \u00e9s \u00e1fa \u00e9rt\u00e9kekn\u00e9l, amennyiben a tizedes \u00e9rt\u00e9k, 00 volt \u00fagy az (a 00 tizedes \u00e9rt\u00e9k) nyomtat\u00e1si k\u00e9pen \u00e9s nyomtat\u00e1sban nem jelent meg. Jelen verzi\u00f3t\u00f3l, ez a jelens\u00e9g programm\u00f3dos\u00edt\u00e1s hat\u00e1s\u00e1ra jav\u00edt\u00e1sra ker\u00fclt.<\/p>\n<p>&nbsp;<\/p>\n<p><strong>Jav\u00edt\u00e1s:<\/strong> Ad\u00f3hat\u00f3s\u00e1gi ellen\u0151rz\u00e9si adatszolg\u00e1ltat\u00e1sban az export\u00e1l\u00e1sra ker\u00fcl\u0151 XML f\u00e1jlban, ha a lek\u00e9rdez\u00e9s sz\u00e1mlasz\u00e1m intervallumra t\u00f6rt\u00e9nt, akkor a kezd\u0151 \u00e9s befejez\u0151 d\u00e1tumsorba az els\u0151 bizonylat d\u00e1tum\u00e1t \u00edrta be a program. Jelen verzi\u00f3t\u00f3l, program m\u00f3dos\u00edt\u00e1s hat\u00e1s\u00e1ra, az \u00e9rintett sorokba, az export\u00e1l\u00e1ssal \u00e9rintett id\u0151szak kezd\u0151 illetve z\u00e1r\u00f3 d\u00e1tuma ker\u00fcl.<\/p>\n<p><a href=\"http:\/\/help.cobraszamlazoprogram.hu\/index.php\/ccl-verziok\/\">Visszal\u00e9p\u00e9s a CCL verzi\u00f3k \u00e9s v\u00e1ltoz\u00e1s napl\u00f3k oldalra<\/a><\/p>\n","protected":false},"excerpt":{"rendered":"<p>T\u00c1J\u00c9KOZTAT\u00d3 A CobraLight V2017.4 VERZI\u00d3HOZ V\u00e1ltoz\u00e1sok a V2017.3 verzi\u00f3 kiad\u00e1sa ut\u00e1n CobraLight alkalmaz\u00e1s Sz\u00e1mlak\u00e9sz\u00edt\u00e9s Funkci\u00f3 m\u00f3dosul\u00e1s: F\u0151men\u00fc\/Sz\u00e1mlak\u00e9sz\u00edt\u00e9s\/Sz\u00e1ml\u00e1k\/El\u0151k\u00e9sz\u00edtett vagy V\u00e9gleges\u00edtett sz\u00e1ml\u00e1k men\u00fcpontban a term\u00e9k tall\u00f3z\u00f3 ablak szerkezete programm\u00f3dos\u00edt\u00e1s hat\u00e1s\u00e1ra megv\u00e1ltozott, b\u0151v\u00fclt. \u00daj oszlopk\u00e9nt beker\u00fclt term\u00e9kek meghat\u00e1rozott \u00e1rforma szerinti \u00c1ra. Az ablak als\u00f3 r\u00e9szben a sz\u0171r\u00e9si felt\u00e9telek b\u0151v\u00fcltek. \u00daj sz\u0171r\u00e9si felt\u00e9telk\u00e9nt megjelentek az al\u00e1bbi mez\u0151k: Deviza, \u00c1rforma, \u00c1rforma d\u00e1tum. Jav\u00edt\u00e1s: Sztorn\u00f3 bizonylat ki\u00e1ll\u00edt\u00e1sakor el\u0151fordulhatott, hogy a bizonylatot nem az el\u0151zetesen meghat\u00e1rozott p\u00e9ld\u00e1nysz\u00e1mban ker\u00fclt kinyomtat\u00e1sra, hanem csak egy [&hellip;]<\/p>\n","protected":false},"author":3,"featured_media":0,"parent":3557,"menu_order":3,"comment_status":"closed","ping_status":"closed","template":"","meta":[],"_links":{"self":[{"href":"https:\/\/help.cobraszamlazoprogram.hu\/index.php\/wp-json\/wp\/v2\/pages\/4273"}],"collection":[{"href":"https:\/\/help.cobraszamlazoprogram.hu\/index.php\/wp-json\/wp\/v2\/pages"}],"about":[{"href":"https:\/\/help.cobraszamlazoprogram.hu\/index.php\/wp-json\/wp\/v2\/types\/page"}],"author":[{"embeddable":true,"href":"https:\/\/help.cobraszamlazoprogram.hu\/index.php\/wp-json\/wp\/v2\/users\/3"}],"replies":[{"embeddable":true,"href":"https:\/\/help.cobraszamlazoprogram.hu\/index.php\/wp-json\/wp\/v2\/comments?post=4273"}],"version-history":[{"count":1,"href":"https:\/\/help.cobraszamlazoprogram.hu\/index.php\/wp-json\/wp\/v2\/pages\/4273\/revisions"}],"predecessor-version":[{"id":4277,"href":"https:\/\/help.cobraszamlazoprogram.hu\/index.php\/wp-json\/wp\/v2\/pages\/4273\/revisions\/4277"}],"up":[{"embeddable":true,"href":"https:\/\/help.cobraszamlazoprogram.hu\/index.php\/wp-json\/wp\/v2\/pages\/3557"}],"wp:attachment":[{"href":"https:\/\/help.cobraszamlazoprogram.hu\/index.php\/wp-json\/wp\/v2\/media?parent=4273"}],"curies":[{"name":"wp","href":"https:\/\/api.w.org\/{rel}","templated":true}]}}