{"id":4238,"date":"2017-10-11T09:04:51","date_gmt":"2017-10-11T09:04:51","guid":{"rendered":"http:\/\/help.cobraszamlazoprogram.hu\/?page_id=4238"},"modified":"2017-10-11T09:54:00","modified_gmt":"2017-10-11T09:54:00","slug":"v2017-2-2","status":"publish","type":"page","link":"https:\/\/help.cobraszamlazoprogram.hu\/index.php\/ccl-verziok\/v2017-2-2\/","title":{"rendered":"V2017.2"},"content":{"rendered":"<p><strong><br \/>\nT\u00c1J\u00c9KOZTAT\u00d3 A CobraContoLight V2017.2 VERZI\u00d3HOZ<\/strong><\/p>\n<p><strong>V\u00e1ltoz\u00e1sok a V2017.1 verzi\u00f3 kiad\u00e1sa ut\u00e1n<\/strong><\/p>\n<p><center>\u00c1ltal\u00e1nos inform\u00e1ci\u00f3k<\/center><strong>Adatb\u00e1zis friss\u00edt\u00e9s<\/strong><\/p>\n<p><img loading=\"lazy\" width=\"604\" height=\"329\" class=\"alignnone size-full wp-image-4240 aligncenter\" src=\"http:\/\/help.cobraszamlazoprogram.hu\/wp-content\/uploads\/2017\/10\/img_59dddd1739ce3.png\" alt=\"\" srcset=\"https:\/\/help.cobraszamlazoprogram.hu\/wp-content\/uploads\/2017\/10\/img_59dddd1739ce3.png 604w, https:\/\/help.cobraszamlazoprogram.hu\/wp-content\/uploads\/2017\/10\/img_59dddd1739ce3-300x163.png 300w, https:\/\/help.cobraszamlazoprogram.hu\/wp-content\/uploads\/2017\/10\/img_59dddd1739ce3-250x136.png 250w\" sizes=\"(max-width: 604px) 100vw, 604px\" \/><\/p>\n<p>A CobraContoLight 2017.2-es verzi\u00f3j\u00e1ban m\u00f3dosult az adatb\u00e1zis strukt\u00fara. Az els\u0151 ind\u00edt\u00e1s ut\u00e1n erre h\u00edvja fel a program a felhaszn\u00e1l\u00f3 figyelm\u00e9t.(El\u0151fordulhat, hogy a fellelt \u00e9rt\u00e9k az \u00d6n verzi\u00f3j\u00e1ban nem azonos a k\u00e9pen l\u00e1that\u00f3val, ez nem jelent probl\u00e9m\u00e1t.) Az automatikus friss\u00edt\u00e9s elv\u00e9gz\u00e9s\u00e9hez kattintson az Igen gombra.<br \/>\n<img loading=\"lazy\" width=\"309\" height=\"157\" class=\"alignnone size-full wp-image-4242 aligncenter\" src=\"http:\/\/help.cobraszamlazoprogram.hu\/wp-content\/uploads\/2017\/10\/img_59ddddbe95afe.png\" alt=\"\" srcset=\"https:\/\/help.cobraszamlazoprogram.hu\/wp-content\/uploads\/2017\/10\/img_59ddddbe95afe.png 309w, https:\/\/help.cobraszamlazoprogram.hu\/wp-content\/uploads\/2017\/10\/img_59ddddbe95afe-300x152.png 300w, https:\/\/help.cobraszamlazoprogram.hu\/wp-content\/uploads\/2017\/10\/img_59ddddbe95afe-250x127.png 250w\" sizes=\"(max-width: 309px) 100vw, 309px\" \/><br \/>\nSikeres adatb\u00e1zis friss\u00edt\u00e9s elv\u00e9gz\u00e9s\u00e9r\u0151l a program t\u00e1j\u00e9koztatja a felhaszn\u00e1l\u00f3t.<\/p>\n<ul>Adatb\u00e1zis ment\u00e9si funkci\u00f3<\/ul>\n<p>Mind a Cobra.Light, mind a Cobra.Light.Admin programba a Be\u00e1ll\u00edt\u00e1sok\/Adatb\u00e1zis ment\u00e9se men\u00fc-pontban az akt\u00edv adatb\u00e1zisr\u00f3l biztons\u00e1gi ment\u00e9s k\u00e9sz\u00edthet\u0151 a szerver alap\u00e9rtelmezett ment\u00e9si map-p\u00e1j\u00e1ba. A kliens eset\u00e9ben a funkci\u00f3 csak akkor enged\u00e9lyezett, ha Admin jogokkal is rendelkezik.<\/p>\n<p>Futtassa a Cobra.Light.Admin programot. V\u00e1lassz ki a megfelel\u0151 c\u00e9get, majd kattintson az OK gombra. A rendszergazda jelsz\u00f3 (amennyiben nem v\u00e1ltoztatt\u00e1k meg): cobra<br \/>\nV\u00e1lassza a Be\u00e1ll\u00edt\u00e1sok\/Adatb\u00e1zisok ment\u00e9se men\u00fcpontot! Az Ind\u00edt gomb hat\u00e1s\u00e1ra megt\u00f6rt\u00e9nt a ment\u00e9s.<br \/>\n<img loading=\"lazy\" width=\"604\" height=\"377\" class=\"alignnone size-full wp-image-4248 alignecnter aligncenter\" src=\"http:\/\/help.cobraszamlazoprogram.hu\/wp-content\/uploads\/2017\/10\/img_59dde54eb3402.png\" alt=\"\" srcset=\"https:\/\/help.cobraszamlazoprogram.hu\/wp-content\/uploads\/2017\/10\/img_59dde54eb3402.png 604w, https:\/\/help.cobraszamlazoprogram.hu\/wp-content\/uploads\/2017\/10\/img_59dde54eb3402-300x187.png 300w, https:\/\/help.cobraszamlazoprogram.hu\/wp-content\/uploads\/2017\/10\/img_59dde54eb3402-250x156.png 250w\" sizes=\"(max-width: 604px) 100vw, 604px\" \/><\/p>\n<p>A ment\u00e9s befejez\u00e9s\u00e9r\u0151l a program t\u00e1j\u00e9koztatja \u00d6nt. Bez\u00e1r\u00e1shoz kattintson az OK gombra!<br \/>\n<img loading=\"lazy\" width=\"255\" height=\"156\" class=\"alignnone size-full wp-image-4249 alignecnter aligncenter\" src=\"http:\/\/help.cobraszamlazoprogram.hu\/wp-content\/uploads\/2017\/10\/img_59dde557a87f0.png\" alt=\"\" srcset=\"https:\/\/help.cobraszamlazoprogram.hu\/wp-content\/uploads\/2017\/10\/img_59dde557a87f0.png 255w, https:\/\/help.cobraszamlazoprogram.hu\/wp-content\/uploads\/2017\/10\/img_59dde557a87f0-250x153.png 250w\" sizes=\"(max-width: 255px) 100vw, 255px\" \/><br \/>\n<strong>CobraContoLight telep\u00edt\u0151k\u00e9szlet m\u00f3dosult &#8211; Teamviewer ikon elhelyez\u00e9se az asztalon<\/strong><br \/>\nA Cobra.Light sz\u00e1ml\u00e1z\u00f3 program telep\u00edt\u0151je, telep\u00edt\u00e9s illetve friss\u00edt\u00e9s eset\u00e9n is felaj\u00e1nlja a Cobra Computer Kft. Teamviewer t\u00e1vfel\u00fcgyeleti programikonj\u00e1nak a felhaszn\u00e1l\u00f3 sz\u00e1m\u00edt\u00f3g\u00e9p\u00e9nek k\u00e9p-erny\u0151j\u00e9n t\u00f6rt\u00e9n\u0151 elhelyez\u00e9s\u00e9t, hogy Forr\u00f3dr\u00f3tos seg\u00edts\u00e9gny\u00fajt\u00e1s eset\u00e9n egyszer\u0171bb\u00e9 v\u00e1ljon a t\u00e1vkapcsolat l\u00e9trehoz\u00e1sa. Amennyiben a pip\u00e1t elt\u00e1vol\u00edtja a sor el\u0151l, \u00fagy az ikon nem ker\u00fcl elhelyez\u00e9sre.<br \/>\n<img loading=\"lazy\" width=\"513\" height=\"399\" class=\"alignnone size-full wp-image-4250 aligncenter\" src=\"http:\/\/help.cobraszamlazoprogram.hu\/wp-content\/uploads\/2017\/10\/img_59dde5a9d1a89.png\" alt=\"\" srcset=\"https:\/\/help.cobraszamlazoprogram.hu\/wp-content\/uploads\/2017\/10\/img_59dde5a9d1a89.png 513w, https:\/\/help.cobraszamlazoprogram.hu\/wp-content\/uploads\/2017\/10\/img_59dde5a9d1a89-300x233.png 300w, https:\/\/help.cobraszamlazoprogram.hu\/wp-content\/uploads\/2017\/10\/img_59dde5a9d1a89-250x194.png 250w\" sizes=\"(max-width: 513px) 100vw, 513px\" \/><br \/>\n<strong>CobraContoLight telep\u00edt\u0151k\u00e9szlet m\u00f3dosult \u2013 \u00daj telep\u00edt\u0151k\u00e9szletekben SP2-vel ell\u00e1tott MS SQL Server<\/strong><br \/>\nA Cobra.Light sz\u00e1ml\u00e1z\u00f3 programj\u00e1nak teljes k\u00f6r\u0171 telep\u00edt\u0151 k\u00e9szlete a MS SQL Server 2014 Express alap v\u00e1ltozat (RTM) helyett a MS SQL Server 2014 Express SP2 telep\u00edti. Ezen v\u00e1ltoz\u00e1s miatt, a felhaszn\u00e1l\u00f3knak semmilyen teend\u0151j\u00fck nincs. A megl\u00e9v\u0151 SQL szerver telep\u00edt\u00e9seket a friss\u00edt\u00e9s nem m\u00f3dos\u00edtja.<\/p>\n<p><center><span style=\"text-decoration: underline;\"><strong>Sz\u00e1mlak\u00e9sz\u00edt\u00e9s<\/strong><\/span><\/center><span style=\"text-decoration: underline;\"><strong>Magyar\/n\u00e9met k\u00e9tnyelv\u0171 sz\u00e1mla<\/strong><\/span><\/p>\n<p>B\u0151v\u00fclt a sz\u00e1ml\u00e1k nyelves\u00edt\u00e9s\u00e9nek lehet\u0151s\u00e9ge a programban. Jelen verzi\u00f3t\u00f3l a magyar\/angol mellett m\u00e1r a magyar\/n\u00e9met k\u00e9tnyelv\u0171 form\u00e1tum is el\u00e9rhet\u0151. Ehhez az sz\u00fcks\u00e9ges, hogy a vev\u0151 kommunik\u00e1ci\u00f3s nyelve angol vagy n\u00e9met legyen.<\/p>\n<p id=\"griEpLt\"><img loading=\"lazy\" width=\"545\" height=\"314\" class=\"alignnone size-full wp-image-4254 aligncenter\" src=\"http:\/\/help.cobraszamlazoprogram.hu\/wp-content\/uploads\/2017\/10\/img_59dde79277f57.png\" alt=\"\" srcset=\"https:\/\/help.cobraszamlazoprogram.hu\/wp-content\/uploads\/2017\/10\/img_59dde79277f57.png 545w, https:\/\/help.cobraszamlazoprogram.hu\/wp-content\/uploads\/2017\/10\/img_59dde79277f57-300x173.png 300w, https:\/\/help.cobraszamlazoprogram.hu\/wp-content\/uploads\/2017\/10\/img_59dde79277f57-250x144.png 250w\" sizes=\"(max-width: 545px) 100vw, 545px\" \/><\/p>\n<p id=\"UIERBgb\"><img loading=\"lazy\" width=\"469\" height=\"425\" class=\"alignnone size-full wp-image-4255 aligncenter\" src=\"http:\/\/help.cobraszamlazoprogram.hu\/wp-content\/uploads\/2017\/10\/img_59dde7a398e9c.png\" alt=\"\" srcset=\"https:\/\/help.cobraszamlazoprogram.hu\/wp-content\/uploads\/2017\/10\/img_59dde7a398e9c.png 469w, https:\/\/help.cobraszamlazoprogram.hu\/wp-content\/uploads\/2017\/10\/img_59dde7a398e9c-300x272.png 300w, https:\/\/help.cobraszamlazoprogram.hu\/wp-content\/uploads\/2017\/10\/img_59dde7a398e9c-250x227.png 250w\" sizes=\"(max-width: 469px) 100vw, 469px\" \/><\/p>\n<p>&nbsp;<\/p>\n<p><span style=\"text-decoration: underline;\"><strong>Alap\u00e9rtelmezett term\u00e9kazonos\u00edt\u00f3 megjelen\u00edt\u00e9s\u00e9nek enged\u00e9lyez\u00e9se a sz\u00e1ml\u00e1n<\/strong><\/span><br \/>\nM\u00f3dosult a program. Szab\u00e1lyozhat\u00f3v\u00e1 tett\u00fck, hogy az alap\u00e9rtelmezett term\u00e9k azonos\u00edt\u00f3 r\u00e1ker\u00fclj\u00f6n-e automatikusan a sz\u00e1ml\u00e1ra. Ezt a Be\u00e1ll\u00edt\u00e1sok\/M\u0171k\u00f6d\u00e9s\/Rendszer men\u00fcpont alatt a Sz\u00e1mla.Term\u00e9kazonos\u00edt\u00f3.Kit\u00f6lt\u00e9s bejegyz\u00e9s \u00e9rt\u00e9k\u00e9nek m\u00f3dos\u00edt\u00e1s\u00e1val lehet szab\u00e1lyozni.<br \/>\nLehets\u00e9ges \u00e9rt\u00e9kek: Term\u00e9k v\u00e1laszt\u00e1skor a sz\u00e1ml\u00e1ra \u00e1temel\u0151dj\u00f6n a term\u00e9k alap\u00e9rtelmezett term\u00e9kazonos\u00edt\u00f3ja (1) vagy maradjon kit\u00f6ltetlen\u00fcl a mez\u0151. (0).<\/p>\n<p id=\"dMaSrXe\"><img loading=\"lazy\" width=\"603\" height=\"328\" class=\"alignnone size-full wp-image-4256 aligncenter\" src=\"http:\/\/help.cobraszamlazoprogram.hu\/wp-content\/uploads\/2017\/10\/img_59dde7b5d1c9d.png\" alt=\"\" srcset=\"https:\/\/help.cobraszamlazoprogram.hu\/wp-content\/uploads\/2017\/10\/img_59dde7b5d1c9d.png 603w, https:\/\/help.cobraszamlazoprogram.hu\/wp-content\/uploads\/2017\/10\/img_59dde7b5d1c9d-300x163.png 300w, https:\/\/help.cobraszamlazoprogram.hu\/wp-content\/uploads\/2017\/10\/img_59dde7b5d1c9d-250x136.png 250w\" sizes=\"(max-width: 603px) 100vw, 603px\" \/><\/p>\n<p><strong>Figyelmeztet\u00e9s elt\u00e9r\u0151 deviza eset\u00e9n<\/strong><\/p>\n<p>A program figyelmeztet\u0151 \u00fczenetet k\u00fcld a k\u00e9perny\u0151re, amennyiben a Partnern\u00e9l be\u00e1ll\u00edtott deviza \u00e9s a Sz\u00e1mlat\u00f6mbn\u00e9l haszn\u00e1lt deviza nem azonos.<\/p>\n<p style=\"text-align: center;\"><span style=\"text-decoration: underline;\"><strong>Jav\u00edt\u00e1sok:<\/strong><\/span><\/p>\n<p><strong>Cobra.Light.Admin programban<\/strong><\/p>\n<p>\u00daj felhaszn\u00e1l\u00f3 felv\u00e9tele eset\u00e9n, miut\u00e1n kit\u00f6lt\u00f6tt\u00fck az al\u00e1bbi mez\u0151ket:<br \/>\nBejelentkez\u00e9si n\u00e9v, Teljes n\u00e9v, St\u00e1tusz \u00e9s Alap\u00e9rtelmezett adatt\u00e9r jogosults\u00e1g az OK gombra t\u00f6rt\u00e9n\u0151 kattint\u00e1s hat\u00e1s\u00e1ra a program hiba\u00fczenettel le\u00e1llt<\/p>\n<p>A programban nem haszn\u00e1lt funkci\u00f3terek szerepelnek, ezek elt\u00e1vol\u00edt\u00e1sra ker\u00fcltek.<\/p>\n<p><strong>Cobra.Light programban<\/strong><\/p>\n<p>Egys\u00e9g\u00e1r megjelen\u00edt\u00e9s probl\u00e9ma. Abban az esetben, ha az egys\u00e9g \u00e1r 0, -el kezd\u0151d\u00f6tt (deviz\u00e1s sz\u00e1mla), akkor a t\u00e9telsorn\u00e1l felvitt \u00f6sszeget a sz\u00e1ml\u00e1n, illetve a nyomtat\u00e1sban 0-a n\u00e9lk\u00fcl, azaz az eg\u00e9szr\u00e9sz n\u00e9lk\u00fcl jelen\u00edti meg, az egys\u00e9g\u00e1r ,-vel kezd\u0151d\u00f6tt.<\/p>\n<p>Ad\u00f3\u00e9vek\/Bizonylatsz\u00e1mok\/Sz\u00e1mjegyek sz\u00e1ma nem volt korl\u00e1tozott. Amennyiben az Ad\u00f3\u00e9vek\/Bizonylatsz\u00e1mok\/Sz\u00e1mjegyek sz\u00e1ma mez\u0151be nagyobb sz\u00e1mot \u00edrtunk be (pld.: 50) akkor a megfelel\u0151 sz\u00e1m\u00fa 0-val felt\u00f6lt\u00f6tte a form\u00e1tum mez\u0151t. Sz\u00e1ml\u00e1z\u00e1skor<br \/>\nviszont emiatt a bizonylat sorsz\u00e1m\u00e1nak hossza miatt a program hiba\u00fczenetet k\u00fcld\u00f6tt.<\/p>\n<p>Sz\u00e1ll\u00edt\u00f3i (Saj\u00e1t c\u00e9g) n\u00e9v kezel\u00e9si probl\u00e9m\u00e1ja. Amennyiben a T\u00f6rzsadatok\/C\u00e9g\/C\u00e9g adatokn\u00e1l mind a h\u00e1rom n\u00e9v adat defini\u00e1lva volt (R\u00f6vid, teljes, n\u00e9v a bizonylaton), a nyomtat\u00e1si k\u00e9pen megjelent a n\u00e9v a bizonylaton, de a kinyomtatott sz\u00e1ml\u00e1n a r\u00f6vid n\u00e9v nyomtat\u00f3dott.<\/p>\n<p>Deviz\u00e1s sz\u00e1mla eset\u00e9n, az \u00e1rfolyam v\u00e1ltoz\u00e1sa nem k\u00f6vette a teljes\u00edt\u00e9si d\u00e1tum v\u00e1ltoztat\u00e1s\u00e1t. T\u00f6rt\u00e9nt ez annak ellen\u00e9re, hogy az MNB \u00e1rfolyamok el\u0151z\u0151leg let\u00f6lt\u00e9sre ker\u00fcltek.<\/p>\n<p><a href=\"http:\/\/help.cobraszamlazoprogram.hu\/index.php\/ccl-verziok\/\">Visszal\u00e9p\u00e9s a CCL verzi\u00f3k \u00e9s v\u00e1ltoz\u00e1s napl\u00f3k oldalra<\/a><\/p>\n","protected":false},"excerpt":{"rendered":"<p>T\u00c1J\u00c9KOZTAT\u00d3 A CobraContoLight V2017.2 VERZI\u00d3HOZ V\u00e1ltoz\u00e1sok a V2017.1 verzi\u00f3 kiad\u00e1sa ut\u00e1n \u00c1ltal\u00e1nos inform\u00e1ci\u00f3kAdatb\u00e1zis friss\u00edt\u00e9s A CobraContoLight 2017.2-es verzi\u00f3j\u00e1ban m\u00f3dosult az adatb\u00e1zis strukt\u00fara. Az els\u0151 ind\u00edt\u00e1s ut\u00e1n erre h\u00edvja fel a program a felhaszn\u00e1l\u00f3 figyelm\u00e9t.(El\u0151fordulhat, hogy a fellelt \u00e9rt\u00e9k az \u00d6n verzi\u00f3j\u00e1ban nem azonos a k\u00e9pen l\u00e1that\u00f3val, ez nem jelent probl\u00e9m\u00e1t.) Az automatikus friss\u00edt\u00e9s elv\u00e9gz\u00e9s\u00e9hez kattintson az Igen gombra. Sikeres adatb\u00e1zis friss\u00edt\u00e9s elv\u00e9gz\u00e9s\u00e9r\u0151l a program t\u00e1j\u00e9koztatja a felhaszn\u00e1l\u00f3t. Adatb\u00e1zis ment\u00e9si funkci\u00f3 Mind a Cobra.Light, mind a [&hellip;]<\/p>\n","protected":false},"author":3,"featured_media":0,"parent":3557,"menu_order":1,"comment_status":"closed","ping_status":"closed","template":"","meta":[],"_links":{"self":[{"href":"https:\/\/help.cobraszamlazoprogram.hu\/index.php\/wp-json\/wp\/v2\/pages\/4238"}],"collection":[{"href":"https:\/\/help.cobraszamlazoprogram.hu\/index.php\/wp-json\/wp\/v2\/pages"}],"about":[{"href":"https:\/\/help.cobraszamlazoprogram.hu\/index.php\/wp-json\/wp\/v2\/types\/page"}],"author":[{"embeddable":true,"href":"https:\/\/help.cobraszamlazoprogram.hu\/index.php\/wp-json\/wp\/v2\/users\/3"}],"replies":[{"embeddable":true,"href":"https:\/\/help.cobraszamlazoprogram.hu\/index.php\/wp-json\/wp\/v2\/comments?post=4238"}],"version-history":[{"count":9,"href":"https:\/\/help.cobraszamlazoprogram.hu\/index.php\/wp-json\/wp\/v2\/pages\/4238\/revisions"}],"predecessor-version":[{"id":4260,"href":"https:\/\/help.cobraszamlazoprogram.hu\/index.php\/wp-json\/wp\/v2\/pages\/4238\/revisions\/4260"}],"up":[{"embeddable":true,"href":"https:\/\/help.cobraszamlazoprogram.hu\/index.php\/wp-json\/wp\/v2\/pages\/3557"}],"wp:attachment":[{"href":"https:\/\/help.cobraszamlazoprogram.hu\/index.php\/wp-json\/wp\/v2\/media?parent=4238"}],"curies":[{"name":"wp","href":"https:\/\/api.w.org\/{rel}","templated":true}]}}