{"id":4061,"date":"2017-03-30T13:05:39","date_gmt":"2017-03-30T13:05:39","guid":{"rendered":"http:\/\/help.cobraszamlazoprogram.hu\/?page_id=4061"},"modified":"2026-03-03T14:42:35","modified_gmt":"2026-03-03T14:42:35","slug":"frissites","status":"publish","type":"page","link":"https:\/\/help.cobraszamlazoprogram.hu\/index.php\/gyik\/frissites\/","title":{"rendered":"Friss\u00edt\u00e9s"},"content":{"rendered":"<p>Hogyan friss\u00edts\u00fcnk le\u00edr\u00e1s: <a href=\"http:\/\/help.cobraszamlazoprogram.hu\/wp-content\/uploads\/2017\/04\/CCL_verzio_frissitesi_leiras.pdf\">CCL_verzio_frissitesi_leiras<\/a><\/p>\n<p>Vide\u00f3:<\/p>\n<div style=\"width: 780px;\" class=\"wp-video\"><!--[if lt IE 9]><script>document.createElement('video');<\/script><![endif]-->\n<video class=\"wp-video-shortcode\" id=\"video-4061-1\" width=\"780\" height=\"585\" preload=\"metadata\" controls=\"controls\"><source type=\"video\/mp4\" src=\"http:\/\/help.cobraszamlazoprogram.hu\/wp-content\/uploads\/2017\/04\/Kliens_program_friss\u00edt\u00e9se.mp4?_=1\" \/><a href=\"http:\/\/help.cobraszamlazoprogram.hu\/wp-content\/uploads\/2017\/04\/Kliens_program_friss\u00edt\u00e9se.mp4\">http:\/\/help.cobraszamlazoprogram.hu\/wp-content\/uploads\/2017\/04\/Kliens_program_friss\u00edt\u00e9se.mp4<\/a><\/video><\/div>\n","protected":false},"excerpt":{"rendered":"<p>Hogyan friss\u00edts\u00fcnk le\u00edr\u00e1s: CCL_verzio_frissitesi_leiras Vide\u00f3:<\/p>\n","protected":false},"author":3,"featured_media":0,"parent":3953,"menu_order":1,"comment_status":"closed","ping_status":"closed","template":"","meta":[],"_links":{"self":[{"href":"https:\/\/help.cobraszamlazoprogram.hu\/index.php\/wp-json\/wp\/v2\/pages\/4061"}],"collection":[{"href":"https:\/\/help.cobraszamlazoprogram.hu\/index.php\/wp-json\/wp\/v2\/pages"}],"about":[{"href":"https:\/\/help.cobraszamlazoprogram.hu\/index.php\/wp-json\/wp\/v2\/types\/page"}],"author":[{"embeddable":true,"href":"https:\/\/help.cobraszamlazoprogram.hu\/index.php\/wp-json\/wp\/v2\/users\/3"}],"replies":[{"embeddable":true,"href":"https:\/\/help.cobraszamlazoprogram.hu\/index.php\/wp-json\/wp\/v2\/comments?post=4061"}],"version-history":[{"count":4,"href":"https:\/\/help.cobraszamlazoprogram.hu\/index.php\/wp-json\/wp\/v2\/pages\/4061\/revisions"}],"predecessor-version":[{"id":5392,"href":"https:\/\/help.cobraszamlazoprogram.hu\/index.php\/wp-json\/wp\/v2\/pages\/4061\/revisions\/5392"}],"up":[{"embeddable":true,"href":"https:\/\/help.cobraszamlazoprogram.hu\/index.php\/wp-json\/wp\/v2\/pages\/3953"}],"wp:attachment":[{"href":"https:\/\/help.cobraszamlazoprogram.hu\/index.php\/wp-json\/wp\/v2\/media?parent=4061"}],"curies":[{"name":"wp","href":"https:\/\/api.w.org\/{rel}","templated":true}]}}