{"id":3953,"date":"2017-03-07T13:40:33","date_gmt":"2017-03-07T13:40:33","guid":{"rendered":"http:\/\/help.cobraszamlazoprogram.hu\/?page_id=3953"},"modified":"2017-04-27T11:54:36","modified_gmt":"2017-04-27T11:54:36","slug":"gyik","status":"publish","type":"page","link":"https:\/\/help.cobraszamlazoprogram.hu\/index.php\/gyik\/","title":{"rendered":"GYIK"},"content":{"rendered":"<p><a href=\"http:\/\/help.cobraszamlazoprogram.hu\/index.php\/gyik\/felhasznaloi-kerdesek\/\">Felhaszn\u00e1l\u00f3i k\u00e9rd\u00e9sek<\/a><\/p>\n<p><a href=\"http:\/\/help.cobraszamlazoprogram.hu\/index.php\/gyik\/frissites\/\">Friss\u00edt\u00e9s<\/a><\/p>\n<p><a href=\"http:\/\/help.cobraszamlazoprogram.hu\/index.php\/gyik\/hibauzenetek\/\">Hiba\u00fczentek<\/a><\/p>\n<p><a href=\"http:\/\/help.cobraszamlazoprogram.hu\/index.php\/gyik\/licencek\/\">Licence kezel\u00e9s<\/a><\/p>\n","protected":false},"excerpt":{"rendered":"<p>Felhaszn\u00e1l\u00f3i k\u00e9rd\u00e9sek Friss\u00edt\u00e9s Hiba\u00fczentek Licence kezel\u00e9s<\/p>\n","protected":false},"author":3,"featured_media":0,"parent":0,"menu_order":0,"comment_status":"closed","ping_status":"closed","template":"","meta":[],"_links":{"self":[{"href":"https:\/\/help.cobraszamlazoprogram.hu\/index.php\/wp-json\/wp\/v2\/pages\/3953"}],"collection":[{"href":"https:\/\/help.cobraszamlazoprogram.hu\/index.php\/wp-json\/wp\/v2\/pages"}],"about":[{"href":"https:\/\/help.cobraszamlazoprogram.hu\/index.php\/wp-json\/wp\/v2\/types\/page"}],"author":[{"embeddable":true,"href":"https:\/\/help.cobraszamlazoprogram.hu\/index.php\/wp-json\/wp\/v2\/users\/3"}],"replies":[{"embeddable":true,"href":"https:\/\/help.cobraszamlazoprogram.hu\/index.php\/wp-json\/wp\/v2\/comments?post=3953"}],"version-history":[{"count":21,"href":"https:\/\/help.cobraszamlazoprogram.hu\/index.php\/wp-json\/wp\/v2\/pages\/3953\/revisions"}],"predecessor-version":[{"id":4188,"href":"https:\/\/help.cobraszamlazoprogram.hu\/index.php\/wp-json\/wp\/v2\/pages\/3953\/revisions\/4188"}],"wp:attachment":[{"href":"https:\/\/help.cobraszamlazoprogram.hu\/index.php\/wp-json\/wp\/v2\/media?parent=3953"}],"curies":[{"name":"wp","href":"https:\/\/api.w.org\/{rel}","templated":true}]}}