{"id":3939,"date":"2017-03-07T12:47:09","date_gmt":"2017-03-07T12:47:09","guid":{"rendered":"http:\/\/help.cobraszamlazoprogram.hu\/?page_id=3939"},"modified":"2024-01-05T10:21:36","modified_gmt":"2024-01-05T10:21:36","slug":"telepitok","status":"publish","type":"page","link":"https:\/\/help.cobraszamlazoprogram.hu\/index.php\/telepitok\/","title":{"rendered":"Telep\u00edt\u0151k"},"content":{"rendered":"<div class=\"pf-content\">\n<p>Figyelem, az al\u00e1bbi online telep\u00edt\u0151k mindig az el\u00e9rhet\u0151 legfrissebb verzi\u00f3t telep\u00edtik.<\/p>\n<table class=\" aligncenter\" border=\"0\" width=\"454\" cellpadding=\"0\">\n<tbody>\n<tr>\n<td>\n<table style=\"height: 34px;\" width=\"352\">\n<tbody>\n<tr>\n<td valign=\"center\" width=\"33%\"><strong>Telep\u00edt\u0151<\/strong><\/td>\n<td valign=\"center\" width=\"33%\"><strong>PDF dokument\u00e1ci\u00f3<\/strong><\/td>\n<td valign=\"center\" width=\"33%\"><strong>Vide\u00f3<\/strong><\/td>\n<\/tr>\n<\/tbody>\n<\/table>\n<\/td>\n<\/tr>\n<tr>\n<td align=\"top\"><strong>Kliens telep\u00edt\u0151\/friss\u00edt\u00e9s.<\/strong><\/p>\n<table>\n<tbody>\n<tr>\n<td><a href=\"https:\/\/ftp.cobra.hu\/install\/ccl\/ccl_client_hu_online_setup.exe\"><img loading=\"lazy\" class=\"aligncenter wp-image-3940\" src=\"http:\/\/help.cobraszamlazoprogram.hu\/wp-content\/uploads\/2017\/03\/Button-Download-01.png\" alt=\"Button-Download-01\" width=\"96\" height=\"96\" srcset=\"https:\/\/help.cobraszamlazoprogram.hu\/wp-content\/uploads\/2017\/03\/Button-Download-01.png 256w, https:\/\/help.cobraszamlazoprogram.hu\/wp-content\/uploads\/2017\/03\/Button-Download-01-150x150.png 150w, https:\/\/help.cobraszamlazoprogram.hu\/wp-content\/uploads\/2017\/03\/Button-Download-01-250x250.png 250w\" sizes=\"(max-width: 96px) 100vw, 96px\" \/><\/a><\/td>\n<td><a href=\"http:\/\/help.cobraszamlazoprogram.hu\/wp-content\/uploads\/2017\/04\/CCL_verzio_frissitesi_leiras.pdf\"><img loading=\"lazy\" class=\"size-full wp-image-4015 aligncenter\" src=\"http:\/\/help.cobraszamlazoprogram.hu\/wp-content\/uploads\/2017\/03\/pdf-e1444826690263.png\" alt=\"CobraContoLight friss\u00edt\u00e9si le\u00edr\u00e1s PDF\" width=\"96\" height=\"96\" \/><\/a><\/td>\n<td><a href=\"http:\/\/help.cobraszamlazoprogram.hu\/index.php\/bemutato-video-a-frissitesrol\/\"><img loading=\"lazy\" class=\"size-full wp-image-4086 aligncenter\" src=\"http:\/\/help.cobraszamlazoprogram.hu\/wp-content\/uploads\/2017\/04\/video_ikon.jpg\" alt=\"video_ikon\" width=\"96\" height=\"96\" \/><\/a><\/td>\n<\/tr>\n<\/tbody>\n<\/table>\n<\/td>\n<\/tr>\n<tr>\n<td><strong>Teljes telep\u00edt\u0151 + SQL Server<\/strong><\/p>\n<table>\n<tbody>\n<tr>\n<td><a href=\"https:\/\/ftp.cobra.hu\/install\/ccl\/ccl_full_hu_online_setup.exe\"><img loading=\"lazy\" class=\"alignleft wp-image-3940\" src=\"http:\/\/help.cobraszamlazoprogram.hu\/wp-content\/uploads\/2017\/03\/Button-Download-01.png\" alt=\"Button-Download-01\" width=\"96\" height=\"96\" srcset=\"https:\/\/help.cobraszamlazoprogram.hu\/wp-content\/uploads\/2017\/03\/Button-Download-01.png 256w, https:\/\/help.cobraszamlazoprogram.hu\/wp-content\/uploads\/2017\/03\/Button-Download-01-150x150.png 150w, https:\/\/help.cobraszamlazoprogram.hu\/wp-content\/uploads\/2017\/03\/Button-Download-01-250x250.png 250w\" sizes=\"(max-width: 96px) 100vw, 96px\" \/><\/a><\/td>\n<td><\/td>\n<td><\/td>\n<\/tr>\n<\/tbody>\n<\/table>\n<\/td>\n<\/tr>\n<tr>\n<td><strong>CobraSprint import program telep\u00edt\u0151k\u00e9szlet<\/strong><\/p>\n<table>\n<tbody>\n<tr>\n<td><a href=\"https:\/\/ftp.cobra.hu\/ccl\/csi_hu_online_setup.exe\"><img loading=\"lazy\" class=\"aligncenter wp-image-3940\" src=\"http:\/\/help.cobraszamlazoprogram.hu\/wp-content\/uploads\/2017\/03\/Button-Download-01.png\" alt=\"Button-Download-01\" width=\"96\" height=\"96\" srcset=\"https:\/\/help.cobraszamlazoprogram.hu\/wp-content\/uploads\/2017\/03\/Button-Download-01.png 256w, https:\/\/help.cobraszamlazoprogram.hu\/wp-content\/uploads\/2017\/03\/Button-Download-01-150x150.png 150w, https:\/\/help.cobraszamlazoprogram.hu\/wp-content\/uploads\/2017\/03\/Button-Download-01-250x250.png 250w\" sizes=\"(max-width: 96px) 100vw, 96px\" \/><\/a><\/td>\n<td><a href=\"http:\/\/help.cobraszamlazoprogram.hu\/wp-content\/uploads\/2017\/10\/Sprint_CCL_Import.pdf\"><img loading=\"lazy\" class=\"aligncenter wp-image-4015 size-full\" src=\"http:\/\/help.cobraszamlazoprogram.hu\/wp-content\/uploads\/2017\/03\/pdf-e1444826690263.png\" alt=\"CobraSprint import le\u00edr\u00e1s PDF\" width=\"96\" height=\"96\" \/><\/a><\/td>\n<\/tr>\n<\/tbody>\n<\/table>\n<\/td>\n<\/tr>\n<\/tbody>\n<\/table>\n<\/div>\n","protected":false},"excerpt":{"rendered":"<p>Figyelem, az al\u00e1bbi online telep\u00edt\u0151k mindig az el\u00e9rhet\u0151 legfrissebb verzi\u00f3t telep\u00edtik. Telep\u00edt\u0151 PDF dokument\u00e1ci\u00f3 Vide\u00f3 Kliens telep\u00edt\u0151\/friss\u00edt\u00e9s. Teljes telep\u00edt\u0151 + SQL Server CobraSprint import program telep\u00edt\u0151k\u00e9szlet<\/p>\n","protected":false},"author":3,"featured_media":0,"parent":0,"menu_order":0,"comment_status":"closed","ping_status":"closed","template":"","meta":[],"_links":{"self":[{"href":"https:\/\/help.cobraszamlazoprogram.hu\/index.php\/wp-json\/wp\/v2\/pages\/3939"}],"collection":[{"href":"https:\/\/help.cobraszamlazoprogram.hu\/index.php\/wp-json\/wp\/v2\/pages"}],"about":[{"href":"https:\/\/help.cobraszamlazoprogram.hu\/index.php\/wp-json\/wp\/v2\/types\/page"}],"author":[{"embeddable":true,"href":"https:\/\/help.cobraszamlazoprogram.hu\/index.php\/wp-json\/wp\/v2\/users\/3"}],"replies":[{"embeddable":true,"href":"https:\/\/help.cobraszamlazoprogram.hu\/index.php\/wp-json\/wp\/v2\/comments?post=3939"}],"version-history":[{"count":26,"href":"https:\/\/help.cobraszamlazoprogram.hu\/index.php\/wp-json\/wp\/v2\/pages\/3939\/revisions"}],"predecessor-version":[{"id":5229,"href":"https:\/\/help.cobraszamlazoprogram.hu\/index.php\/wp-json\/wp\/v2\/pages\/3939\/revisions\/5229"}],"wp:attachment":[{"href":"https:\/\/help.cobraszamlazoprogram.hu\/index.php\/wp-json\/wp\/v2\/media?parent=3939"}],"curies":[{"name":"wp","href":"https:\/\/api.w.org\/{rel}","templated":true}]}}