{"id":3555,"date":"2017-02-17T09:54:13","date_gmt":"2017-02-17T09:54:13","guid":{"rendered":"http:\/\/help.cobraszamlazoprogram.hu\/?page_id=3555"},"modified":"2017-03-06T09:36:47","modified_gmt":"2017-03-06T09:36:47","slug":"udv-indulunk","status":"publish","type":"page","link":"https:\/\/help.cobraszamlazoprogram.hu\/","title":{"rendered":"Seg\u00edthet\u00fcnk?"},"content":{"rendered":"<p>A\u00a0<strong>help.cobraszamlazoprogram.hu\u00a0port\u00e1l<\/strong> l\u00e9trehoz\u00e1s\u00e1nak c\u00e9lja felhaszn\u00e1l\u00f3ink \u00e9s a <strong>CobraContoLight<\/strong> rendszer ir\u00e1nt m\u00e9g csak \u00e9rdekl\u0151d\u0151 \u00fcgyfeleink ell\u00e1t\u00e1sa j\u00f3l szervezett, \u00e1ttekinthet\u0151 form\u00e1ban t\u00e1lalt inform\u00e1ci\u00f3kkal.<\/p>\n<p>B\u00e1tran haszn\u00e1lhat\u00f3 a <strong>fenti men\u00fcsor<\/strong>, vagy a bal oldalon folyamatosan l\u00e1that\u00f3 <strong>tartalomjegyz\u00e9k<\/strong>ben is b\u00f6ng\u00e9szhet\u00fcnk, de a jobb fels\u0151 <strong>keres\u0151<\/strong>\u00a0is hat\u00e9konyan seg\u00edti \u00d6nt megtal\u00e1lni a keresett inform\u00e1ci\u00f3t.<\/p>\n<p>\u00d6r\u00f6m\u00fcnkre szolg\u00e1l, ha az oldal seg\u00edts\u00e9g\u00e9vel k\u00e9rd\u00e9seire gyorsan megkapja a v\u00e1laszokat, ennek \u00e9rdek\u00e9ben a tartalmat a\u00a0<strong>CobraContoLight<\/strong> rendszer fejl\u0151d\u00e9s\u00e9vel p\u00e1rhuzamosan friss\u00edtj\u00fck, karbantartjuk.<\/p>\n<p>Ha javaslata, \u00e9szrev\u00e9tele van, bizalommal forduljon hozz\u00e1nk a <a href=\"mailto:conto@cobra.hu\">conto@cobra.hu<\/a> e-mail c\u00edmen, a Cobra Computer tan\u00e1csad\u00f3i k\u00e9szs\u00e9ggel v\u00e1laszolni fognak!<\/p>\n","protected":false},"excerpt":{"rendered":"<p>A\u00a0help.cobraszamlazoprogram.hu\u00a0port\u00e1l l\u00e9trehoz\u00e1s\u00e1nak c\u00e9lja felhaszn\u00e1l\u00f3ink \u00e9s a CobraContoLight rendszer ir\u00e1nt m\u00e9g csak \u00e9rdekl\u0151d\u0151 \u00fcgyfeleink ell\u00e1t\u00e1sa j\u00f3l szervezett, \u00e1ttekinthet\u0151 form\u00e1ban t\u00e1lalt inform\u00e1ci\u00f3kkal. B\u00e1tran haszn\u00e1lhat\u00f3 a fenti men\u00fcsor, vagy a bal oldalon folyamatosan l\u00e1that\u00f3 tartalomjegyz\u00e9kben is b\u00f6ng\u00e9szhet\u00fcnk, de a jobb fels\u0151 keres\u0151\u00a0is hat\u00e9konyan seg\u00edti \u00d6nt megtal\u00e1lni a keresett inform\u00e1ci\u00f3t. \u00d6r\u00f6m\u00fcnkre szolg\u00e1l, ha az oldal seg\u00edts\u00e9g\u00e9vel k\u00e9rd\u00e9seire gyorsan megkapja a v\u00e1laszokat, ennek \u00e9rdek\u00e9ben a tartalmat a\u00a0CobraContoLight rendszer fejl\u0151d\u00e9s\u00e9vel p\u00e1rhuzamosan friss\u00edtj\u00fck, karbantartjuk. Ha javaslata, \u00e9szrev\u00e9tele van, bizalommal forduljon hozz\u00e1nk a [&hellip;]<\/p>\n","protected":false},"author":1,"featured_media":0,"parent":0,"menu_order":0,"comment_status":"closed","ping_status":"closed","template":"","meta":[],"_links":{"self":[{"href":"https:\/\/help.cobraszamlazoprogram.hu\/index.php\/wp-json\/wp\/v2\/pages\/3555"}],"collection":[{"href":"https:\/\/help.cobraszamlazoprogram.hu\/index.php\/wp-json\/wp\/v2\/pages"}],"about":[{"href":"https:\/\/help.cobraszamlazoprogram.hu\/index.php\/wp-json\/wp\/v2\/types\/page"}],"author":[{"embeddable":true,"href":"https:\/\/help.cobraszamlazoprogram.hu\/index.php\/wp-json\/wp\/v2\/users\/1"}],"replies":[{"embeddable":true,"href":"https:\/\/help.cobraszamlazoprogram.hu\/index.php\/wp-json\/wp\/v2\/comments?post=3555"}],"version-history":[{"count":2,"href":"https:\/\/help.cobraszamlazoprogram.hu\/index.php\/wp-json\/wp\/v2\/pages\/3555\/revisions"}],"predecessor-version":[{"id":3575,"href":"https:\/\/help.cobraszamlazoprogram.hu\/index.php\/wp-json\/wp\/v2\/pages\/3555\/revisions\/3575"}],"wp:attachment":[{"href":"https:\/\/help.cobraszamlazoprogram.hu\/index.php\/wp-json\/wp\/v2\/media?parent=3555"}],"curies":[{"name":"wp","href":"https:\/\/api.w.org\/{rel}","templated":true}]}}