{"id":5106,"date":"2022-01-03T10:05:36","date_gmt":"2022-01-03T10:05:36","guid":{"rendered":"https:\/\/help.cobraszamlazoprogram.hu\/?page_id=5106"},"modified":"2026-01-06T10:23:32","modified_gmt":"2026-01-06T10:23:32","slug":"evnyitas","status":"publish","type":"page","link":"http:\/\/help.cobraszamlazoprogram.hu\/index.php\/evnyitas\/","title":{"rendered":"\u00c9vnyit\u00e1s"},"content":{"rendered":"\n<h4>\u00c9vnyit\u00e1s a CobraContoLight programban<\/h4>\n\n\n\n<p><\/p>\n\n\n\n<p>Els\u0151 l\u00e9p\u00e9sk\u00e9nt a <strong>T\u00f6rzsadatok \u2013 C\u00e9g \u2013 Ad\u00f3\u00e9vek<\/strong> ablakba l\u00e9pj\u00fcnk be:<\/p>\n\n\n\n<figure class=\"wp-block-image size-large\"><img loading=\"lazy\" width=\"226\" height=\"80\" src=\"https:\/\/help.cobraszamlazoprogram.hu\/wp-content\/uploads\/2026\/01\/image-16.png\" alt=\"\" class=\"wp-image-5291\"\/><\/figure>\n\n\n\n<figure class=\"wp-block-image size-large\"><img loading=\"lazy\" width=\"343\" height=\"347\" src=\"https:\/\/help.cobraszamlazoprogram.hu\/wp-content\/uploads\/2026\/01\/image-17.png\" alt=\"\" class=\"wp-image-5293\" srcset=\"http:\/\/help.cobraszamlazoprogram.hu\/wp-content\/uploads\/2026\/01\/image-17.png 343w, http:\/\/help.cobraszamlazoprogram.hu\/wp-content\/uploads\/2026\/01\/image-17-297x300.png 297w, http:\/\/help.cobraszamlazoprogram.hu\/wp-content\/uploads\/2026\/01\/image-17-247x250.png 247w\" sizes=\"(max-width: 343px) 100vw, 343px\" \/><\/figure>\n\n\n\n<figure class=\"wp-block-image size-large\"><img loading=\"lazy\" width=\"497\" height=\"359\" src=\"https:\/\/help.cobraszamlazoprogram.hu\/wp-content\/uploads\/2026\/01\/image-18.png\" alt=\"\" class=\"wp-image-5296\" srcset=\"http:\/\/help.cobraszamlazoprogram.hu\/wp-content\/uploads\/2026\/01\/image-18.png 497w, http:\/\/help.cobraszamlazoprogram.hu\/wp-content\/uploads\/2026\/01\/image-18-300x217.png 300w, http:\/\/help.cobraszamlazoprogram.hu\/wp-content\/uploads\/2026\/01\/image-18-250x181.png 250w\" sizes=\"(max-width: 497px) 100vw, 497px\" \/><\/figure>\n\n\n\n<p><strong>&#8220;\u00daj adat&#8221;<\/strong> lenyom\u00e1s\u00e1val a k\u00f6vetkez\u0151 k\u00e9perny\u0151re jutunk:<\/p>\n\n\n\n<figure class=\"wp-block-image size-large\"><img loading=\"lazy\" width=\"680\" height=\"408\" src=\"https:\/\/help.cobraszamlazoprogram.hu\/wp-content\/uploads\/2026\/01\/Kepernyokep-2026-01-05-150624.png\" alt=\"\" class=\"wp-image-5268\" srcset=\"http:\/\/help.cobraszamlazoprogram.hu\/wp-content\/uploads\/2026\/01\/Kepernyokep-2026-01-05-150624.png 680w, http:\/\/help.cobraszamlazoprogram.hu\/wp-content\/uploads\/2026\/01\/Kepernyokep-2026-01-05-150624-300x180.png 300w, http:\/\/help.cobraszamlazoprogram.hu\/wp-content\/uploads\/2026\/01\/Kepernyokep-2026-01-05-150624-250x150.png 250w\" sizes=\"(max-width: 680px) 100vw, 680px\" \/><\/figure>\n\n\n\n<p>Megnevez\u00e9sbe \u00edrjuk be az \u00faj ad\u00f3\u00e9v nev\u00e9t (pl. 2026-os ad\u00f3\u00e9v)<\/p>\n\n\n\n<p>\u00c9vsz\u00e1mhoz a k\u00f6vetkez\u0151 ad\u00f3\u00e9vet csak sz\u00e1mokkal (2026). Id\u0151szakhoz a p\u00e9ld\u00e1nkn\u00e1l maradva \u00edrjunk 2026. 01. 01-t\u0151l 2026. 12. 31.-ig tart\u00f3 id\u0151szakot.<br>El\u0151z\u0151 ad\u00f3\u00e9vet lenyitva, a 2025-\u00f6st kiv\u00e1lasztva az alatta l\u00e9v\u0151 <strong>Import<\/strong> gombra kattintva bet\u00f6lti a rendszer az el\u0151z\u0151 ad\u00f3\u00e9v Bizonylatsz\u00e1mok \u00e9s Referenciasz\u00e1mok be\u00e1ll\u00edt\u00e1sait (nem k\u00f6telez\u0151 az import futtat\u00e1sa de a kontinuit\u00e1s miatt aj\u00e1nlott).<\/p>\n\n\n\n<figure class=\"wp-block-image size-large\"><img loading=\"lazy\" width=\"264\" height=\"141\" src=\"https:\/\/help.cobraszamlazoprogram.hu\/wp-content\/uploads\/2026\/01\/Kepernyokep-2026-01-05-151127.png\" alt=\"\" class=\"wp-image-5270\" srcset=\"http:\/\/help.cobraszamlazoprogram.hu\/wp-content\/uploads\/2026\/01\/Kepernyokep-2026-01-05-151127.png 264w, http:\/\/help.cobraszamlazoprogram.hu\/wp-content\/uploads\/2026\/01\/Kepernyokep-2026-01-05-151127-250x134.png 250w\" sizes=\"(max-width: 264px) 100vw, 264px\" \/><\/figure>\n\n\n\n<p>K\u00e9szlet \u00e9rt\u00e9kel\u00e9si m\u00f3d kiv\u00e1laszt\u00e1sa (\u00e1tlag\u00e1r vagy FIFO).<\/p>\n\n\n\n<figure class=\"wp-block-image size-large\"><img loading=\"lazy\" width=\"683\" height=\"410\" src=\"https:\/\/help.cobraszamlazoprogram.hu\/wp-content\/uploads\/2026\/01\/image-19.png\" alt=\"\" class=\"wp-image-5298\" srcset=\"http:\/\/help.cobraszamlazoprogram.hu\/wp-content\/uploads\/2026\/01\/image-19.png 683w, http:\/\/help.cobraszamlazoprogram.hu\/wp-content\/uploads\/2026\/01\/image-19-300x180.png 300w, http:\/\/help.cobraszamlazoprogram.hu\/wp-content\/uploads\/2026\/01\/image-19-250x150.png 250w\" sizes=\"(max-width: 683px) 100vw, 683px\" \/><\/figure>\n\n\n\n<p><strong>&#8220;Ok&#8221;<\/strong> gomb megnyom\u00e1sa ut\u00e1n megjelenik az \u00faj ad\u00f3\u00e9v:<\/p>\n\n\n\n<figure class=\"wp-block-image size-large\"><img loading=\"lazy\" width=\"500\" height=\"363\" src=\"https:\/\/help.cobraszamlazoprogram.hu\/wp-content\/uploads\/2026\/01\/Kepernyokep-2026-01-05-151945.png\" alt=\"\" class=\"wp-image-5272\" srcset=\"http:\/\/help.cobraszamlazoprogram.hu\/wp-content\/uploads\/2026\/01\/Kepernyokep-2026-01-05-151945.png 500w, http:\/\/help.cobraszamlazoprogram.hu\/wp-content\/uploads\/2026\/01\/Kepernyokep-2026-01-05-151945-300x218.png 300w, http:\/\/help.cobraszamlazoprogram.hu\/wp-content\/uploads\/2026\/01\/Kepernyokep-2026-01-05-151945-250x182.png 250w\" sizes=\"(max-width: 500px) 100vw, 500px\" \/><\/figure>\n\n\n\n<h4>Sz\u00e1ml\u00e1z\u00e1s \u00e9vnyit\u00e1s<\/h4>\n\n\n\n<p>K\u00f6vetkez\u0151 l\u00e9p\u00e9s a <strong>F\u0151men\u00fc \u2013 Sz\u00e1mlak\u00e9sz\u00edt\u00e9s \u2013 Karbantart\u00e1s \u2013 Sz\u00e1mlat\u00f6mb\u00f6k<\/strong> ablak:<\/p>\n\n\n\n<figure class=\"wp-block-image size-large\"><img loading=\"lazy\" width=\"349\" height=\"448\" src=\"https:\/\/help.cobraszamlazoprogram.hu\/wp-content\/uploads\/2026\/01\/image.png\" alt=\"\" class=\"wp-image-5273\" srcset=\"http:\/\/help.cobraszamlazoprogram.hu\/wp-content\/uploads\/2026\/01\/image.png 349w, http:\/\/help.cobraszamlazoprogram.hu\/wp-content\/uploads\/2026\/01\/image-234x300.png 234w, http:\/\/help.cobraszamlazoprogram.hu\/wp-content\/uploads\/2026\/01\/image-195x250.png 195w\" sizes=\"(max-width: 349px) 100vw, 349px\" \/><\/figure>\n\n\n\n<p>Az adott sz\u00e1mlat\u00f6mb\u00f6t kiv\u00e1lasztva a <strong>&#8220;Megnyit\u00e1s&#8221;<\/strong> gombra kattintsunk.<\/p>\n\n\n\n<figure class=\"wp-block-image size-large\"><img loading=\"lazy\" width=\"497\" height=\"566\" src=\"https:\/\/help.cobraszamlazoprogram.hu\/wp-content\/uploads\/2026\/01\/image-1.png\" alt=\"\" class=\"wp-image-5274\" srcset=\"http:\/\/help.cobraszamlazoprogram.hu\/wp-content\/uploads\/2026\/01\/image-1.png 497w, http:\/\/help.cobraszamlazoprogram.hu\/wp-content\/uploads\/2026\/01\/image-1-263x300.png 263w, http:\/\/help.cobraszamlazoprogram.hu\/wp-content\/uploads\/2026\/01\/image-1-220x250.png 220w\" sizes=\"(max-width: 497px) 100vw, 497px\" \/><\/figure>\n\n\n\n<p>A bizonylatt\u00f6mb\u00f6kn\u00e9l az <strong>&#8220;\u00daj adat&#8221;<\/strong> gombra kattintsunk:<\/p>\n\n\n\n<figure class=\"wp-block-image size-large\"><img loading=\"lazy\" width=\"688\" height=\"464\" src=\"https:\/\/help.cobraszamlazoprogram.hu\/wp-content\/uploads\/2026\/01\/image-4.png\" alt=\"\" class=\"wp-image-5278\" srcset=\"http:\/\/help.cobraszamlazoprogram.hu\/wp-content\/uploads\/2026\/01\/image-4.png 688w, http:\/\/help.cobraszamlazoprogram.hu\/wp-content\/uploads\/2026\/01\/image-4-300x202.png 300w, http:\/\/help.cobraszamlazoprogram.hu\/wp-content\/uploads\/2026\/01\/image-4-250x169.png 250w\" sizes=\"(max-width: 688px) 100vw, 688px\" \/><\/figure>\n\n\n\n<p>Majd az ad\u00f3\u00e9vekn\u00e9l tall\u00f3zzuk be a 2026-ost \u00e9s az El\u0151tagn\u00e1l \u00edrjuk be a nek\u00fcnk tetsz\u0151legest (p\u00e9ld\u00e1nkban &#8220;N&#8221;).  Itt rendelhet\u00fcnk hozz\u00e1 a bizonylatt\u00f6mbh\u00f6z <strong>Fejl\u00e9c<\/strong> \u00e9s <strong>L\u00e1bl\u00e9c<\/strong> megjegyz\u00e9st.<\/p>\n\n\n\n<figure class=\"wp-block-image size-large\"><img loading=\"lazy\" width=\"1024\" height=\"284\" src=\"https:\/\/help.cobraszamlazoprogram.hu\/wp-content\/uploads\/2026\/01\/image-3-1024x284.png\" alt=\"\" class=\"wp-image-5276\" srcset=\"http:\/\/help.cobraszamlazoprogram.hu\/wp-content\/uploads\/2026\/01\/image-3-1024x284.png 1024w, http:\/\/help.cobraszamlazoprogram.hu\/wp-content\/uploads\/2026\/01\/image-3-300x83.png 300w, http:\/\/help.cobraszamlazoprogram.hu\/wp-content\/uploads\/2026\/01\/image-3-768x213.png 768w, http:\/\/help.cobraszamlazoprogram.hu\/wp-content\/uploads\/2026\/01\/image-3-250x69.png 250w, http:\/\/help.cobraszamlazoprogram.hu\/wp-content\/uploads\/2026\/01\/image-3.png 1038w\" sizes=\"(max-width: 1024px) 100vw, 1024px\" \/><\/figure>\n\n\n\n<p><strong>&#8220;Ok&#8221;<\/strong> gomb megnyom\u00e1sa ut\u00e1n a k\u00f6vetkez\u0151 k\u00e9perny\u0151t kapjuk:<\/p>\n\n\n\n<figure class=\"wp-block-image size-large\"><img loading=\"lazy\" width=\"687\" height=\"463\" src=\"https:\/\/help.cobraszamlazoprogram.hu\/wp-content\/uploads\/2026\/01\/Kepernyokep-2026-01-05-153253.png\" alt=\"\" class=\"wp-image-5277\" srcset=\"http:\/\/help.cobraszamlazoprogram.hu\/wp-content\/uploads\/2026\/01\/Kepernyokep-2026-01-05-153253.png 687w, http:\/\/help.cobraszamlazoprogram.hu\/wp-content\/uploads\/2026\/01\/Kepernyokep-2026-01-05-153253-300x202.png 300w, http:\/\/help.cobraszamlazoprogram.hu\/wp-content\/uploads\/2026\/01\/Kepernyokep-2026-01-05-153253-250x168.png 250w\" sizes=\"(max-width: 687px) 100vw, 687px\" \/><\/figure>\n\n\n\n<p>Amelyik sz\u00e1mla\u00e1llom\u00e1nyt szeretn\u00e9nk majd haszn\u00e1lni az \u00faj ad\u00f3\u00e9vben ott mindegyikn\u00e9l meg kell ism\u00e9telni az ad\u00f3\u00e9v hozz\u00e1rendel\u00e9st a bizonylatt\u00f6mb\u00f6kn\u00e9l a fenti m\u00f3don.<\/p>\n\n\n\n<h4>Bek\u00e9r\u0151lev\u00e9l \u00e1llom\u00e1ny \u00e9vnyit\u00e1s<\/h4>\n\n\n\n<p>K\u00f6vetkez\u0151 l\u00e9p\u00e9s a <strong>F\u0151men\u00fc \u2013 Sz\u00e1mlak\u00e9sz\u00edt\u00e9s \u2013 Karbantart\u00e1s \u2013 Bek\u00e9r\u0151lev\u00e9l \u00e1llom\u00e1nyok<\/strong> ablak:<\/p>\n\n\n\n<figure class=\"wp-block-image size-large\"><img loading=\"lazy\" width=\"350\" height=\"448\" src=\"https:\/\/help.cobraszamlazoprogram.hu\/wp-content\/uploads\/2026\/01\/image-5.png\" alt=\"\" class=\"wp-image-5279\" srcset=\"http:\/\/help.cobraszamlazoprogram.hu\/wp-content\/uploads\/2026\/01\/image-5.png 350w, http:\/\/help.cobraszamlazoprogram.hu\/wp-content\/uploads\/2026\/01\/image-5-234x300.png 234w, http:\/\/help.cobraszamlazoprogram.hu\/wp-content\/uploads\/2026\/01\/image-5-195x250.png 195w\" sizes=\"(max-width: 350px) 100vw, 350px\" \/><\/figure>\n\n\n\n<p>Adott bek\u00e9r\u0151lev\u00e9l \u00e1llom\u00e1nyt kiv\u00e1lasztva a <strong>&#8220;Megnyit\u00e1s&#8221;<\/strong> gombra kattintsunk:<\/p>\n\n\n\n<figure class=\"wp-block-image size-large\"><img loading=\"lazy\" width=\"499\" height=\"567\" src=\"https:\/\/help.cobraszamlazoprogram.hu\/wp-content\/uploads\/2026\/01\/image-6.png\" alt=\"\" class=\"wp-image-5280\" srcset=\"http:\/\/help.cobraszamlazoprogram.hu\/wp-content\/uploads\/2026\/01\/image-6.png 499w, http:\/\/help.cobraszamlazoprogram.hu\/wp-content\/uploads\/2026\/01\/image-6-264x300.png 264w, http:\/\/help.cobraszamlazoprogram.hu\/wp-content\/uploads\/2026\/01\/image-6-220x250.png 220w\" sizes=\"(max-width: 499px) 100vw, 499px\" \/><\/figure>\n\n\n\n<p>A bizonylatt\u00f6mb\u00f6kn\u00e9l az <strong>&#8220;\u00daj adat&#8221;<\/strong> gombra kattintsunk:<\/p>\n\n\n\n<figure class=\"wp-block-image size-large\"><img loading=\"lazy\" width=\"693\" height=\"465\" src=\"https:\/\/help.cobraszamlazoprogram.hu\/wp-content\/uploads\/2026\/01\/image-7.png\" alt=\"\" class=\"wp-image-5281\" srcset=\"http:\/\/help.cobraszamlazoprogram.hu\/wp-content\/uploads\/2026\/01\/image-7.png 693w, http:\/\/help.cobraszamlazoprogram.hu\/wp-content\/uploads\/2026\/01\/image-7-300x201.png 300w, http:\/\/help.cobraszamlazoprogram.hu\/wp-content\/uploads\/2026\/01\/image-7-250x168.png 250w\" sizes=\"(max-width: 693px) 100vw, 693px\" \/><\/figure>\n\n\n\n<p>Majd az ad\u00f3\u00e9vekn\u00e9l tall\u00f3zzuk be a 2026-ost \u00e9s az El\u0151tagn\u00e1l \u00edrjuk be a nek\u00fcnk tetsz\u0151legest (p\u00e9ld\u00e1nkban &#8220;EB&#8221;). Itt rendelhet\u00fcnk hozz\u00e1 a bek\u00e9r\u0151lev\u00e9lhez <strong>Fejl\u00e9c<\/strong> \u00e9s <strong>L\u00e1bl\u00e9c<\/strong> <strong>megjegyz\u00e9st<\/strong>.<\/p>\n\n\n\n<figure class=\"wp-block-image size-large\"><img loading=\"lazy\" width=\"1024\" height=\"284\" src=\"https:\/\/help.cobraszamlazoprogram.hu\/wp-content\/uploads\/2026\/01\/image-8-1024x284.png\" alt=\"\" class=\"wp-image-5282\" srcset=\"http:\/\/help.cobraszamlazoprogram.hu\/wp-content\/uploads\/2026\/01\/image-8-1024x284.png 1024w, http:\/\/help.cobraszamlazoprogram.hu\/wp-content\/uploads\/2026\/01\/image-8-300x83.png 300w, http:\/\/help.cobraszamlazoprogram.hu\/wp-content\/uploads\/2026\/01\/image-8-768x213.png 768w, http:\/\/help.cobraszamlazoprogram.hu\/wp-content\/uploads\/2026\/01\/image-8-250x69.png 250w, http:\/\/help.cobraszamlazoprogram.hu\/wp-content\/uploads\/2026\/01\/image-8.png 1034w\" sizes=\"(max-width: 1024px) 100vw, 1024px\" \/><\/figure>\n\n\n\n<p><strong>&#8220;Ok&#8221;<\/strong> gomb megnyom\u00e1sa ut\u00e1n a k\u00f6vetkez\u0151 k\u00e9perny\u0151t kapjuk:<\/p>\n\n\n\n<figure class=\"wp-block-image size-large\"><img loading=\"lazy\" width=\"691\" height=\"465\" src=\"https:\/\/help.cobraszamlazoprogram.hu\/wp-content\/uploads\/2026\/01\/image-9.png\" alt=\"\" class=\"wp-image-5283\" srcset=\"http:\/\/help.cobraszamlazoprogram.hu\/wp-content\/uploads\/2026\/01\/image-9.png 691w, http:\/\/help.cobraszamlazoprogram.hu\/wp-content\/uploads\/2026\/01\/image-9-300x202.png 300w, http:\/\/help.cobraszamlazoprogram.hu\/wp-content\/uploads\/2026\/01\/image-9-250x168.png 250w\" sizes=\"(max-width: 691px) 100vw, 691px\" \/><\/figure>\n\n\n\n<p>Amelyik bek\u00e9r\u0151\u00e1llom\u00e1nyt szeretn\u00e9nk majd haszn\u00e1lni az \u00faj ad\u00f3\u00e9vben ott mindegyikn\u00e9l meg kell ism\u00e9telni az ad\u00f3\u00e9v hozz\u00e1rendel\u00e9st a bizonylatt\u00f6mb\u00f6kn\u00e9l a fenti m\u00f3don.<\/p>\n\n\n\n<h4>K\u00e9szletkezl\u00e9s \u00e9vnyit\u00e1s<\/h4>\n\n\n\n<p>L\u00e9pj\u00fcnk a <strong>F\u0151men\u00fc \u2013 K\u00e9szletkezel\u00e9s \u2013 Karbantart\u00e1s \u2013 Rakt\u00e1rak<\/strong> ablakba:<\/p>\n\n\n\n<figure class=\"wp-block-image size-large\"><img loading=\"lazy\" width=\"350\" height=\"544\" src=\"https:\/\/help.cobraszamlazoprogram.hu\/wp-content\/uploads\/2026\/01\/image-10.png\" alt=\"\" class=\"wp-image-5284\" srcset=\"http:\/\/help.cobraszamlazoprogram.hu\/wp-content\/uploads\/2026\/01\/image-10.png 350w, http:\/\/help.cobraszamlazoprogram.hu\/wp-content\/uploads\/2026\/01\/image-10-193x300.png 193w, http:\/\/help.cobraszamlazoprogram.hu\/wp-content\/uploads\/2026\/01\/image-10-161x250.png 161w\" sizes=\"(max-width: 350px) 100vw, 350px\" \/><\/figure>\n\n\n\n<figure class=\"wp-block-image size-large\"><img loading=\"lazy\" width=\"631\" height=\"390\" src=\"https:\/\/help.cobraszamlazoprogram.hu\/wp-content\/uploads\/2026\/01\/image-11.png\" alt=\"\" class=\"wp-image-5285\" srcset=\"http:\/\/help.cobraszamlazoprogram.hu\/wp-content\/uploads\/2026\/01\/image-11.png 631w, http:\/\/help.cobraszamlazoprogram.hu\/wp-content\/uploads\/2026\/01\/image-11-300x185.png 300w, http:\/\/help.cobraszamlazoprogram.hu\/wp-content\/uploads\/2026\/01\/image-11-250x155.png 250w\" sizes=\"(max-width: 631px) 100vw, 631px\" \/><\/figure>\n\n\n\n<p>Adott rakt\u00e1r kiv\u00e1laszt\u00e1sa \u00e9s a Megnyit\u00e1s gomb lenyom\u00e1sa ut\u00e1n, a Bizonylatt\u00f6mb\u00f6k\u00f6n bel\u00fcl az \u00faj adat lenyom\u00e1sa ut\u00e1n, a megny\u00edl\u00f3 Bizonylat\u00f6mbben tudjuk az Ad\u00f3\u00e9vben kijel\u00f6lni az \u00faj ad\u00f3\u00e9vet:<\/p>\n\n\n\n<figure class=\"wp-block-image size-large\"><img loading=\"lazy\" width=\"461\" height=\"535\" src=\"https:\/\/help.cobraszamlazoprogram.hu\/wp-content\/uploads\/2026\/01\/image-12.png\" alt=\"\" class=\"wp-image-5286\" srcset=\"http:\/\/help.cobraszamlazoprogram.hu\/wp-content\/uploads\/2026\/01\/image-12.png 461w, http:\/\/help.cobraszamlazoprogram.hu\/wp-content\/uploads\/2026\/01\/image-12-259x300.png 259w, http:\/\/help.cobraszamlazoprogram.hu\/wp-content\/uploads\/2026\/01\/image-12-215x250.png 215w\" sizes=\"(max-width: 461px) 100vw, 461px\" \/><\/figure>\n\n\n\n<figure class=\"wp-block-image size-large\"><img loading=\"lazy\" width=\"481\" height=\"514\" src=\"https:\/\/help.cobraszamlazoprogram.hu\/wp-content\/uploads\/2026\/01\/image-13.png\" alt=\"\" class=\"wp-image-5287\" srcset=\"http:\/\/help.cobraszamlazoprogram.hu\/wp-content\/uploads\/2026\/01\/image-13.png 481w, http:\/\/help.cobraszamlazoprogram.hu\/wp-content\/uploads\/2026\/01\/image-13-281x300.png 281w, http:\/\/help.cobraszamlazoprogram.hu\/wp-content\/uploads\/2026\/01\/image-13-234x250.png 234w\" sizes=\"(max-width: 481px) 100vw, 481px\" \/><\/figure>\n\n\n\n<p>A k\u00edv\u00e1nt \u00e1llom\u00e1nyjelek megad\u00e1sa ut\u00e1n az <strong>&#8220;Ok&#8221;<\/strong> gomb lenyom\u00e1sa ut\u00e1n a k\u00f6vetkez\u0151 k\u00e9perny\u0151t kapjuk:<\/p>\n\n\n\n<figure class=\"wp-block-image size-large\"><img loading=\"lazy\" width=\"460\" height=\"536\" src=\"https:\/\/help.cobraszamlazoprogram.hu\/wp-content\/uploads\/2026\/01\/image-14.png\" alt=\"\" class=\"wp-image-5288\" srcset=\"http:\/\/help.cobraszamlazoprogram.hu\/wp-content\/uploads\/2026\/01\/image-14.png 460w, http:\/\/help.cobraszamlazoprogram.hu\/wp-content\/uploads\/2026\/01\/image-14-257x300.png 257w, http:\/\/help.cobraszamlazoprogram.hu\/wp-content\/uploads\/2026\/01\/image-14-215x250.png 215w\" sizes=\"(max-width: 460px) 100vw, 460px\" \/><\/figure>\n\n\n\n<p>Az <strong>&#8220;Ok&#8221;<\/strong> gomb lenyom\u00e1s\u00e1val k\u00e9szen is \u00e1ll programunk a k\u00f6vetkez\u0151 ad\u00f3\u00e9vre.<\/p>\n\n\n\n<p>Legk\u00f6zelebbi bel\u00e9p\u00e9sn\u00e9l a program k\u00e9rdezni fogja melyik ad\u00f3\u00e9vben szeretn\u00e9nk dolgozni!<\/p>\n\n\n\n<figure class=\"wp-block-image size-large\"><img loading=\"lazy\" width=\"496\" height=\"359\" src=\"https:\/\/help.cobraszamlazoprogram.hu\/wp-content\/uploads\/2026\/01\/image-15.png\" alt=\"\" class=\"wp-image-5289\" srcset=\"http:\/\/help.cobraszamlazoprogram.hu\/wp-content\/uploads\/2026\/01\/image-15.png 496w, http:\/\/help.cobraszamlazoprogram.hu\/wp-content\/uploads\/2026\/01\/image-15-300x217.png 300w, http:\/\/help.cobraszamlazoprogram.hu\/wp-content\/uploads\/2026\/01\/image-15-250x181.png 250w\" sizes=\"(max-width: 496px) 100vw, 496px\" \/><\/figure>\n","protected":false},"excerpt":{"rendered":"<p>\u00c9vnyit\u00e1s a CobraContoLight programban Els\u0151 l\u00e9p\u00e9sk\u00e9nt a T\u00f6rzsadatok \u2013 C\u00e9g \u2013 Ad\u00f3\u00e9vek ablakba l\u00e9pj\u00fcnk be: &#8220;\u00daj adat&#8221; lenyom\u00e1s\u00e1val a k\u00f6vetkez\u0151 k\u00e9perny\u0151re jutunk: Megnevez\u00e9sbe \u00edrjuk be az \u00faj ad\u00f3\u00e9v nev\u00e9t (pl. 2026-os ad\u00f3\u00e9v) \u00c9vsz\u00e1mhoz a k\u00f6vetkez\u0151 ad\u00f3\u00e9vet csak sz\u00e1mokkal (2026). Id\u0151szakhoz a p\u00e9ld\u00e1nkn\u00e1l maradva \u00edrjunk 2026. 01. 01-t\u0151l 2026. 12. 31.-ig tart\u00f3 id\u0151szakot.El\u0151z\u0151 ad\u00f3\u00e9vet lenyitva, a 2025-\u00f6st kiv\u00e1lasztva az alatta l\u00e9v\u0151 Import gombra kattintva bet\u00f6lti a rendszer az el\u0151z\u0151 ad\u00f3\u00e9v Bizonylatsz\u00e1mok \u00e9s Referenciasz\u00e1mok be\u00e1ll\u00edt\u00e1sait (nem k\u00f6telez\u0151 [&hellip;]<\/p>\n","protected":false},"author":3,"featured_media":0,"parent":0,"menu_order":0,"comment_status":"closed","ping_status":"closed","template":"","meta":[],"_links":{"self":[{"href":"http:\/\/help.cobraszamlazoprogram.hu\/index.php\/wp-json\/wp\/v2\/pages\/5106"}],"collection":[{"href":"http:\/\/help.cobraszamlazoprogram.hu\/index.php\/wp-json\/wp\/v2\/pages"}],"about":[{"href":"http:\/\/help.cobraszamlazoprogram.hu\/index.php\/wp-json\/wp\/v2\/types\/page"}],"author":[{"embeddable":true,"href":"http:\/\/help.cobraszamlazoprogram.hu\/index.php\/wp-json\/wp\/v2\/users\/3"}],"replies":[{"embeddable":true,"href":"http:\/\/help.cobraszamlazoprogram.hu\/index.php\/wp-json\/wp\/v2\/comments?post=5106"}],"version-history":[{"count":8,"href":"http:\/\/help.cobraszamlazoprogram.hu\/index.php\/wp-json\/wp\/v2\/pages\/5106\/revisions"}],"predecessor-version":[{"id":5301,"href":"http:\/\/help.cobraszamlazoprogram.hu\/index.php\/wp-json\/wp\/v2\/pages\/5106\/revisions\/5301"}],"wp:attachment":[{"href":"http:\/\/help.cobraszamlazoprogram.hu\/index.php\/wp-json\/wp\/v2\/media?parent=5106"}],"curies":[{"name":"wp","href":"https:\/\/api.w.org\/{rel}","templated":true}]}}