{"id":5083,"date":"2021-05-31T14:27:06","date_gmt":"2021-05-31T14:27:06","guid":{"rendered":"http:\/\/help.cobraszamlazoprogram.hu\/?page_id=5083"},"modified":"2021-06-07T07:42:01","modified_gmt":"2021-06-07T07:42:01","slug":"v2021-3","status":"publish","type":"page","link":"http:\/\/help.cobraszamlazoprogram.hu\/index.php\/v2021-3\/","title":{"rendered":"v2021.3"},"content":{"rendered":"\n<h4>Sz\u00e1mla\u00edr\u00e1s hibajav\u00edt\u00e1s<\/h4>\n\n\n\n<p>A program nem figyelmeztetett \u00fcres vagy 0-\u00e1s mennyis\u00e9ggel r\u00f6gz\u00edtett sz\u00e1mlat\u00e9telsorok eset\u00e9n:<\/p>\n\n\n\n<figure class=\"wp-block-image size-large\"><img loading=\"lazy\" width=\"1024\" height=\"183\" src=\"http:\/\/help.cobraszamlazoprogram.hu\/wp-content\/uploads\/2021\/05\/image-8-1024x183.png\" alt=\"\" class=\"wp-image-5084\" srcset=\"http:\/\/help.cobraszamlazoprogram.hu\/wp-content\/uploads\/2021\/05\/image-8-1024x183.png 1024w, http:\/\/help.cobraszamlazoprogram.hu\/wp-content\/uploads\/2021\/05\/image-8-300x54.png 300w, http:\/\/help.cobraszamlazoprogram.hu\/wp-content\/uploads\/2021\/05\/image-8-768x137.png 768w, http:\/\/help.cobraszamlazoprogram.hu\/wp-content\/uploads\/2021\/05\/image-8-250x45.png 250w, http:\/\/help.cobraszamlazoprogram.hu\/wp-content\/uploads\/2021\/05\/image-8.png 1169w\" sizes=\"(max-width: 1024px) 100vw, 1024px\" \/><\/figure>\n\n\n\n<p>Mostant\u00f3l ilyen hi\u00e1nyoss\u00e1g eset\u00e9n a sz\u00e1mla v\u00e9gleges\u00edt\u00e9se sor\u00e1n hiba\u00fczenettel figyelmeztet:<\/p>\n\n\n\n<div class=\"wp-block-image\"><figure class=\"aligncenter size-large\"><img loading=\"lazy\" width=\"306\" height=\"165\" src=\"http:\/\/help.cobraszamlazoprogram.hu\/wp-content\/uploads\/2021\/05\/image-9.png\" alt=\"\" class=\"wp-image-5085\" srcset=\"http:\/\/help.cobraszamlazoprogram.hu\/wp-content\/uploads\/2021\/05\/image-9.png 306w, http:\/\/help.cobraszamlazoprogram.hu\/wp-content\/uploads\/2021\/05\/image-9-300x162.png 300w, http:\/\/help.cobraszamlazoprogram.hu\/wp-content\/uploads\/2021\/05\/image-9-250x135.png 250w\" sizes=\"(max-width: 306px) 100vw, 306px\" \/><\/figure><\/div>\n\n\n\n<h4>Csatolm\u00e1nyok hozz\u00e1ad\u00e1s\u00e1nak lehet\u0151s\u00e9ge<\/h4>\n\n\n\n<p>A 2021.3-as verzi\u00f3ban megjelent a bizonylatokhoz (sz\u00e1mla, sz\u00e1ll\u00edt\u00f3lev\u00e9l, rakt\u00e1ri mozg\u00e1sok) \u00e9s a partner adatlaphoz r\u00f6gz\u00edthet\u0151, menthet\u0151 csatolm\u00e1nyok kezel\u00e9se. A csatolt dokumentumok a program adatb\u00e1zis\u00e1ba ker\u00fclnek ment\u00e9sre, <a href=\"http:\/\/help.cobraszamlazoprogram.hu\/index.php\/2021\/02\/17\/tavnyomtatas\/#Csatolmanyok_kezelese\" data-type=\"URL\" data-id=\"http:\/\/help.cobraszamlazoprogram.hu\/index.php\/2021\/02\/17\/tavnyomtatas\/#Csatolmanyok_kezelese\" target=\"_blank\" rel=\"noreferrer noopener\"><strong>t\u00e1vnyomtathat\u00f3k<\/strong><\/a>, k\u00e9s\u0151bb b\u00e1rmikor megnyithat\u00f3k, vagy lementhet\u0151k tov\u00e1bbi felhaszn\u00e1l\u00e1sra. Felhaszn\u00e1l\u00e1si lehet\u0151s\u00e9gek pl.:<\/p>\n\n\n\n<ul><li>bev\u00e9telez\u00e9s alapj\u00e1ul szolg\u00e1l\u00f3 sz\u00e1llt\u00f3i sz\u00e1mla r\u00f6gz\u00edt\u00e9se<\/li><li>szerz\u0151d\u00e9s, m\u0171szaki dokument\u00e1ci\u00f3, \u00e1rkalkul\u00e1ci\u00f3s, stb csatol\u00e1sa sz\u00e1ml\u00e1hoz<\/li><\/ul>\n\n\n\n<p>A csatol\u00e1s l\u00e9p\u00e9sei:<\/p>\n\n\n\n<ol><li>V\u00e1ltsunk a Csatolm\u00e1nyok f\u00fclre:<\/li><\/ol>\n\n\n\n<figure class=\"wp-block-image size-large\"><img loading=\"lazy\" width=\"1024\" height=\"563\" src=\"http:\/\/help.cobraszamlazoprogram.hu\/wp-content\/uploads\/2021\/05\/image-10-1024x563.png\" alt=\"\" class=\"wp-image-5086\" srcset=\"http:\/\/help.cobraszamlazoprogram.hu\/wp-content\/uploads\/2021\/05\/image-10-1024x563.png 1024w, http:\/\/help.cobraszamlazoprogram.hu\/wp-content\/uploads\/2021\/05\/image-10-300x165.png 300w, http:\/\/help.cobraszamlazoprogram.hu\/wp-content\/uploads\/2021\/05\/image-10-768x422.png 768w, http:\/\/help.cobraszamlazoprogram.hu\/wp-content\/uploads\/2021\/05\/image-10-250x138.png 250w, http:\/\/help.cobraszamlazoprogram.hu\/wp-content\/uploads\/2021\/05\/image-10.png 1169w\" sizes=\"(max-width: 1024px) 100vw, 1024px\" \/><\/figure>\n\n\n\n<ol start=\"2\"><li>Nyomjuk meg a [<strong>Hozz\u00e1ad\u00e1s<\/strong>] gombot \u00e9s a megjelen\u0151 F\u00e1jl tall\u00f3z\u00f3 ablakban v\u00e1lassszuk ki a csatoland\u00f3 dokumentumot, majd nyomjuk meg a [<strong>Megnyit\u00e1s<\/strong>] gombot:<\/li><\/ol>\n\n\n\n<figure class=\"wp-block-image size-large\"><img loading=\"lazy\" width=\"1024\" height=\"596\" src=\"http:\/\/help.cobraszamlazoprogram.hu\/wp-content\/uploads\/2021\/05\/image-4-1024x596.png\" alt=\"\" class=\"wp-image-5076\" srcset=\"http:\/\/help.cobraszamlazoprogram.hu\/wp-content\/uploads\/2021\/05\/image-4-1024x596.png 1024w, http:\/\/help.cobraszamlazoprogram.hu\/wp-content\/uploads\/2021\/05\/image-4-300x175.png 300w, http:\/\/help.cobraszamlazoprogram.hu\/wp-content\/uploads\/2021\/05\/image-4-768x447.png 768w, http:\/\/help.cobraszamlazoprogram.hu\/wp-content\/uploads\/2021\/05\/image-4-250x146.png 250w, http:\/\/help.cobraszamlazoprogram.hu\/wp-content\/uploads\/2021\/05\/image-4.png 1312w\" sizes=\"(max-width: 1024px) 100vw, 1024px\" \/><\/figure>\n\n\n\n<ol start=\"3\"><li>A dokumentum csatol\u00e1sra ker\u00fclt, mely a bizonylat ment\u00e9s\u00e9vel beker\u00fcl az adatb\u00e1zisba:<\/li><\/ol>\n\n\n\n<figure class=\"wp-block-image size-large\"><img loading=\"lazy\" width=\"1024\" height=\"80\" src=\"http:\/\/help.cobraszamlazoprogram.hu\/wp-content\/uploads\/2021\/05\/image-11-1024x80.png\" alt=\"\" class=\"wp-image-5087\" srcset=\"http:\/\/help.cobraszamlazoprogram.hu\/wp-content\/uploads\/2021\/05\/image-11-1024x80.png 1024w, http:\/\/help.cobraszamlazoprogram.hu\/wp-content\/uploads\/2021\/05\/image-11-300x23.png 300w, http:\/\/help.cobraszamlazoprogram.hu\/wp-content\/uploads\/2021\/05\/image-11-768x60.png 768w, http:\/\/help.cobraszamlazoprogram.hu\/wp-content\/uploads\/2021\/05\/image-11-250x20.png 250w, http:\/\/help.cobraszamlazoprogram.hu\/wp-content\/uploads\/2021\/05\/image-11.png 1165w\" sizes=\"(max-width: 1024px) 100vw, 1024px\" \/><\/figure>\n\n\n\n<ol start=\"4\"><li>K\u00e9s\u0151bb a bizonylatot megnyitva a csatolm\u00e1nyokat kezelhetj\u00fck:<\/li><\/ol>\n\n\n\n<figure class=\"wp-block-image size-large\"><img loading=\"lazy\" width=\"1024\" height=\"349\" src=\"http:\/\/help.cobraszamlazoprogram.hu\/wp-content\/uploads\/2021\/05\/image-12-1024x349.png\" alt=\"\" class=\"wp-image-5088\" srcset=\"http:\/\/help.cobraszamlazoprogram.hu\/wp-content\/uploads\/2021\/05\/image-12-1024x349.png 1024w, http:\/\/help.cobraszamlazoprogram.hu\/wp-content\/uploads\/2021\/05\/image-12-300x102.png 300w, http:\/\/help.cobraszamlazoprogram.hu\/wp-content\/uploads\/2021\/05\/image-12-768x262.png 768w, http:\/\/help.cobraszamlazoprogram.hu\/wp-content\/uploads\/2021\/05\/image-12-250x85.png 250w, http:\/\/help.cobraszamlazoprogram.hu\/wp-content\/uploads\/2021\/05\/image-12.png 1165w\" sizes=\"(max-width: 1024px) 100vw, 1024px\" \/><\/figure>\n\n\n\n<p>A t\u00e1vnyomtat\u00e1s funkci\u00f3 ezzel egy\u00fctt k\u00e9pes a csatolt dokumentumok tov\u00e1bb\u00edt\u00e1s\u00e1ra a vev\u0151 fel\u00e9, r\u00e9szletes le\u00edr\u00e1st a kezel\u00e9sr\u0151l itt adunk: <a rel=\"noreferrer noopener\" href=\"http:\/\/help.cobraszamlazoprogram.hu\/index.php\/2021\/02\/17\/tavnyomtatas\/#Csatolmanyok_kezelese\" target=\"_blank\">http:\/\/help.cobraszamlazoprogram.hu\/index.php\/2021\/02\/17\/tavnyomtatas\/#Csatolmanyok_kezelese<\/a><\/p>\n","protected":false},"excerpt":{"rendered":"<p>Sz\u00e1mla\u00edr\u00e1s hibajav\u00edt\u00e1s A program nem figyelmeztetett \u00fcres vagy 0-\u00e1s mennyis\u00e9ggel r\u00f6gz\u00edtett sz\u00e1mlat\u00e9telsorok eset\u00e9n: Mostant\u00f3l ilyen hi\u00e1nyoss\u00e1g eset\u00e9n a sz\u00e1mla v\u00e9gleges\u00edt\u00e9se sor\u00e1n hiba\u00fczenettel figyelmeztet: Csatolm\u00e1nyok hozz\u00e1ad\u00e1s\u00e1nak lehet\u0151s\u00e9ge A 2021.3-as verzi\u00f3ban megjelent a bizonylatokhoz (sz\u00e1mla, sz\u00e1ll\u00edt\u00f3lev\u00e9l, rakt\u00e1ri mozg\u00e1sok) \u00e9s a partner adatlaphoz r\u00f6gz\u00edthet\u0151, menthet\u0151 csatolm\u00e1nyok kezel\u00e9se. A csatolt dokumentumok a program adatb\u00e1zis\u00e1ba ker\u00fclnek ment\u00e9sre, t\u00e1vnyomtathat\u00f3k, k\u00e9s\u0151bb b\u00e1rmikor megnyithat\u00f3k, vagy lementhet\u0151k tov\u00e1bbi felhaszn\u00e1l\u00e1sra. Felhaszn\u00e1l\u00e1si lehet\u0151s\u00e9gek pl.: bev\u00e9telez\u00e9s alapj\u00e1ul szolg\u00e1l\u00f3 sz\u00e1llt\u00f3i sz\u00e1mla r\u00f6gz\u00edt\u00e9se szerz\u0151d\u00e9s, m\u0171szaki dokument\u00e1ci\u00f3, \u00e1rkalkul\u00e1ci\u00f3s, stb csatol\u00e1sa [&hellip;]<\/p>\n","protected":false},"author":1,"featured_media":0,"parent":0,"menu_order":0,"comment_status":"closed","ping_status":"closed","template":"","meta":[],"_links":{"self":[{"href":"http:\/\/help.cobraszamlazoprogram.hu\/index.php\/wp-json\/wp\/v2\/pages\/5083"}],"collection":[{"href":"http:\/\/help.cobraszamlazoprogram.hu\/index.php\/wp-json\/wp\/v2\/pages"}],"about":[{"href":"http:\/\/help.cobraszamlazoprogram.hu\/index.php\/wp-json\/wp\/v2\/types\/page"}],"author":[{"embeddable":true,"href":"http:\/\/help.cobraszamlazoprogram.hu\/index.php\/wp-json\/wp\/v2\/users\/1"}],"replies":[{"embeddable":true,"href":"http:\/\/help.cobraszamlazoprogram.hu\/index.php\/wp-json\/wp\/v2\/comments?post=5083"}],"version-history":[{"count":2,"href":"http:\/\/help.cobraszamlazoprogram.hu\/index.php\/wp-json\/wp\/v2\/pages\/5083\/revisions"}],"predecessor-version":[{"id":5090,"href":"http:\/\/help.cobraszamlazoprogram.hu\/index.php\/wp-json\/wp\/v2\/pages\/5083\/revisions\/5090"}],"wp:attachment":[{"href":"http:\/\/help.cobraszamlazoprogram.hu\/index.php\/wp-json\/wp\/v2\/media?parent=5083"}],"curies":[{"name":"wp","href":"https:\/\/api.w.org\/{rel}","templated":true}]}}