{"id":5050,"date":"2021-03-25T08:46:18","date_gmt":"2021-03-25T08:46:18","guid":{"rendered":"http:\/\/help.cobraszamlazoprogram.hu\/?page_id=5050"},"modified":"2021-03-25T11:22:52","modified_gmt":"2021-03-25T11:22:52","slug":"v2021-2","status":"publish","type":"page","link":"http:\/\/help.cobraszamlazoprogram.hu\/index.php\/v2021-2\/","title":{"rendered":"v2021.2"},"content":{"rendered":"<p>Online Sz\u00e1mla rendszer felad\u00e1s jav\u00edt\u00e1s:<\/p>\n<ul>\n<li>Az Online Sz\u00e1mla Rendszer INCORRECT_LINE_DATA_UOM figyelmeztet\u00e9st adott a sz\u00e1ml\u00e1kra, mivel az XML-ben akkor is szerepelt \u201cunitOfMeasureOwn\u201d tag, ha a \u201cunitOfMeasure\u201d \u00e9rt\u00e9ke nem OWN volt. Jav\u00edtva.<\/li>\n<\/ul>\n<p>&nbsp;<\/p>\n<p>Funkci\u00f3b\u0171v\u00fcl\u00e9s:<\/p>\n<ul>\n<li>A t\u00e1vmunka elterjed\u00e9s\u00e9vel egyre t\u00f6bben dolgoznak VPN-en, gyakrabban megszakad\u00f3 h\u00e1l\u00f3zati kapcsolattal a programmal. A v\u00e1ratlan h\u00e1l\u00f3zati kapcsolat szakad\u00e1sok \u00e1ltal okozott \u00f6sszeoml\u00e1sokat kiv\u00e9dend\u0151 mostant\u00f3l a CobraConto.Light alap\u00e9rtelmezetten\u00a08 m\u00e1sodperc id\u0151k\u00f6zzel, 3-szor pr\u00f3b\u00e1lkozik egy lebomlott h\u00e1l\u00f3zati kapcsolatot \u00fajra\u00e9p\u00edteni. Az alap\u00e9rtelmezett \u00e9rt\u00e9kek adatb\u00e1zisonk\u00e9nt fel\u00fclb\u00edr\u00e1lhat\u00f3ak:\n<p id=\"oxzMHvm\"><img loading=\"lazy\" width=\"406\" height=\"496\" class=\"size-full wp-image-5054 aligncenter\" src=\"http:\/\/help.cobraszamlazoprogram.hu\/wp-content\/uploads\/2021\/03\/img_605c4f4ab5833.png\" alt=\"\" srcset=\"http:\/\/help.cobraszamlazoprogram.hu\/wp-content\/uploads\/2021\/03\/img_605c4f4ab5833.png 406w, http:\/\/help.cobraszamlazoprogram.hu\/wp-content\/uploads\/2021\/03\/img_605c4f4ab5833-246x300.png 246w, http:\/\/help.cobraszamlazoprogram.hu\/wp-content\/uploads\/2021\/03\/img_605c4f4ab5833-205x250.png 205w\" sizes=\"(max-width: 406px) 100vw, 406px\" \/><\/p>\n<\/li>\n<\/ul>\n","protected":false},"excerpt":{"rendered":"<p>Online Sz\u00e1mla rendszer felad\u00e1s jav\u00edt\u00e1s: Az Online Sz\u00e1mla Rendszer INCORRECT_LINE_DATA_UOM figyelmeztet\u00e9st adott a sz\u00e1ml\u00e1kra, mivel az XML-ben akkor is szerepelt \u201cunitOfMeasureOwn\u201d tag, ha a \u201cunitOfMeasure\u201d \u00e9rt\u00e9ke nem OWN volt. Jav\u00edtva. &nbsp; Funkci\u00f3b\u0171v\u00fcl\u00e9s: A t\u00e1vmunka elterjed\u00e9s\u00e9vel egyre t\u00f6bben dolgoznak VPN-en, gyakrabban megszakad\u00f3 h\u00e1l\u00f3zati kapcsolattal a programmal. A v\u00e1ratlan h\u00e1l\u00f3zati kapcsolat szakad\u00e1sok \u00e1ltal okozott \u00f6sszeoml\u00e1sokat kiv\u00e9dend\u0151 mostant\u00f3l a CobraConto.Light alap\u00e9rtelmezetten\u00a08 m\u00e1sodperc id\u0151k\u00f6zzel, 3-szor pr\u00f3b\u00e1lkozik egy lebomlott h\u00e1l\u00f3zati kapcsolatot \u00fajra\u00e9p\u00edteni. Az alap\u00e9rtelmezett \u00e9rt\u00e9kek adatb\u00e1zisonk\u00e9nt fel\u00fclb\u00edr\u00e1lhat\u00f3ak:<\/p>\n","protected":false},"author":1,"featured_media":0,"parent":0,"menu_order":0,"comment_status":"closed","ping_status":"closed","template":"","meta":[],"_links":{"self":[{"href":"http:\/\/help.cobraszamlazoprogram.hu\/index.php\/wp-json\/wp\/v2\/pages\/5050"}],"collection":[{"href":"http:\/\/help.cobraszamlazoprogram.hu\/index.php\/wp-json\/wp\/v2\/pages"}],"about":[{"href":"http:\/\/help.cobraszamlazoprogram.hu\/index.php\/wp-json\/wp\/v2\/types\/page"}],"author":[{"embeddable":true,"href":"http:\/\/help.cobraszamlazoprogram.hu\/index.php\/wp-json\/wp\/v2\/users\/1"}],"replies":[{"embeddable":true,"href":"http:\/\/help.cobraszamlazoprogram.hu\/index.php\/wp-json\/wp\/v2\/comments?post=5050"}],"version-history":[{"count":4,"href":"http:\/\/help.cobraszamlazoprogram.hu\/index.php\/wp-json\/wp\/v2\/pages\/5050\/revisions"}],"predecessor-version":[{"id":5058,"href":"http:\/\/help.cobraszamlazoprogram.hu\/index.php\/wp-json\/wp\/v2\/pages\/5050\/revisions\/5058"}],"wp:attachment":[{"href":"http:\/\/help.cobraszamlazoprogram.hu\/index.php\/wp-json\/wp\/v2\/media?parent=5050"}],"curies":[{"name":"wp","href":"https:\/\/api.w.org\/{rel}","templated":true}]}}