{"id":4859,"date":"2020-04-08T08:18:19","date_gmt":"2020-04-08T08:18:19","guid":{"rendered":"http:\/\/help.cobraszamlazoprogram.hu\/?page_id=4859"},"modified":"2020-04-08T08:28:32","modified_gmt":"2020-04-08T08:28:32","slug":"v2020-1-2","status":"publish","type":"page","link":"http:\/\/help.cobraszamlazoprogram.hu\/index.php\/v2020-1-2\/","title":{"rendered":"v2020.1.2"},"content":{"rendered":"<p>A verzi\u00f3ban <a href=\"http:\/\/help.cobraszamlazoprogram.hu\/index.php\/nav-online\/\">NAV Online Sz\u00e1mla Rendszerhez kapcsol\u00f3d\u00f3a<\/a>n t\u00f6bb optimaliz\u00e1ci\u00f3 t\u00f6rt\u00e9nt. Telep\u00edt\u00e9se javasolt.<\/p>\n<p>Aki kor\u00e1bban nem friss\u00edtett \u00e9s m\u00e9g 2019-es verzi\u00f3t haszn\u00e1l, mindenk\u00e9ppen olvassa \u00e1t <a href=\"http:\/\/help.cobraszamlazoprogram.hu\/index.php\/ccl-verziok\/v2020-1\/\"><strong>a\u00a0v2020.1.1 verzi\u00f3hoz tartoz\u00f3 v\u00e1ltoz\u00e1snapl\u00f3<\/strong>t<\/a>!<\/p>\n<div id=\"gtx-trans\" style=\"position: absolute; left: 389px; top: 30.9858px;\"><\/div>\n","protected":false},"excerpt":{"rendered":"<p>A verzi\u00f3ban NAV Online Sz\u00e1mla Rendszerhez kapcsol\u00f3d\u00f3an t\u00f6bb optimaliz\u00e1ci\u00f3 t\u00f6rt\u00e9nt. Telep\u00edt\u00e9se javasolt. Aki kor\u00e1bban nem friss\u00edtett \u00e9s m\u00e9g 2019-es verzi\u00f3t haszn\u00e1l, mindenk\u00e9ppen olvassa \u00e1t a\u00a0v2020.1.1 verzi\u00f3hoz tartoz\u00f3 v\u00e1ltoz\u00e1snapl\u00f3t!<\/p>\n","protected":false},"author":3,"featured_media":0,"parent":0,"menu_order":0,"comment_status":"closed","ping_status":"closed","template":"","meta":[],"_links":{"self":[{"href":"http:\/\/help.cobraszamlazoprogram.hu\/index.php\/wp-json\/wp\/v2\/pages\/4859"}],"collection":[{"href":"http:\/\/help.cobraszamlazoprogram.hu\/index.php\/wp-json\/wp\/v2\/pages"}],"about":[{"href":"http:\/\/help.cobraszamlazoprogram.hu\/index.php\/wp-json\/wp\/v2\/types\/page"}],"author":[{"embeddable":true,"href":"http:\/\/help.cobraszamlazoprogram.hu\/index.php\/wp-json\/wp\/v2\/users\/3"}],"replies":[{"embeddable":true,"href":"http:\/\/help.cobraszamlazoprogram.hu\/index.php\/wp-json\/wp\/v2\/comments?post=4859"}],"version-history":[{"count":3,"href":"http:\/\/help.cobraszamlazoprogram.hu\/index.php\/wp-json\/wp\/v2\/pages\/4859\/revisions"}],"predecessor-version":[{"id":4861,"href":"http:\/\/help.cobraszamlazoprogram.hu\/index.php\/wp-json\/wp\/v2\/pages\/4859\/revisions\/4861"}],"wp:attachment":[{"href":"http:\/\/help.cobraszamlazoprogram.hu\/index.php\/wp-json\/wp\/v2\/media?parent=4859"}],"curies":[{"name":"wp","href":"https:\/\/api.w.org\/{rel}","templated":true}]}}