{"id":4710,"date":"2018-08-17T12:54:53","date_gmt":"2018-08-17T12:54:53","guid":{"rendered":"http:\/\/help.cobraszamlazoprogram.hu\/?page_id=4710"},"modified":"2018-08-17T12:54:53","modified_gmt":"2018-08-17T12:54:53","slug":"v2018-3","status":"publish","type":"page","link":"http:\/\/help.cobraszamlazoprogram.hu\/index.php\/ccl-verziok\/v2018-3\/","title":{"rendered":"v2018.3"},"content":{"rendered":"<p class=\"western\" align=\"justify\"><span style=\"color: #000000;\"><b>Sz\u00e1mlak\u00e9sz\u00edt\u00e9s<\/b><\/span><\/p>\n<p class=\"western\" align=\"justify\"><span style=\"color: #000000;\"><span style=\"font-size: small;\"><b>Funkci\u00f3m\u00f3dosul\u00e1s: <\/b><\/span><\/span><span style=\"color: #000000;\"><span style=\"font-size: small;\">Amennyiben nem volt \u00e9l\u0151 kapcsolat a NAV-al (internethi\u00e1ny vagy egy\u00e9b ok miatt) de be volt \u00e1ll\u00edtva, az Online Sz\u00e1mla Rendszer automatikus \u00fctemez\u00e9se (Sz\u00e1mla felad\u00e1s \u00e9s Sz\u00e1mla lek\u00e9rdez\u00e9s) el\u0151fordulhatott, hogy a program a rendszeres pr\u00f3b\u00e1lkoz\u00e1s miatt t\u00f6bb megabite m\u00e9ret\u0171 log f\u00e1jlt gener\u00e1lt. Jelen verzi\u00f3t\u00f3l, ha nincs internet kapcsolat, a log f\u00e1jlt csak egyszer k\u00e9sz\u00edti el a program automatikusan (reduk\u00e1lt adattartalommal) \u00e9s menti el az adatb\u00e1zisban. <\/span><\/span><\/p>\n<p class=\"western\" align=\"justify\"><span style=\"color: #000000;\"><span style=\"font-size: small;\">Tov\u00e1bb\u00e1 ha nincs internetkapcsolat \u00e9s az Online Sz\u00e1mla Rendszer \u2013 Sz\u00e1mla csoportos felad\u00e1s vagy Sz\u00e1mla csoportos lek\u00e9rdez\u00e9s funkci\u00f3t ind\u00edtjuk, figyelmeztet a program:<\/span><\/span><\/p>\n<p class=\"western\" style=\"text-align: center;\" align=\"justify\">\n<a href=\"http:\/\/help.cobraszamlazoprogram.hu\/wp-content\/uploads\/2018\/08\/Online-Rendszer.gif\" target=\"_blank\"><img loading=\"lazy\" class=\"aligncenter wp-image-4712 size-full\" src=\"http:\/\/help.cobraszamlazoprogram.hu\/wp-content\/uploads\/2018\/08\/Online-Rendszer.gif\" alt=\"Online Rendszer\" width=\"294\" height=\"152\" \/><\/a><\/p>\n<p class=\"western\" align=\"justify\">\n<p class=\"western\" align=\"justify\"><span style=\"color: #000000;\">Amennyiben m\u00e9gsem szeretn\u00e9nk csoportosan feladni a sz\u00e1ml\u00e1kat megszak\u00edthat\u00f3v\u00e1 v\u00e1lt a folyamat illetve egy sz\u00e1ml\u00e1l\u00f3 mutatja melyik sz\u00e1ml\u00e1n\u00e1l j\u00e1r a folyamat.<\/span><\/p>\n","protected":false},"excerpt":{"rendered":"<p>Sz\u00e1mlak\u00e9sz\u00edt\u00e9s Funkci\u00f3m\u00f3dosul\u00e1s: Amennyiben nem volt \u00e9l\u0151 kapcsolat a NAV-al (internethi\u00e1ny vagy egy\u00e9b ok miatt) de be volt \u00e1ll\u00edtva, az Online Sz\u00e1mla Rendszer automatikus \u00fctemez\u00e9se (Sz\u00e1mla felad\u00e1s \u00e9s Sz\u00e1mla lek\u00e9rdez\u00e9s) el\u0151fordulhatott, hogy a program a rendszeres pr\u00f3b\u00e1lkoz\u00e1s miatt t\u00f6bb megabite m\u00e9ret\u0171 log f\u00e1jlt gener\u00e1lt. Jelen verzi\u00f3t\u00f3l, ha nincs internet kapcsolat, a log f\u00e1jlt csak egyszer k\u00e9sz\u00edti el a program automatikusan (reduk\u00e1lt adattartalommal) \u00e9s menti el az adatb\u00e1zisban. Tov\u00e1bb\u00e1 ha nincs internetkapcsolat \u00e9s az Online Sz\u00e1mla Rendszer [&hellip;]<\/p>\n","protected":false},"author":4,"featured_media":0,"parent":3557,"menu_order":0,"comment_status":"closed","ping_status":"closed","template":"","meta":[],"_links":{"self":[{"href":"http:\/\/help.cobraszamlazoprogram.hu\/index.php\/wp-json\/wp\/v2\/pages\/4710"}],"collection":[{"href":"http:\/\/help.cobraszamlazoprogram.hu\/index.php\/wp-json\/wp\/v2\/pages"}],"about":[{"href":"http:\/\/help.cobraszamlazoprogram.hu\/index.php\/wp-json\/wp\/v2\/types\/page"}],"author":[{"embeddable":true,"href":"http:\/\/help.cobraszamlazoprogram.hu\/index.php\/wp-json\/wp\/v2\/users\/4"}],"replies":[{"embeddable":true,"href":"http:\/\/help.cobraszamlazoprogram.hu\/index.php\/wp-json\/wp\/v2\/comments?post=4710"}],"version-history":[{"count":1,"href":"http:\/\/help.cobraszamlazoprogram.hu\/index.php\/wp-json\/wp\/v2\/pages\/4710\/revisions"}],"predecessor-version":[{"id":4713,"href":"http:\/\/help.cobraszamlazoprogram.hu\/index.php\/wp-json\/wp\/v2\/pages\/4710\/revisions\/4713"}],"up":[{"embeddable":true,"href":"http:\/\/help.cobraszamlazoprogram.hu\/index.php\/wp-json\/wp\/v2\/pages\/3557"}],"wp:attachment":[{"href":"http:\/\/help.cobraszamlazoprogram.hu\/index.php\/wp-json\/wp\/v2\/media?parent=4710"}],"curies":[{"name":"wp","href":"https:\/\/api.w.org\/{rel}","templated":true}]}}