{"id":4709,"date":"2019-04-24T09:41:27","date_gmt":"2019-04-24T09:41:27","guid":{"rendered":"http:\/\/help.cobraszamlazoprogram.hu\/?page_id=4709"},"modified":"2020-02-11T16:00:24","modified_gmt":"2020-02-11T16:00:24","slug":"v2019-1","status":"publish","type":"page","link":"http:\/\/help.cobraszamlazoprogram.hu\/index.php\/ccl-verziok\/v2019-1\/","title":{"rendered":"v2019.1.1"},"content":{"rendered":"<p class=\"western\" style=\"text-align: center;\" align=\"justify\"><span style=\"color: #000000;\"><span style=\"font-size: small;\"><span lang=\"hu-HU\">F<\/span><\/span><\/span><span style=\"color: #000000;\"><span style=\"font-size: small;\"><span lang=\"hu-HU\"><b>elh\u00edvjuk figyelm\u00e9t, hogy hamarosan k\u00e9t fontos v\u00e1ltoz\u00e1s is \u00e9rinti a NAV Online Sz\u00e1mla adatszolg\u00e1ltat\u00e1s m\u0171k\u00f6d\u00e9s\u00e9t:<\/b><\/span><\/span><\/span><\/p>\n<p class=\"western\" style=\"text-align: center;\">2019. \u00e1prilis 29-t\u0151l csak fokozott (TLS 1.2) titkos\u00edt\u00e1ssal k\u00fcld\u00f6tt adatokat fogad be a NAV. Ezt a CobraContoLight most megjelent 2019.1-\u00f6s verzi\u00f3ja t\u00e1mogatja.<br \/>\nNagyon fontos, hogy ezt a k\u00f6vetelm\u00e9nyt a <i><u><b>Windows XP oper\u00e1ci\u00f3s rendszeren m\u00e1r nem\u00a0lehet teljes\u00edteni, ilyen g\u00e9peken a\u00a0CobraContoLight\u00a02019.1-es verzi\u00f3t m\u00e1r nem lehet haszn\u00e1lni!<\/b><\/u><\/i><br \/>\nWindows 7-et haszn\u00e1l\u00f3 \u00fcgyfeleinket pedig k\u00e9rj\u00fck, hogy ellen\u0151rizz\u00e9k, g\u00e9p\u00fck\u00f6n telep\u00edtve van-e a .NET keretrendszer legal\u00e1bb 4.5-\u00f6s verzi\u00f3ja.<\/p>\n<p class=\"western\" style=\"text-align: center;\">2019.m\u00e1jus 2-\u00e1n az Online Sz\u00e1mla rendszerben k\u00f6telez\u0151v\u00e9 v\u00e1lik az 1.1 verzi\u00f3j\u00fa XML alkalmaz\u00e1sa,\u00a0ezt szint\u00e9n a CobraContoLight most megjelent 2019.1-\u00f6s verzi\u00f3ja t\u00e1mogatja.<\/p>\n<p class=\"western\" align=\"justify\"><span style=\"color: #000000;\"><b>T\u00f6rzsadatok<\/b><\/span><\/p>\n<p class=\"western\" align=\"justify\"><span style=\"color: #000000;\"><span style=\"font-size: small;\"><b>Jav\u00edt\u00e1s:<\/b><\/span><\/span><span style=\"color: #000000;\"><span style=\"font-size: small;\"> C\u00e9g \u2013 Rakt\u00e1rak \u2013 Rakt\u00e1r \u2013 Bizonylatt\u00f6mb\u00f6k ablakban \u00faj bizonylatt\u00f6mb r\u00f6gz\u00edt\u00e9sekor csak azok az ad\u00f3\u00e9vek jelennek meg, melyekhez m\u00e9g nem t\u00e1rsul bizonylatt\u00f6mb.<\/span><\/span><\/p>\n<p class=\"western\" align=\"justify\"><span style=\"color: #000000;\"><span style=\"font-size: small;\"><b>Sz\u00e1mlak\u00e9sz\u00edt\u00e9s<\/b><\/span><\/span><\/p>\n<p class=\"western\" align=\"justify\"><span style=\"color: #000000;\"><span style=\"font-size: small;\"><b>Jav\u00edt\u00e1s:<\/b><\/span><\/span><span style=\"color: #000000;\"><span style=\"font-size: small;\"> Term\u00e9k tall\u00f3z\u00e1sakor a 80 karakter hossz\u00fa n\u00e9vvel rendelkez\u0151 term\u00e9kek betall\u00f3z\u00e1sa program kil\u00e9p\u00e9st okozott, ez jav\u00edtva lett.<\/span><\/span><\/p>\n","protected":false},"excerpt":{"rendered":"<p>Felh\u00edvjuk figyelm\u00e9t, hogy hamarosan k\u00e9t fontos v\u00e1ltoz\u00e1s is \u00e9rinti a NAV Online Sz\u00e1mla adatszolg\u00e1ltat\u00e1s m\u0171k\u00f6d\u00e9s\u00e9t: 2019. \u00e1prilis 29-t\u0151l csak fokozott (TLS 1.2) titkos\u00edt\u00e1ssal k\u00fcld\u00f6tt adatokat fogad be a NAV. Ezt a CobraContoLight most megjelent 2019.1-\u00f6s verzi\u00f3ja t\u00e1mogatja. Nagyon fontos, hogy ezt a k\u00f6vetelm\u00e9nyt a Windows XP oper\u00e1ci\u00f3s rendszeren m\u00e1r nem\u00a0lehet teljes\u00edteni, ilyen g\u00e9peken a\u00a0CobraContoLight\u00a02019.1-es verzi\u00f3t m\u00e1r nem lehet haszn\u00e1lni! Windows 7-et haszn\u00e1l\u00f3 \u00fcgyfeleinket pedig k\u00e9rj\u00fck, hogy ellen\u0151rizz\u00e9k, g\u00e9p\u00fck\u00f6n telep\u00edtve van-e a .NET keretrendszer legal\u00e1bb 4.5-\u00f6s [&hellip;]<\/p>\n","protected":false},"author":4,"featured_media":0,"parent":3557,"menu_order":0,"comment_status":"closed","ping_status":"closed","template":"","meta":[],"_links":{"self":[{"href":"http:\/\/help.cobraszamlazoprogram.hu\/index.php\/wp-json\/wp\/v2\/pages\/4709"}],"collection":[{"href":"http:\/\/help.cobraszamlazoprogram.hu\/index.php\/wp-json\/wp\/v2\/pages"}],"about":[{"href":"http:\/\/help.cobraszamlazoprogram.hu\/index.php\/wp-json\/wp\/v2\/types\/page"}],"author":[{"embeddable":true,"href":"http:\/\/help.cobraszamlazoprogram.hu\/index.php\/wp-json\/wp\/v2\/users\/4"}],"replies":[{"embeddable":true,"href":"http:\/\/help.cobraszamlazoprogram.hu\/index.php\/wp-json\/wp\/v2\/comments?post=4709"}],"version-history":[{"count":4,"href":"http:\/\/help.cobraszamlazoprogram.hu\/index.php\/wp-json\/wp\/v2\/pages\/4709\/revisions"}],"predecessor-version":[{"id":4737,"href":"http:\/\/help.cobraszamlazoprogram.hu\/index.php\/wp-json\/wp\/v2\/pages\/4709\/revisions\/4737"}],"up":[{"embeddable":true,"href":"http:\/\/help.cobraszamlazoprogram.hu\/index.php\/wp-json\/wp\/v2\/pages\/3557"}],"wp:attachment":[{"href":"http:\/\/help.cobraszamlazoprogram.hu\/index.php\/wp-json\/wp\/v2\/media?parent=4709"}],"curies":[{"name":"wp","href":"https:\/\/api.w.org\/{rel}","templated":true}]}}