{"id":4586,"date":"2018-06-19T07:33:05","date_gmt":"2018-06-19T07:33:05","guid":{"rendered":"http:\/\/help.cobraszamlazoprogram.hu\/?page_id=4586"},"modified":"2020-12-06T21:50:27","modified_gmt":"2020-12-06T21:50:27","slug":"nav-online","status":"publish","type":"page","link":"http:\/\/help.cobraszamlazoprogram.hu\/index.php\/nav-online\/","title":{"rendered":"Online Sz\u00e1mla Rendszer"},"content":{"rendered":"<h3><strong>NAV Online Sz\u00e1mla 3.0: kezdje el a felk\u00e9sz\u00fcl\u00e9st!<\/strong><\/h3>\n<p><strong>2021. janu\u00e1r 1<\/strong>\u00a0az a d\u00e1tum, amely id\u0151pontt\u00f3l m\u00e1r minden sz\u00e1mla\u00a0adatszolg\u00e1ltat\u00e1sra k\u00f6telezett\u00e9 v\u00e1lik, ett\u0151l az id\u0151pontt\u00f3l szinte nincs kiv\u00e9tel vev\u0151i k\u00f6rre, \u00e9rt\u00e9khat\u00e1rra vagy\u00a0egy\u00e9b m\u00e1s megk\u00f6t\u00e9sre.\u00a0A NAV \u00e1ltal 2021.01.01-t\u0151l\u00a0elv\u00e1rt\u00a03.0-\u00e1s adatszolg\u00e1ltat\u00e1st a\u00a0<strong>2020.4-es verzi\u00f3<\/strong>t\u00f3l t\u00e1mogatja a CobraContoLight program.<\/p>\n<p style=\"text-align: left;\">NAV t\u00e1j\u00e9koztat\u00f3 a legfontosabb tudnival\u00f3kr\u00f3l:\u00a0<a href=\"https:\/\/www.nav.gov.hu\/data\/cms532501\/Czondor_Szabolcs___Online_Szamla_3.0.pdf\">https:\/\/www.nav.gov.hu\/data\/cms532501\/Czondor_Szabolcs___Online_Szamla_3.0.pdf<\/a><\/p>\n<p><strong>2021-t\u0151l az al\u00e1bbi vev\u0151i csoportokat lehet elk\u00fcl\u00f6n\u00edteni az adatszolg\u00e1ltat\u00e1sban:<\/strong><\/p>\n<ul>\n<li><strong>Belf\u00f6ldi vagy k\u00f6z\u00f6ss\u00e9gi ad\u00f3alany vev\u0151<\/strong>: ebben az esetben a n\u00e9v, c\u00edm \u00e9s ad\u00f3sz\u00e1m (k\u00f6z\u00f6ss\u00e9gi vev\u0151n\u00e9l k\u00f6z\u00f6ss\u00e9gi ad\u00f3sz\u00e1m) k\u00f6telez\u0151 a sz\u00e1ml\u00e1n \u00e9s az adatszolg\u00e1ltat\u00e1sban.<\/li>\n<li><strong>Nem k\u00f6z\u00f6ss\u00e9gi ad\u00f3alany vev\u0151<\/strong>: a n\u00e9v, c\u00edm k\u00f6telez\u0151, az ad\u00f3sz\u00e1m pedig nem k\u00f6telez\u0151, de lehets\u00e9ges felt\u00fcntetni a sz\u00e1ml\u00e1n \u00e9s az adatszolg\u00e1ltat\u00e1sban is.<\/li>\n<li><strong>Nem ad\u00f3alany \u00e9s nem mag\u00e1nszem\u00e9ly vev\u0151<\/strong>: a n\u00e9v \u00e9s a c\u00edm felt\u00fcntet\u00e9se k\u00f6telez\u0151 a sz\u00e1ml\u00e1n \u00e9s az adat szolg\u00e1ltat\u00e1sban is. Ebbe a kateg\u00f3ri\u00e1ba tartoznak p\u00e9ld\u00e1ul a gazdas\u00e1gi tev\u00e9kenys\u00e9get nem folytat\u00f3 t\u00e1rsash\u00e1zak, egyes\u00fcletek, alap\u00edtv\u00e1nyok, kiz\u00e1r\u00f3lag k\u00f6z hatalmi tev\u00e9kenys\u00e9get v\u00e9gz\u0151 test\u00fcletek.<\/li>\n<li><strong>Mag\u00e1nszem\u00e9ly vev\u0151<\/strong>: a n\u00e9v \u00e9s a c\u00edm felt\u00fcntet\u00e9se k\u00f6telez\u0151 a sz\u00e1ml\u00e1n, az adatszolg\u00e1ltat\u00e1sban viszont nem lehet benne<\/li>\n<\/ul>\n<p>&nbsp;<\/p>\n<p>A jogszab\u00e1lyi v\u00e1ltoz\u00e1s adat struktur\u00e1lis v\u00e1ltoz\u00e1sokat is jelent, mely<strong>\u00a0a sz\u00e1ml\u00e1z\u00e1s sor\u00e1n haszn\u00e1lt\u00a0\u00c1FA kulcsokhoz val\u00f3 extra adatok megad\u00e1s\u00e1t<\/strong>\u00a0jelenti. En\u00e9lk\u00fcl nem fog tudni a program 3.0-\u00e1s adatszolg\u00e1ltat\u00e1st v\u00e9gezni.<\/p>\n<p><strong>K\u00e9rj\u00fck, figyelmesen olvassa el \u00e9s \u00e9rtelmezze\u00a0 bejegyz\u00e9s\u00fcnket:\u00a0<a href=\"http:\/\/help.cobraszamlazoprogram.hu\/index.php\/2020\/12\/06\/atallas-az-online-szamla-rendszer-3-0-verziora\/\">\u00c1t\u00e1ll\u00e1s az Online Sz\u00e1mla Rendszer 3.0 verzi\u00f3ra<\/a><\/strong><\/p>\n<h4 style=\"text-align: left;\"><\/h4>\n<h4 style=\"text-align: left;\"><\/h4>\n<h4 style=\"text-align: left;\">Kor\u00e1bban k\u00f6zz\u00e9tett inform\u00e1ci\u00f3k<\/h4>\n<h5 style=\"text-align: left;\"><strong>2020.07.01-t\u0151l kiz\u00e1r\u00f3lag a <span style=\"color: #000000;\">2020.1.1 verzi\u00f3<\/span>val (vagy magasabbal) el\u0151\u00e1ll\u00edtott 2.0-\u00e1s XML lesz alkalmazhat\u00f3\u00a0<\/strong>a NAV felad\u00e1sra!<\/h5>\n<p><strong>2020.07.01-j\u00e9t\u0151l<\/strong> az 2019.1-es verzi\u00f3val bek\u00fcld\u00f6tt adatszolg\u00e1ltat\u00e1sokat a NAV rendszere <strong>nem<\/strong> fogja feldolgozni, \u00e9rv\u00e9nyes adatszolg\u00e1ltat\u00e1s ezzel a verzi\u00f3val m\u00e1r nem k\u00fcldhet\u0151.<\/p>\n<p>Ha \u00d6n m\u00e9g nem friss\u00edtett a 2020.1.1-es CobraContoLight verzi\u00f3ra, tegye meg, a friss\u00edt\u00e9s elv\u00e9gz\u00e9s\u00e9ig pedig ne \u00e1ll\u00edtson ki sz\u00e1ml\u00e1t!<\/p>\n<p>A friss\u00edt\u00e9s l\u00e9p\u00e9seit itt tal\u00e1lja:\u00a0<strong><a href=\"http:\/\/help.cobraszamlazoprogram.hu\/index.php\/2020\/03\/21\/frissites-a-2020-1-es-verziora\/\">Friss\u00edt\u00e9s a 2020.1.1-es verzi\u00f3ra<\/a><\/strong><\/p>\n<p>Haszn\u00e1lati \u00fatmutat\u00f3t az <strong><a href=\"http:\/\/help.cobraszamlazoprogram.hu\/index.php\/2020\/03\/21\/online-szamla-rendszer-kezelese-a-2020-1-verzioban\/\">Online Sz\u00e1mla Rendszer kezel\u00e9se a 2020.1.1 verzi\u00f3ban<\/a><\/strong> c. bejegyz\u00e9s\u00fcnkben tal\u00e1l.<\/p>\n<p>A <strong>CobraContoLight 2018.2<\/strong>-es verzi\u00f3t\u00f3l kezdve lehet\u0151s\u00e9get ad mind a NAV Online Sz\u00e1mla Rendszerbe val\u00f3 adatfelad\u00e1sra.<\/p>\n<p style=\"text-align: left;\">A verzi\u00f3 le\u00edr\u00e1sa a be\u00e1ll\u00edt\u00e1si \u00e9s haszn\u00e1lati \u00fatmutat\u00f3val <a href=\"http:\/\/help.cobraszamlazoprogram.hu\/wp-content\/uploads\/2018\/06\/v2018.2.pdf\">itt t\u00f6lthet\u0151 le<\/a>.<br \/>\nAz Online Sz\u00e1mla Rendszer jogi h\u00e1tter\u00e9r\u0151l <a href=\"http:\/\/help.cobraszamlazoprogram.hu\/wp-content\/uploads\/2018\/06\/online_szamla_jogi_hattere.pdf\">itt<\/a> olvashat.<br \/>\nK\u00fcls\u0151 szak\u00e9rt\u0151k \u00e1ltal k\u00e9sz\u00edtett r\u00f6vid <a href=\"http:\/\/help.cobraszamlazoprogram.hu\/wp-content\/uploads\/2018\/06\/online_szamla_kisokos_2018_06_04_v1.pdf\">t\u00e1j\u00e9koztat\u00f3<span style=\"color: #001000;\">.<\/span><\/a><\/p>\n<p style=\"text-align: left;\">Az Online Sz\u00e1mla rendszerben az adatszolg\u00e1ltat\u00e1si k\u00f6telezetts\u00e9g teljes\u00edt\u00e9s\u00e9nek el\u0151felt\u00e9telek\u00e9nt sz\u00fcks\u00e9ges a regisztr\u00e1ci\u00f3.<br \/>\nAz Nemzeti Ad\u00f3- \u00e9s V\u00e1mhivatal lehet\u0151s\u00e9get biztos\u00edt a sz\u00e1mlak\u00fcld\u00e9s tesztel\u00e9s\u00e9re, mely informatikai rendszer haszn\u00e1lat\u00e1hoz el\u0151felt\u00e9tel az ad\u00f3z\u00f3 regisztr\u00e1ci\u00f3ja. Ezen k\u00f6telezetts\u00e9g teljes\u00edt\u00e9s\u00e9re szolg\u00e1l\u00f3 elektronikus tesztfel\u00fclet <a href=\"https:\/\/onlineszamla-test.nav.gov.hu\/\">itt<\/a> tal\u00e1lhat\u00f3.<\/p>\n<p style=\"text-align: left;\">\u00c9les regisztr\u00e1l\u00e1s <a href=\"https:\/\/onlineszamla.nav.gov.hu\/\">itt \u00e9rhet\u0151 el<\/a>.<\/p>\n<p style=\"text-align: left;\">Mindenk\u00e9ppen javasoljuk \u00fcgyfeleinknek, hogy a 2018. j\u00falius 1-t\u0151l t\u00f6rt\u00e9n\u0151 \u00e9les haszn\u00e1lat el\u0151tt tesztelje sz\u00e1ml\u00e1z\u00e1s\u00e1t, illetve az online funkci\u00f3t!<br \/>\nA teszt rendszerbe t\u00f6rt\u00e9n\u0151 regisztr\u00e1ci\u00f3r\u00f3l a tudnival\u00f3kat <a href=\"http:\/\/help.cobraszamlazoprogram.hu\/wp-content\/uploads\/2018\/06\/regisztracio_feltetelei.pdf\">itt olvashatja<\/a>.<\/p>\n<p style=\"text-align: left;\">A sz\u00e1mla felad\u00e1ssal kapcsolatos NAV k\u00f6telezetts\u00e9g akkor tekinthet\u0151 k\u00e9sznek ha az adott feladott sz\u00e1mla be\u00e9rkezett \u00e9s sikeres feldolgoz\u00e1s st\u00e1tusz\u00fa!<\/p>\n<p style=\"text-align: left;\"><strong>Felh\u00edvjuk figyelm\u00e9t, hogy hamarosan k\u00e9t fontos v\u00e1ltoz\u00e1s is \u00e9rinti a NAV Online Sz\u00e1mla adatszolg\u00e1ltat\u00e1s m\u0171k\u00f6d\u00e9s\u00e9t:<\/strong><\/p>\n<ol style=\"text-align: left;\">\n<li>2019. \u00e1prilis 29-t\u0151l csak fokozott (TLS 1.2) titkos\u00edt\u00e1ssal k\u00fcld\u00f6tt adatokat fogad be a NAV. Ezt a CobraContoLight most megjelent 2019.1-\u00f6s verzi\u00f3ja t\u00e1mogatja.Nagyon fontos, hogy ezt a k\u00f6vetelm\u00e9nyt a<strong><em><u>\u00a0Windows XP oper\u00e1ci\u00f3s rendszeren m\u00e1r nem\u00a0lehet teljes\u00edteni, ilyen g\u00e9peken a\u00a0CobraContoLight\u00a02019.1-es verzi\u00f3t m\u00e1r nem lehet haszn\u00e1lni!<\/u><\/em><\/strong><br \/>\nWindows 7-et haszn\u00e1l\u00f3 \u00fcgyfeleinket pedig k\u00e9rj\u00fck, hogy ellen\u0151rizz\u00e9k, g\u00e9p\u00fck\u00f6n telep\u00edtve van-e a .NET keretrendszer legal\u00e1bb 4.5-\u00f6s verzi\u00f3ja. T\u00f6lts\u00e9k le \u00e9s futtass\u00e1k az al\u00e1bbi kis programot:\u00a0<a href=\"http:\/\/ftp.cobra.hu\/files\/CheckDotNet.exe\">http:\/\/ftp.cobra.hu\/files\/CheckDotNet.exe<\/a><\/li>\n<li>2019.m\u00e1jus 2-\u00e1n az Online Sz\u00e1mla rendszerben k\u00f6telez\u0151v\u00e9 v\u00e1lik az 1.1 verzi\u00f3j\u00fa XML alkalmaz\u00e1sa,\u00a0ezt szint\u00e9n a CobraContoLight most megjelent 2019.1-\u00f6s verzi\u00f3ja t\u00e1mogatja.<\/li>\n<\/ol>\n","protected":false},"excerpt":{"rendered":"<p>NAV Online Sz\u00e1mla 3.0: kezdje el a felk\u00e9sz\u00fcl\u00e9st! 2021. janu\u00e1r 1\u00a0az a d\u00e1tum, amely id\u0151pontt\u00f3l m\u00e1r minden sz\u00e1mla\u00a0adatszolg\u00e1ltat\u00e1sra k\u00f6telezett\u00e9 v\u00e1lik, ett\u0151l az id\u0151pontt\u00f3l szinte nincs kiv\u00e9tel vev\u0151i k\u00f6rre, \u00e9rt\u00e9khat\u00e1rra vagy\u00a0egy\u00e9b m\u00e1s megk\u00f6t\u00e9sre.\u00a0A NAV \u00e1ltal 2021.01.01-t\u0151l\u00a0elv\u00e1rt\u00a03.0-\u00e1s adatszolg\u00e1ltat\u00e1st a\u00a02020.4-es verzi\u00f3t\u00f3l t\u00e1mogatja a CobraContoLight program. NAV t\u00e1j\u00e9koztat\u00f3 a legfontosabb tudnival\u00f3kr\u00f3l:\u00a0https:\/\/www.nav.gov.hu\/data\/cms532501\/Czondor_Szabolcs___Online_Szamla_3.0.pdf 2021-t\u0151l az al\u00e1bbi vev\u0151i csoportokat lehet elk\u00fcl\u00f6n\u00edteni az adatszolg\u00e1ltat\u00e1sban: Belf\u00f6ldi vagy k\u00f6z\u00f6ss\u00e9gi ad\u00f3alany vev\u0151: ebben az esetben a n\u00e9v, c\u00edm \u00e9s ad\u00f3sz\u00e1m (k\u00f6z\u00f6ss\u00e9gi vev\u0151n\u00e9l k\u00f6z\u00f6ss\u00e9gi ad\u00f3sz\u00e1m) k\u00f6telez\u0151 a [&hellip;]<\/p>\n","protected":false},"author":4,"featured_media":0,"parent":0,"menu_order":0,"comment_status":"closed","ping_status":"closed","template":"","meta":[],"_links":{"self":[{"href":"http:\/\/help.cobraszamlazoprogram.hu\/index.php\/wp-json\/wp\/v2\/pages\/4586"}],"collection":[{"href":"http:\/\/help.cobraszamlazoprogram.hu\/index.php\/wp-json\/wp\/v2\/pages"}],"about":[{"href":"http:\/\/help.cobraszamlazoprogram.hu\/index.php\/wp-json\/wp\/v2\/types\/page"}],"author":[{"embeddable":true,"href":"http:\/\/help.cobraszamlazoprogram.hu\/index.php\/wp-json\/wp\/v2\/users\/4"}],"replies":[{"embeddable":true,"href":"http:\/\/help.cobraszamlazoprogram.hu\/index.php\/wp-json\/wp\/v2\/comments?post=4586"}],"version-history":[{"count":31,"href":"http:\/\/help.cobraszamlazoprogram.hu\/index.php\/wp-json\/wp\/v2\/pages\/4586\/revisions"}],"predecessor-version":[{"id":4979,"href":"http:\/\/help.cobraszamlazoprogram.hu\/index.php\/wp-json\/wp\/v2\/pages\/4586\/revisions\/4979"}],"wp:attachment":[{"href":"http:\/\/help.cobraszamlazoprogram.hu\/index.php\/wp-json\/wp\/v2\/media?parent=4586"}],"curies":[{"name":"wp","href":"https:\/\/api.w.org\/{rel}","templated":true}]}}