{"id":4576,"date":"2018-01-17T13:41:00","date_gmt":"2018-01-17T13:41:00","guid":{"rendered":"http:\/\/help.cobraszamlazoprogram.hu\/?page_id=4576"},"modified":"2018-01-17T13:41:00","modified_gmt":"2018-01-17T13:41:00","slug":"v2018-1","status":"publish","type":"page","link":"http:\/\/help.cobraszamlazoprogram.hu\/index.php\/ccl-verziok\/v2018-1\/","title":{"rendered":"V2018.1"},"content":{"rendered":"<p class=\"western\" style=\"text-align: center;\">T\u00c1J\u00c9KOZTAT\u00d3 A CobraContoLight V2018.1 VERZI\u00d3HOZ<\/p>\n<p class=\"western\" style=\"text-align: center;\">V\u00e1ltoz\u00e1sok a V2017.5.1 verzi\u00f3 kiad\u00e1sa ut\u00e1n<\/p>\n<p class=\"western\">\n<h4 class=\"western\"><b>CobraContoLight alkalmaz\u00e1s<\/b><\/h4>\n<p class=\"western\" align=\"justify\">\n<h5 class=\"western\" align=\"justify\"><b>Sz\u00e1mlak\u00e9sz\u00edt\u00e9s<\/b><\/h5>\n<p>&nbsp;<\/p>\n<p class=\"western\" align=\"justify\"><b>Jav\u00edt\u00e1s:<\/b> A v2017.5.1-es verzi\u00f3ban \u00faj v\u00e9gleges\u00edtett sz\u00e1mla k\u00e9sz\u00edt\u00e9sn\u00e9l nem volt kipip\u00e1lva a v\u00e9gleges\u00edt\u00e9s, ez jav\u00edt\u00e1sra ker\u00fclt<\/p>\n<p class=\"western\" align=\"justify\"><b>Jav\u00edt\u00e1s:<\/b> Az el\u0151z\u0151 verzi\u00f3ban partner megad\u00e1skor a m\u00e1sodlagos tall\u00f3z\u00e1s eset\u00e9n a be\u00edrt \u00e9rt\u00e9k ut\u00e1n friss\u00edteni kellett, hogy megtal\u00e1lja a partnert. Ez jav\u00edt\u00e1sra ker\u00fclt.<\/p>\n<p class=\"western\" align=\"justify\"><b>Jav\u00edt\u00e1s:<\/b> Az el\u0151z\u0151 verzi\u00f3ban term\u00e9k megad\u00e1skor a m\u00e1sodlagos tall\u00f3z\u00e1s eset\u00e9n a be\u00edrt \u00e9rt\u00e9k ut\u00e1n friss\u00edteni kellett, hogy megtal\u00e1lja a term\u00e9ket. Ez jav\u00edt\u00e1sra ker\u00fclt.<\/p>\n<p class=\"western\" align=\"justify\"><b>Jav\u00edt\u00e1s:<\/b> Az el\u0151z\u0151 verzi\u00f3ban a kerek\u00edt\u00e9s az \u00faj ad\u00f3\u00e9vben k\u00e9szp\u00e9nzfizet\u00e9ses sz\u00e1ml\u00e1k eset\u00e9n nem m\u0171k\u00f6d\u00f6tt megfelel\u0151en, ez jav\u00edt\u00e1sra ker\u00fclt.<\/p>\n<p class=\"western\" align=\"justify\"><b>Jav\u00edt\u00e1s:<\/b> Az el\u0151z\u0151 verzi\u00f3ban ha az Admin programban be volt \u00e1ll\u00edtva a brutt\u00f3 \u00e1r rendszerbe\u00e1ll\u00edt\u00e1s, a bek\u00e9r\u0151levelekre ez nem volt hat\u00e1ssal. Jelen verzi\u00f3t\u00f3l ez megold\u00e1sra ker\u00fclt.<\/p>\n<p class=\"western\" align=\"justify\"><b>Funkci\u00f3 b\u0151v\u00edt\u00e9s:<\/b> V\u00e9gleges\u00edtett sz\u00e1ml\u00e1k ablak testreszab\u00e1s\u00e1nak lehet\u0151s\u00e9ge. A m\u0171k\u00f6d\u00e9si elv u. az mint a CobraConto.Net v\u00e1llalatir\u00e1ny\u00edt\u00e1si rendszer 9-es verzi\u00f3j\u00e1ban a DevExpress \u00e1t\u00e1ll\u00e1sban le\u00edrtak (<span style=\"color: #800000;\"><u><a class=\"western\" href=\"http:\/\/help.cobra.hu\/wp-content\/uploads\/2016\/05\/V2017.9.pdf\">http:\/\/help.cobra.hu\/wp-content\/uploads\/2016\/05\/V2017.9.pdf<\/a><\/u><\/span>).<\/p>\n<p class=\"western\" align=\"justify\">\n<h5 class=\"western\" align=\"justify\"><b>K\u00e9szletkezel\u00e9s<\/b><\/h5>\n<p>&nbsp;<\/p>\n<p class=\"western\" align=\"justify\"><b>Jav\u00edt\u00e1s:<\/b> Kinyomtatott sz\u00e1ll\u00edt\u00f3lev\u00e9len nem jelent meg az alap\u00e9rtelmezett term\u00e9kazonos\u00edt\u00f3, ez jav\u00edt\u00e1sra ker\u00fclt.<\/p>\n<p class=\"western\" align=\"justify\"><b>Jav\u00edt\u00e1s:<\/b> Sz\u00e1ll\u00edt\u00f3levelek nyomtat\u00e1sa eset\u00e9n a t\u00f6bb p\u00e9ld\u00e1nyban val\u00f3 nyomtat\u00e1s jav\u00edt\u00e1sra ker\u00fclt.<\/p>\n<p class=\"western\" align=\"justify\">\n<p class=\"western\" align=\"justify\">\n","protected":false},"excerpt":{"rendered":"<p>T\u00c1J\u00c9KOZTAT\u00d3 A CobraContoLight V2018.1 VERZI\u00d3HOZ V\u00e1ltoz\u00e1sok a V2017.5.1 verzi\u00f3 kiad\u00e1sa ut\u00e1n CobraContoLight alkalmaz\u00e1s Sz\u00e1mlak\u00e9sz\u00edt\u00e9s &nbsp; Jav\u00edt\u00e1s: A v2017.5.1-es verzi\u00f3ban \u00faj v\u00e9gleges\u00edtett sz\u00e1mla k\u00e9sz\u00edt\u00e9sn\u00e9l nem volt kipip\u00e1lva a v\u00e9gleges\u00edt\u00e9s, ez jav\u00edt\u00e1sra ker\u00fclt Jav\u00edt\u00e1s: Az el\u0151z\u0151 verzi\u00f3ban partner megad\u00e1skor a m\u00e1sodlagos tall\u00f3z\u00e1s eset\u00e9n a be\u00edrt \u00e9rt\u00e9k ut\u00e1n friss\u00edteni kellett, hogy megtal\u00e1lja a partnert. Ez jav\u00edt\u00e1sra ker\u00fclt. Jav\u00edt\u00e1s: Az el\u0151z\u0151 verzi\u00f3ban term\u00e9k megad\u00e1skor a m\u00e1sodlagos tall\u00f3z\u00e1s eset\u00e9n a be\u00edrt \u00e9rt\u00e9k ut\u00e1n friss\u00edteni kellett, hogy megtal\u00e1lja a term\u00e9ket. Ez [&hellip;]<\/p>\n","protected":false},"author":4,"featured_media":0,"parent":3557,"menu_order":0,"comment_status":"closed","ping_status":"closed","template":"","meta":[],"_links":{"self":[{"href":"http:\/\/help.cobraszamlazoprogram.hu\/index.php\/wp-json\/wp\/v2\/pages\/4576"}],"collection":[{"href":"http:\/\/help.cobraszamlazoprogram.hu\/index.php\/wp-json\/wp\/v2\/pages"}],"about":[{"href":"http:\/\/help.cobraszamlazoprogram.hu\/index.php\/wp-json\/wp\/v2\/types\/page"}],"author":[{"embeddable":true,"href":"http:\/\/help.cobraszamlazoprogram.hu\/index.php\/wp-json\/wp\/v2\/users\/4"}],"replies":[{"embeddable":true,"href":"http:\/\/help.cobraszamlazoprogram.hu\/index.php\/wp-json\/wp\/v2\/comments?post=4576"}],"version-history":[{"count":4,"href":"http:\/\/help.cobraszamlazoprogram.hu\/index.php\/wp-json\/wp\/v2\/pages\/4576\/revisions"}],"predecessor-version":[{"id":4681,"href":"http:\/\/help.cobraszamlazoprogram.hu\/index.php\/wp-json\/wp\/v2\/pages\/4576\/revisions\/4681"}],"up":[{"embeddable":true,"href":"http:\/\/help.cobraszamlazoprogram.hu\/index.php\/wp-json\/wp\/v2\/pages\/3557"}],"wp:attachment":[{"href":"http:\/\/help.cobraszamlazoprogram.hu\/index.php\/wp-json\/wp\/v2\/media?parent=4576"}],"curies":[{"name":"wp","href":"https:\/\/api.w.org\/{rel}","templated":true}]}}