{"id":4305,"date":"2017-12-04T07:50:23","date_gmt":"2017-12-04T07:50:23","guid":{"rendered":"http:\/\/help.cobraszamlazoprogram.hu\/?page_id=4305"},"modified":"2017-12-04T12:15:42","modified_gmt":"2017-12-04T12:15:42","slug":"v2017-5-3","status":"publish","type":"page","link":"http:\/\/help.cobraszamlazoprogram.hu\/index.php\/ccl-verziok\/v2017-5-3\/","title":{"rendered":"V2017.5"},"content":{"rendered":"<h5 style=\"text-align: center;\">T\u00c1J\u00c9KOZTAT\u00d3 A CobraContoLight V2017.5 VERZI\u00d3HOZ<br \/>\nV\u00e1ltoz\u00e1sok a V2017.4.1 verzi\u00f3 kiad\u00e1sa ut\u00e1n<\/h5>\n<p>&nbsp;<\/p>\n<p class=\"western\">A CobraContoLight v2017.5 verzi\u00f3j\u00e1ban megjelent a <b>K\u00e9szletkezel\u00e9s modul<\/b>, amely licenc k\u00f6teles.<\/p>\n<p class=\"western\">M\u0171k\u00f6d\u00e9s\u00e9r\u0151l a k\u00f6vetkez\u0151 linken olvashat: <span style=\"color: #800000;\"><u><a class=\"western\" href=\"http:\/\/help.cobraszamlazoprogram.hu\/index.php\/2017\/11\/20\/keszlet-bevezetes\/\"><span style=\"color: #0070c0;\">http:\/\/help.cobraszamlazoprogram.hu\/index.php\/2017\/11\/20\/keszlet-bevezetes\/<\/span><\/a><\/u><\/span><\/p>\n<p class=\"western\">\u00c9rdekl\u0151d\u00e9se eset\u00e9n k\u00e9rj\u00fck h\u00edvja \u00fcgyf\u00e9lszolg\u00e1latunkat a +(36)1-577-0111-es telefonsz\u00e1mon.<\/p>\n<h5 class=\"western\"><b>Adatb\u00e1zis friss\u00edt\u00e9s a CobraContoLight sz\u00e1ml\u00e1z\u00f3 programban<\/b><\/h5>\n<p class=\"western\">Javasoljuk, az adatb\u00e1zis friss\u00edt\u00e9s el\u0151tt mentse el adatb\u00e1zis\u00e1t, a k\u00f6vetkez\u0151 linken olvashat\u00f3 m\u00f3don:<\/p>\n<p class=\"western\">Adatb\u00e1zis ment\u00e9s le\u00edr\u00e1s:<\/p>\n<p class=\"western\"><span style=\"color: #800000;\"><u><a class=\"western\" href=\"http:\/\/help.cobraszamlazoprogram.hu\/index.php\/faqs\/adatbazis-mentes\/\"><span style=\"color: #0070c0;\">http:\/\/help.cobraszamlazoprogram.hu\/index.php\/faqs\/adatbazis-mentes\/<\/span><\/a><\/u><\/span><\/p>\n<p class=\"western\" align=\"justify\">Futtassa a CobraContoLight programot! A friss\u00edtett verzi\u00f3 els\u0151 elindul\u00e1sakor a program ellen\u0151rzi a megl\u00e9v\u0151 adatb\u00e1zis verzi\u00f3sz\u00e1m\u00e1t. Amennyiben ez elt\u00e9r a friss\u00edt\u00e9si verzi\u00f3 adatb\u00e1zis verzi\u00f3sz\u00e1m\u00e1t\u00f3l figyelmeztet\u0151 \u00fczenetet k\u00fcld a felhaszn\u00e1l\u00f3nak.<\/p>\n<p class=\"western\" style=\"text-align: center;\" align=\"justify\"><a href=\"http:\/\/help.cobraszamlazoprogram.hu\/wp-content\/uploads\/2017\/12\/Adatb\u00e1zis-friss\u00edt\u00e9s-5.png\" target=\"_blank\"><img loading=\"lazy\" class=\"alignnone wp-image-4537 size-medium\" src=\"http:\/\/help.cobraszamlazoprogram.hu\/wp-content\/uploads\/2017\/12\/Adatb\u00e1zis-friss\u00edt\u00e9s-5-300x172.png\" alt=\"Adatb\u00e1zis friss\u00edt\u00e9s 5\" width=\"300\" height=\"172\" srcset=\"http:\/\/help.cobraszamlazoprogram.hu\/wp-content\/uploads\/2017\/12\/Adatb\u00e1zis-friss\u00edt\u00e9s-5-300x172.png 300w, http:\/\/help.cobraszamlazoprogram.hu\/wp-content\/uploads\/2017\/12\/Adatb\u00e1zis-friss\u00edt\u00e9s-5-250x143.png 250w, http:\/\/help.cobraszamlazoprogram.hu\/wp-content\/uploads\/2017\/12\/Adatb\u00e1zis-friss\u00edt\u00e9s-5.png 875w\" sizes=\"(max-width: 300px) 100vw, 300px\" \/><\/a><\/p>\n<p class=\"western\" align=\"justify\">El\u0151fordulhat, hogy a fellelt \u00e9rt\u00e9k az \u00d6n verzi\u00f3j\u00e1ban nem azonos a k\u00e9pen l\u00e1that\u00f3val, ez nem jelent probl\u00e9m\u00e1t. Az automatikus friss\u00edt\u00e9s elv\u00e9gz\u00e9s\u00e9hez kattintson az <b>Igen<\/b> gombra!<\/p>\n<p class=\"western\" style=\"text-align: center;\" align=\"justify\"><a href=\"http:\/\/help.cobraszamlazoprogram.hu\/wp-content\/uploads\/2017\/12\/Adatb\u00e1zis-friss\u00edt\u00e9s-2.png\" target=\"_blank\"><img loading=\"lazy\" class=\"alignnone wp-image-4538 size-medium\" src=\"http:\/\/help.cobraszamlazoprogram.hu\/wp-content\/uploads\/2017\/12\/Adatb\u00e1zis-friss\u00edt\u00e9s-2-300x157.png\" alt=\"Adatb\u00e1zis friss\u00edt\u00e9s 2\" width=\"300\" height=\"157\" srcset=\"http:\/\/help.cobraszamlazoprogram.hu\/wp-content\/uploads\/2017\/12\/Adatb\u00e1zis-friss\u00edt\u00e9s-2-300x157.png 300w, http:\/\/help.cobraszamlazoprogram.hu\/wp-content\/uploads\/2017\/12\/Adatb\u00e1zis-friss\u00edt\u00e9s-2-250x131.png 250w, http:\/\/help.cobraszamlazoprogram.hu\/wp-content\/uploads\/2017\/12\/Adatb\u00e1zis-friss\u00edt\u00e9s-2.png 328w\" sizes=\"(max-width: 300px) 100vw, 300px\" \/><\/a><\/p>\n<p class=\"western\" align=\"justify\">Sikeres adatb\u00e1zis friss\u00edt\u00e9s elv\u00e9gz\u00e9s\u00e9r\u0151l a program t\u00e1j\u00e9koztatja a felhaszn\u00e1l\u00f3t. <b>Ok<\/b> gombra t\u00f6rt\u00e9n\u0151 kattint\u00e1s ut\u00e1n bel\u00e9phet a friss\u00edtett programj\u00e1ba.<\/p>\n<p class=\"western\"><a name=\"_GoBack\"><\/a><\/p>\n<h5 class=\"western\">CobraContoLight alkalmaz\u00e1s<\/h5>\n<p>&nbsp;<\/p>\n<p class=\"western\" align=\"justify\"><b>Funkci\u00f3 m\u00f3dosul\u00e1s, b\u0151v\u00edt\u00e9s: <\/b>Az el\u00e9rhet\u0151 list\u00e1k be\u00e1ll\u00edt\u00e1si lehet\u0151s\u00e9gei m\u00f3dosultak, modernebb k\u00fcls\u0151t kaptak t\u00f6bb funkci\u00f3 lehet\u0151s\u00e9ggel.<\/p>\n<p class=\"western\" align=\"justify\"><a href=\"http:\/\/help.cobraszamlazoprogram.hu\/wp-content\/uploads\/2017\/12\/DevExpressLista.png\" target=\"_blank\"><img loading=\"lazy\" class=\"wp-image-4539 size-medium aligncenter\" src=\"http:\/\/help.cobraszamlazoprogram.hu\/wp-content\/uploads\/2017\/12\/DevExpressLista-300x34.png\" alt=\"DevExpressLista\" width=\"300\" height=\"34\" srcset=\"http:\/\/help.cobraszamlazoprogram.hu\/wp-content\/uploads\/2017\/12\/DevExpressLista-300x34.png 300w, http:\/\/help.cobraszamlazoprogram.hu\/wp-content\/uploads\/2017\/12\/DevExpressLista-1024x117.png 1024w, http:\/\/help.cobraszamlazoprogram.hu\/wp-content\/uploads\/2017\/12\/DevExpressLista-250x29.png 250w, http:\/\/help.cobraszamlazoprogram.hu\/wp-content\/uploads\/2017\/12\/DevExpressLista.png 1247w\" sizes=\"(max-width: 300px) 100vw, 300px\" \/><\/a><\/p>\n<p class=\"western\" align=\"justify\">Az Eszk\u00f6z\u00f6k alatt leny\u00edl\u00f3 men\u00fcben tudja az adott list\u00e1ra vonatkoz\u00f3 dokumentum kezel\u00e9s, lapbe\u00e1ll\u00edt\u00e1s, navig\u00e1ci\u00f3, megjelen\u00edt\u00e9s \u00e9s ment\u00e9si funkci\u00f3kat be\u00e1ll\u00edtani. Az Export\u00e1l\u00e1s oszlopban tal\u00e1lhat\u00f3 export\u00e1l\u00e1s ikonnal tudja tov\u00e1bbra is be\u00e1ll\u00edtani milyen form\u00e1tumban szeretn\u00e9 a list\u00e1t elmenteni (.pdf, .xls, .txt stb.).<\/p>\n<p class=\"western\" align=\"justify\"><b>Jav\u00edt\u00e1s:<\/b> A V2017.4.1-es verzi\u00f3ban, a T\u00f6rzsadatok \/ Deviza \u00e1rfolyamok dial\u00f3gban egy 2017.09-havi d\u00e1tum intervallum maradt bent a tesztel\u00e9sb\u0151l. Ez jav\u00edt\u00e1sra ker\u00fclt.<\/p>\n<p class=\"western\" align=\"justify\"><b>Jav\u00edt\u00e1s:<\/b> Abban az esetben, ha brutt\u00f3 egys\u00e9g\u00e1r megad\u00e1sa volt akt\u00edv a sz\u00e1mlak\u00e9sz\u00edt\u00e9sekor, a kinyomtatott sz\u00e1ml\u00e1n az egys\u00e9g\u00e1rnak a brutt\u00f3 \u00e1rat jelen\u00edtette meg hib\u00e1san. Ez jav\u00edt\u00e1sra ker\u00fclt \u00e9s a nett\u00f3 \u00e9rt\u00e9ket mutatja.<\/p>\n","protected":false},"excerpt":{"rendered":"<p>T\u00c1J\u00c9KOZTAT\u00d3 A CobraContoLight V2017.5 VERZI\u00d3HOZ V\u00e1ltoz\u00e1sok a V2017.4.1 verzi\u00f3 kiad\u00e1sa ut\u00e1n &nbsp; A CobraContoLight v2017.5 verzi\u00f3j\u00e1ban megjelent a K\u00e9szletkezel\u00e9s modul, amely licenc k\u00f6teles. M\u0171k\u00f6d\u00e9s\u00e9r\u0151l a k\u00f6vetkez\u0151 linken olvashat: http:\/\/help.cobraszamlazoprogram.hu\/index.php\/2017\/11\/20\/keszlet-bevezetes\/ \u00c9rdekl\u0151d\u00e9se eset\u00e9n k\u00e9rj\u00fck h\u00edvja \u00fcgyf\u00e9lszolg\u00e1latunkat a +(36)1-577-0111-es telefonsz\u00e1mon. Adatb\u00e1zis friss\u00edt\u00e9s a CobraContoLight sz\u00e1ml\u00e1z\u00f3 programban Javasoljuk, az adatb\u00e1zis friss\u00edt\u00e9s el\u0151tt mentse el adatb\u00e1zis\u00e1t, a k\u00f6vetkez\u0151 linken olvashat\u00f3 m\u00f3don: Adatb\u00e1zis ment\u00e9s le\u00edr\u00e1s: http:\/\/help.cobraszamlazoprogram.hu\/index.php\/faqs\/adatbazis-mentes\/ Futtassa a CobraContoLight programot! A friss\u00edtett verzi\u00f3 els\u0151 elindul\u00e1sakor a program ellen\u0151rzi a megl\u00e9v\u0151 adatb\u00e1zis [&hellip;]<\/p>\n","protected":false},"author":4,"featured_media":0,"parent":3557,"menu_order":0,"comment_status":"closed","ping_status":"closed","template":"","meta":[],"_links":{"self":[{"href":"http:\/\/help.cobraszamlazoprogram.hu\/index.php\/wp-json\/wp\/v2\/pages\/4305"}],"collection":[{"href":"http:\/\/help.cobraszamlazoprogram.hu\/index.php\/wp-json\/wp\/v2\/pages"}],"about":[{"href":"http:\/\/help.cobraszamlazoprogram.hu\/index.php\/wp-json\/wp\/v2\/types\/page"}],"author":[{"embeddable":true,"href":"http:\/\/help.cobraszamlazoprogram.hu\/index.php\/wp-json\/wp\/v2\/users\/4"}],"replies":[{"embeddable":true,"href":"http:\/\/help.cobraszamlazoprogram.hu\/index.php\/wp-json\/wp\/v2\/comments?post=4305"}],"version-history":[{"count":6,"href":"http:\/\/help.cobraszamlazoprogram.hu\/index.php\/wp-json\/wp\/v2\/pages\/4305\/revisions"}],"predecessor-version":[{"id":4545,"href":"http:\/\/help.cobraszamlazoprogram.hu\/index.php\/wp-json\/wp\/v2\/pages\/4305\/revisions\/4545"}],"up":[{"embeddable":true,"href":"http:\/\/help.cobraszamlazoprogram.hu\/index.php\/wp-json\/wp\/v2\/pages\/3557"}],"wp:attachment":[{"href":"http:\/\/help.cobraszamlazoprogram.hu\/index.php\/wp-json\/wp\/v2\/media?parent=4305"}],"curies":[{"name":"wp","href":"https:\/\/api.w.org\/{rel}","templated":true}]}}