{"id":4261,"date":"2017-10-12T07:04:25","date_gmt":"2017-10-12T07:04:25","guid":{"rendered":"http:\/\/help.cobraszamlazoprogram.hu\/?page_id=4261"},"modified":"2017-10-12T07:05:23","modified_gmt":"2017-10-12T07:05:23","slug":"v2017-3","status":"publish","type":"page","link":"http:\/\/help.cobraszamlazoprogram.hu\/index.php\/ccl-verziok\/v2017-3\/","title":{"rendered":"V2017.3"},"content":{"rendered":"<p style=\"text-align: center;\"><strong>T\u00c1J\u00c9KOZTAT\u00d3 A CobraLight V2017.3 VERZI\u00d3HOZ<\/strong><\/p>\n<p>Adatb\u00e1zis friss\u00edt\u00e9s a CobraLight sz\u00e1ml\u00e1z\u00f3 programban<\/p>\n<p>Futtassa a CobraLight programot! A friss\u00edtett verzi\u00f3 els\u0151 elindul\u00e1sakor a program ellen\u0151rzi a megl\u00e9v\u0151 adatb\u00e1zis verzi\u00f3sz\u00e1m\u00e1t. Amennyiben ez elt\u00e9r a friss\u00edt\u00e9si verzi\u00f3 adatb\u00e1zis verzi\u00f3sz\u00e1m\u00e1t\u00f3l figyelmeztet\u0151 \u00fczenetet k\u00fcld a felhaszn\u00e1l\u00f3nak.<\/p>\n<p style=\"text-align: left;\"><img loading=\"lazy\" width=\"551\" height=\"271\" class=\"alignnone size-full wp-image-4262 aligncenter\" src=\"http:\/\/help.cobraszamlazoprogram.hu\/wp-content\/uploads\/2017\/10\/img_59df132f50c76.png\" alt=\"\" srcset=\"http:\/\/help.cobraszamlazoprogram.hu\/wp-content\/uploads\/2017\/10\/img_59df132f50c76.png 551w, http:\/\/help.cobraszamlazoprogram.hu\/wp-content\/uploads\/2017\/10\/img_59df132f50c76-300x148.png 300w, http:\/\/help.cobraszamlazoprogram.hu\/wp-content\/uploads\/2017\/10\/img_59df132f50c76-250x123.png 250w\" sizes=\"(max-width: 551px) 100vw, 551px\" \/><br \/>\nEl\u0151fordulhat, hogy a fellelt \u00e9rt\u00e9k az \u00d6n verzi\u00f3j\u00e1ban nem azonos a k\u00e9pen l\u00e1that\u00f3val, ez nem jelent probl\u00e9m\u00e1t. Az automatikus friss\u00edt\u00e9s elv\u00e9gz\u00e9s\u00e9hez kattintson az Igen gombra!<\/p>\n<p style=\"text-align: left;\"><img loading=\"lazy\" width=\"309\" height=\"157\" class=\"size-full wp-image-4263 aligncenter\" src=\"http:\/\/help.cobraszamlazoprogram.hu\/wp-content\/uploads\/2017\/10\/img_59df133ed83f2.png\" alt=\"\" srcset=\"http:\/\/help.cobraszamlazoprogram.hu\/wp-content\/uploads\/2017\/10\/img_59df133ed83f2.png 309w, http:\/\/help.cobraszamlazoprogram.hu\/wp-content\/uploads\/2017\/10\/img_59df133ed83f2-300x152.png 300w, http:\/\/help.cobraszamlazoprogram.hu\/wp-content\/uploads\/2017\/10\/img_59df133ed83f2-250x127.png 250w\" sizes=\"(max-width: 309px) 100vw, 309px\" \/><\/p>\n<p style=\"text-align: left;\">Sikeres adatb\u00e1zis friss\u00edt\u00e9s elv\u00e9gz\u00e9s\u00e9r\u0151l a program t\u00e1j\u00e9koztatja a felhaszn\u00e1l\u00f3t. Ok gombra t\u00f6rt\u00e9n\u0151 kattint\u00e1s ut\u00e1n bel\u00e9phet a friss\u00edtett programj\u00e1ba.<\/p>\n<p style=\"text-align: center;\"><span style=\"text-decoration: underline;\"><strong>V\u00e1ltoz\u00e1sok a V2017.2 verzi\u00f3 kiad\u00e1sa ut\u00e1n<\/strong><\/span><\/p>\n<p><strong>Telep\u00edt\u0151kkel (CobraLight, CobraSprintImport) kapcsolatos probl\u00e9ma megold\u00e1sa.<\/strong><\/p>\n<p><strong>Jav\u00edt\u00e1s:<\/strong> Amennyiben a friss\u00edt\u00e9s elv\u00e9gz\u00e9se alatt futott b\u00e1rmely CobraLight programhoz k\u00f6thet\u0151 alkalmaz\u00e1s a program nem k\u00fcld\u00f6tt figyelmeztetet\u0151 \u00fczenetet \u00e9s bizonyos f\u00e1jlok friss\u00edt\u00e9se elmaradhatott. Jelen verzi\u00f3t\u00f3l, programm\u00f3dos\u00edt\u00e1s hat\u00e1s\u00e1ra ez a probl\u00e9ma jav\u00edt\u00e1sra<\/p>\n<p><strong>Cobra.Sprint.Import<\/strong><\/p>\n<p>Jav\u00edt\u00e1s: Amennyiben a CobraSprint programban a Partner adatok Sz\u00e1ml\u00e1z\u00e1si c\u00edm f\u00fcl\u00f6n a N\u00e9v1 \u00e9s N\u00e9v2 mez\u0151 is tartalmazott adatot, \u00fagy az import\u00e1l\u00e1s sor\u00e1n a N\u00e9v2 mez\u0151ben r\u00f6gz\u00edtett adat nem ker\u00fclt a CobraLight programba. Jelen verzi\u00f3t\u00f3l, programm\u00f3dos\u00edt\u00e1s hat\u00e1s\u00e1ra ez a probl\u00e9ma jav\u00edt\u00e1sra ker\u00fclt \u00e9s a mind a N\u00e9v1, mind a N\u00e9v2 mez\u0151 tartalma import\u00e1l\u00e1skor \u00e1tker\u00fcl a CobraLight programba a partner adatokhoz a N\u00e9v a bizonylaton mez\u0151be.<\/p>\n<p><strong>CobraLight program<\/strong><\/p>\n<p>T\u00f6rzsadatok\/C\u00e9g\/Ad\u00f3hat\u00f3s\u00e1gi kapcsolat\/Jogszab\u00e1lyi megfelel\u0151s\u00e9gi nyilatkozat: Jelen verzi\u00f3t\u00f3l a program tartalmazza ezt az \u00faj men\u00fcpontot. Ennek seg\u00edts\u00e9g\u00e9vel a nem DEMO licencet tartalmaz\u00f3 adatb\u00e1zisokb\u00f3l Jogszab\u00e1ly megfelel\u0151s\u00e9gi nyilatkozat nyomtathat\u00f3.<\/p>\n<p><strong>Jav\u00edt\u00e1s:<\/strong> Sz\u00e1mlak\u00e9sz\u00edt\u00e9s\/List\u00e1k\/\u00c1fa\/T\u00e9teles men\u00fcpontban, abban az esetben, ha a CobraLight programban, sz\u00e1mla ki\u00e1ll\u00edt\u00e1sakor nem a partnert\u00f6rzsb\u0151l v\u00e1lasztottunk partnert, hanem csak manu\u00e1lisan adatbevitel t\u00f6rt\u00e9nt, akkor adott partner neve nem jelent meg az \u00c1fa list\u00e1n. Jelen verzi\u00f3t\u00f3l, programm\u00f3dos\u00edt\u00e1s hat\u00e1s\u00e1ra ez a probl\u00e9ma jav\u00edt\u00e1sra ker\u00fclt.<\/p>\n<p><strong>Jav\u00edt\u00e1s:<\/strong> F\u0151men\u00fc\/Sz\u00e1mlak\u00e9sz\u00edt\u00e9s\/Bek\u00e9r\u0151levelek men\u00fcpontban r\u00f6gz\u00edtett deviz\u00e1s bizonylatokn\u00e1l probl\u00e9ma jelentkezett a tizedes \u00e9rt\u00e9ket tartalmaz\u00f3 \u00e1rak megjelen\u00edt\u00e9se eset\u00e9n. A program nem jelen\u00edtett meg a beviteli k\u00e9perny\u0151 \u00e9s a nyomtat\u00e1si k\u00e9pen a pld: 0,53 \u00e9rt\u00e9kb\u0151l az eg\u00e9szr\u00e9szt. Jelen verzi\u00f3t\u00f3l, programm\u00f3dos\u00edt\u00e1s hat\u00e1s\u00e1ra ez a probl\u00e9ma jav\u00edt\u00e1sra ker\u00fclt.<\/p>\n<p>Brutt\u00f3 egys\u00e9g\u00e1r kezel\u00e9se: Jelen verzi\u00f3t\u00f3l programm\u00f3dos\u00edt\u00e1s hat\u00e1s\u00e1ra be\u00e1ll\u00edthat\u00f3, hogy a term\u00e9kt\u00f6rzsben kezelt elad\u00e1si \u00e1rakat a program sz\u00e1ml\u00e1z\u00e1skor Brutt\u00f3 \u00e9rt\u00e9kk\u00e9nt kezelje. Az al\u00e1bbi m\u00f3dos\u00edt\u00e1sokat kell elv\u00e9geznie ehhez a be\u00e1ll\u00edt\u00e1shoz: Cobra.Light.Admin programon bel\u00fcl a Be\u00e1ll\u00edt\u00e1sok\/Rendszer men\u00fcpontban Brutt\u00f3.Egys\u00e9g\u00e1r.Megad\u00e1s.alap\u00e9rtelmezett rendszerv\u00e1ltoz\u00f3 \u00e9rt\u00e9k\u00e9t kell m\u00f3dos\u00edtania. Ezzel szab\u00e1lyozni tudja, hogy \u00faj bizonylat k\u00e9sz\u00edt\u00e9sekor a \u201eBrutt\u00f3 egys\u00e9g\u00e1r megad\u00e1s\u201d jel\u00f6l\u0151n\u00e9gyzet be legyen \u2013e jel\u00f6lve<br \/>\nFelvet\u0151 \u00e9rt\u00e9kek: Nem : 0 \/ Igen: 1<br \/>\nAlap\u00e9rtelmezett \u00e9rt\u00e9k: 0<\/p>\n<p><img loading=\"lazy\" width=\"447\" height=\"340\" class=\"alignnone size-full wp-image-4264 aligncenter\" src=\"http:\/\/help.cobraszamlazoprogram.hu\/wp-content\/uploads\/2017\/10\/img_59df1357c0e26.png\" alt=\"\" srcset=\"http:\/\/help.cobraszamlazoprogram.hu\/wp-content\/uploads\/2017\/10\/img_59df1357c0e26.png 447w, http:\/\/help.cobraszamlazoprogram.hu\/wp-content\/uploads\/2017\/10\/img_59df1357c0e26-300x228.png 300w, http:\/\/help.cobraszamlazoprogram.hu\/wp-content\/uploads\/2017\/10\/img_59df1357c0e26-250x190.png 250w\" sizes=\"(max-width: 447px) 100vw, 447px\" \/><\/p>\n<p>Sz\u00e1mla ki\u00e1ll\u00edt\u00e1sakor a F\u0151men\u00fc\/Sz\u00e1mlak\u00e9sz\u00edt\u00e9s\/\u2026 sz\u00e1ml\u00e1k men\u00fcpontot bel\u00fcl \u00daj bizonylatot v\u00e1lasztva a Brutt\u00f3 egys\u00e9g\u00e1r megad\u00e1sa mez\u0151 jel\u00f6lt lesz, a term\u00e9ksorban az \u00e1rakat, brutt\u00f3 \u00e9rt\u00e9kk\u00e9nt fogja a program kezelni.<\/p>\n<p>&nbsp;<\/p>\n<p><img loading=\"lazy\" width=\"570\" height=\"325\" class=\"size-full wp-image-4265 aligncenter\" src=\"http:\/\/help.cobraszamlazoprogram.hu\/wp-content\/uploads\/2017\/10\/img_59df13627c3e3.png\" alt=\"\" srcset=\"http:\/\/help.cobraszamlazoprogram.hu\/wp-content\/uploads\/2017\/10\/img_59df13627c3e3.png 570w, http:\/\/help.cobraszamlazoprogram.hu\/wp-content\/uploads\/2017\/10\/img_59df13627c3e3-300x171.png 300w, http:\/\/help.cobraszamlazoprogram.hu\/wp-content\/uploads\/2017\/10\/img_59df13627c3e3-250x143.png 250w\" sizes=\"(max-width: 570px) 100vw, 570px\" \/><\/p>\n<p><strong>Jav\u00edt\u00e1s:<\/strong> T\u00f6bb \u00edzben jelezt\u00e9k ut\u00f3lag, hogy a program id\u0151nk\u00e9nt elfelejti a fel\u00fcleti be\u00e1ll\u00edt\u00e1sokat \u00e9s a kedvenceket. Akkor fordult el\u0151, ha k\u00e9t, vagy t\u00f6bb kliens ugyanazzal a felhaszn\u00e1l\u00f3val jelentkezett be, \u00e9s t\u00f6bb kliensben v\u00e1ltoztatott a be\u00e1ll\u00edt\u00e1sokon. Mostant\u00f3l a k\u00fcl\u00f6nb\u00f6z\u0151 be\u00e1ll\u00edt\u00e1sok ment\u00e9se zavartalanul megt\u00f6rt\u00e9nik, azonos be\u00e1ll\u00edt\u00e1s m\u00f3dos\u00edt\u00e1sa eset\u00e9n az utols\u00f3 marad meg. Hiba nem keletkezik.<\/p>\n<p><a href=\"http:\/\/help.cobraszamlazoprogram.hu\/index.php\/ccl-verziok\/\">Visszal\u00e9p\u00e9s a CCL verzi\u00f3k \u00e9s v\u00e1ltoz\u00e1s napl\u00f3k oldalra<\/a><\/p>\n","protected":false},"excerpt":{"rendered":"<p>T\u00c1J\u00c9KOZTAT\u00d3 A CobraLight V2017.3 VERZI\u00d3HOZ Adatb\u00e1zis friss\u00edt\u00e9s a CobraLight sz\u00e1ml\u00e1z\u00f3 programban Futtassa a CobraLight programot! A friss\u00edtett verzi\u00f3 els\u0151 elindul\u00e1sakor a program ellen\u0151rzi a megl\u00e9v\u0151 adatb\u00e1zis verzi\u00f3sz\u00e1m\u00e1t. Amennyiben ez elt\u00e9r a friss\u00edt\u00e9si verzi\u00f3 adatb\u00e1zis verzi\u00f3sz\u00e1m\u00e1t\u00f3l figyelmeztet\u0151 \u00fczenetet k\u00fcld a felhaszn\u00e1l\u00f3nak. El\u0151fordulhat, hogy a fellelt \u00e9rt\u00e9k az \u00d6n verzi\u00f3j\u00e1ban nem azonos a k\u00e9pen l\u00e1that\u00f3val, ez nem jelent probl\u00e9m\u00e1t. Az automatikus friss\u00edt\u00e9s elv\u00e9gz\u00e9s\u00e9hez kattintson az Igen gombra! Sikeres adatb\u00e1zis friss\u00edt\u00e9s elv\u00e9gz\u00e9s\u00e9r\u0151l a program t\u00e1j\u00e9koztatja a felhaszn\u00e1l\u00f3t. Ok [&hellip;]<\/p>\n","protected":false},"author":3,"featured_media":0,"parent":3557,"menu_order":2,"comment_status":"closed","ping_status":"closed","template":"","meta":[],"_links":{"self":[{"href":"http:\/\/help.cobraszamlazoprogram.hu\/index.php\/wp-json\/wp\/v2\/pages\/4261"}],"collection":[{"href":"http:\/\/help.cobraszamlazoprogram.hu\/index.php\/wp-json\/wp\/v2\/pages"}],"about":[{"href":"http:\/\/help.cobraszamlazoprogram.hu\/index.php\/wp-json\/wp\/v2\/types\/page"}],"author":[{"embeddable":true,"href":"http:\/\/help.cobraszamlazoprogram.hu\/index.php\/wp-json\/wp\/v2\/users\/3"}],"replies":[{"embeddable":true,"href":"http:\/\/help.cobraszamlazoprogram.hu\/index.php\/wp-json\/wp\/v2\/comments?post=4261"}],"version-history":[{"count":2,"href":"http:\/\/help.cobraszamlazoprogram.hu\/index.php\/wp-json\/wp\/v2\/pages\/4261\/revisions"}],"predecessor-version":[{"id":4267,"href":"http:\/\/help.cobraszamlazoprogram.hu\/index.php\/wp-json\/wp\/v2\/pages\/4261\/revisions\/4267"}],"up":[{"embeddable":true,"href":"http:\/\/help.cobraszamlazoprogram.hu\/index.php\/wp-json\/wp\/v2\/pages\/3557"}],"wp:attachment":[{"href":"http:\/\/help.cobraszamlazoprogram.hu\/index.php\/wp-json\/wp\/v2\/media?parent=4261"}],"curies":[{"name":"wp","href":"https:\/\/api.w.org\/{rel}","templated":true}]}}