{"id":4184,"date":"2017-04-27T11:48:07","date_gmt":"2017-04-27T11:48:07","guid":{"rendered":"http:\/\/help.cobraszamlazoprogram.hu\/?page_id=4184"},"modified":"2017-04-27T11:48:07","modified_gmt":"2017-04-27T11:48:07","slug":"felhasznaloi-kerdesek","status":"publish","type":"page","link":"http:\/\/help.cobraszamlazoprogram.hu\/index.php\/felhasznaloi-kerdesek\/","title":{"rendered":"Felhaszn\u00e1l\u00f3i k\u00e9rd\u00e9sek"},"content":{"rendered":"<style>        <\/style><div  class=\"ewd-ufaq-faq-list ewd-ufaq-page-type-distinct\" id='ewd-ufaq-faq-list'>\n\n\t<input type='hidden' name='include_category' value='\u2019felhasznaloi-kerdesek-gyik\u2019' id='ewd-ufaq-include-category' \/>\n<input type='hidden' name='exclude_category' value='' id='ewd-ufaq-exclude-category' \/>\n<input type='hidden' name='orderby' value='title' id='ewd-ufaq-orderby' \/>\n<input type='hidden' name='order' value='asc' id='ewd-ufaq-order' \/>\n<input type='hidden' name='post_count' value='-1' id='ewd-ufaq-post-count' \/>\n<input type='hidden' name='current_url' value='\/index.php\/wp-json\/wp\/v2\/pages\/4184' id='ewd-ufaq-current-url' \/>\n\t\n\t\n\t<div class='ewd-ufaq-faqs'>\n\n\t\t<div  class=\"ewd-ufaq-faq-div ewd-ufaq-faq-column-count-one ewd-ufaq-faq-responsive-columns- ewd-ufaq-faq-display-style-default\" id='ewd-ufaq-post-4531-Z0rYA9DXjr' data-post_id='4531'>\n\n\t<div class='ewd-ufaq-faq-title '>\n\t\n\t<a class='ewd-ufaq-post-margin'  href='http:\/\/help.cobraszamlazoprogram.hu\/index.php\/ufaq\/adatbazis-mentes\/'>\n\n\t\t<div class='ewd-ufaq-post-margin-symbol ewd-ufaq-'>\n\t\t\t<span >a<\/span>\n\t\t<\/div>\n\n\t\t<div class='ewd-ufaq-faq-title-text'>\n\n\t\t\t<h4>\n\t\t\t\tAdatb\u00e1zis ment\u00e9s\t\t\t<\/h4>\n\n\t\t<\/div>\n\n\t\t<div class='ewd-ufaq-clear'><\/div>\n\n\t<\/a>\n\t\n<\/div>\n\t\n\t<div class='ewd-ufaq-faq-body ewd-ufaq-hidden' >\n\n\t\t\n\t<\/div>\n\n<\/div><div  class=\"ewd-ufaq-faq-div ewd-ufaq-faq-column-count-one ewd-ufaq-faq-responsive-columns- ewd-ufaq-faq-display-style-default\" id='ewd-ufaq-post-4195-gNW3MEJBxP' data-post_id='4195'>\n\n\t<div class='ewd-ufaq-faq-title '>\n\t\n\t<a class='ewd-ufaq-post-margin'  href='http:\/\/help.cobraszamlazoprogram.hu\/index.php\/ufaq\/cobracontolight-program-telepitese-egyceges-telepites\/'>\n\n\t\t<div class='ewd-ufaq-post-margin-symbol ewd-ufaq-'>\n\t\t\t<span >a<\/span>\n\t\t<\/div>\n\n\t\t<div class='ewd-ufaq-faq-title-text'>\n\n\t\t\t<h4>\n\t\t\t\tCobraContoLight program telep\u00edt\u00e9se, egyc\u00e9ges telep\u00edt\u00e9s.\t\t\t<\/h4>\n\n\t\t<\/div>\n\n\t\t<div class='ewd-ufaq-clear'><\/div>\n\n\t<\/a>\n\t\n<\/div>\n\t<div class='ewd-ufaq-faq-excerpt'>\n\t<p>Hogyan kell telep\u00edtenem a CobraContoLight sz\u00e1ml\u00e1z\u00f3programot? Mi t\u00f6rt\u00e9nik a telep\u00edt\u00e9s sor\u00e1n? <\/p>\n<\/div>\n\t<div class='ewd-ufaq-faq-body ewd-ufaq-hidden' >\n\n\t\t\n\t<\/div>\n\n<\/div><div  class=\"ewd-ufaq-faq-div ewd-ufaq-faq-column-count-one ewd-ufaq-faq-responsive-columns- ewd-ufaq-faq-display-style-default\" id='ewd-ufaq-post-4180-RBR545k2yF' data-post_id='4180'>\n\n\t<div class='ewd-ufaq-faq-title '>\n\t\n\t<a class='ewd-ufaq-post-margin'  href='http:\/\/help.cobraszamlazoprogram.hu\/index.php\/ufaq\/forditott-afa-kezeles-a-cobralight-programban\/'>\n\n\t\t<div class='ewd-ufaq-post-margin-symbol ewd-ufaq-'>\n\t\t\t<span >a<\/span>\n\t\t<\/div>\n\n\t\t<div class='ewd-ufaq-faq-title-text'>\n\n\t\t\t<h4>\n\t\t\t\tFord\u00edtott \u00c1fa kezel\u00e9s a CobraLight programban\t\t\t<\/h4>\n\n\t\t<\/div>\n\n\t\t<div class='ewd-ufaq-clear'><\/div>\n\n\t<\/a>\n\t\n<\/div>\n\t<div class='ewd-ufaq-faq-excerpt'>\n\t<p>Hogy kell be\u00e1ll\u00edtanom a ford\u00edtott \u00c1f\u00e1t a programban.<\/p>\n<\/div>\n\t<div class='ewd-ufaq-faq-body ewd-ufaq-hidden' >\n\n\t\t\n\t<\/div>\n\n<\/div><div  class=\"ewd-ufaq-faq-div ewd-ufaq-faq-column-count-one ewd-ufaq-faq-responsive-columns- ewd-ufaq-faq-display-style-default\" id='ewd-ufaq-post-4194-Q4Yy5qnvLI' data-post_id='4194'>\n\n\t<div class='ewd-ufaq-faq-title '>\n\t\n\t<a class='ewd-ufaq-post-margin'  href='http:\/\/help.cobraszamlazoprogram.hu\/index.php\/ufaq\/hardver-es-szoftverkovetelmenyek\/'>\n\n\t\t<div class='ewd-ufaq-post-margin-symbol ewd-ufaq-'>\n\t\t\t<span >a<\/span>\n\t\t<\/div>\n\n\t\t<div class='ewd-ufaq-faq-title-text'>\n\n\t\t\t<h4>\n\t\t\t\tHardver \u00e9s szoftverk\u00f6vetelm\u00e9nyek\t\t\t<\/h4>\n\n\t\t<\/div>\n\n\t\t<div class='ewd-ufaq-clear'><\/div>\n\n\t<\/a>\n\t\n<\/div>\n\t<div class='ewd-ufaq-faq-excerpt'>\n\t<p>Milyen sz\u00e1m\u00edt\u00f3g\u00e9p konfigur\u00e1ci\u00f3ra \u00e9s milyen oper\u00e1ci\u00f3s rendszerre van minim\u00e1lisan sz\u00fcks\u00e9gem, hogy haszn\u00e1lhassam a CobraContoLight sz\u00e1ml\u00e1z\u00f3programot.<\/p>\n<\/div>\n\t<div class='ewd-ufaq-faq-body ewd-ufaq-hidden' >\n\n\t\t\n\t<\/div>\n\n<\/div><div  class=\"ewd-ufaq-faq-div ewd-ufaq-faq-column-count-one ewd-ufaq-faq-responsive-columns- ewd-ufaq-faq-display-style-default\" id='ewd-ufaq-post-4203-mtf0Rwuwdc' data-post_id='4203'>\n\n\t<div class='ewd-ufaq-faq-title '>\n\t\n\t<a class='ewd-ufaq-post-margin'  href='http:\/\/help.cobraszamlazoprogram.hu\/index.php\/ufaq\/hogyan-engedelyezhetem-a-termekazonosito-megjeleniteset-a-szamlan\/'>\n\n\t\t<div class='ewd-ufaq-post-margin-symbol ewd-ufaq-'>\n\t\t\t<span >a<\/span>\n\t\t<\/div>\n\n\t\t<div class='ewd-ufaq-faq-title-text'>\n\n\t\t\t<h4>\n\t\t\t\tHogyan enged\u00e9lyezhetem a term\u00e9kazonos\u00edt\u00f3 megjelen\u00edt\u00e9s\u00e9t a sz\u00e1ml\u00e1n\t\t\t<\/h4>\n\n\t\t<\/div>\n\n\t\t<div class='ewd-ufaq-clear'><\/div>\n\n\t<\/a>\n\t\n<\/div>\n\t\n\t<div class='ewd-ufaq-faq-body ewd-ufaq-hidden' >\n\n\t\t\n\t<\/div>\n\n<\/div><div  class=\"ewd-ufaq-faq-div ewd-ufaq-faq-column-count-one ewd-ufaq-faq-responsive-columns- ewd-ufaq-faq-display-style-default\" id='ewd-ufaq-post-4197-8IkKbK0EDu' data-post_id='4197'>\n\n\t<div class='ewd-ufaq-faq-title '>\n\t\n\t<a class='ewd-ufaq-post-margin'  href='http:\/\/help.cobraszamlazoprogram.hu\/index.php\/ufaq\/hogyan-keszithetek-biztonsagi-mentest-az-adataimrol\/'>\n\n\t\t<div class='ewd-ufaq-post-margin-symbol ewd-ufaq-'>\n\t\t\t<span >a<\/span>\n\t\t<\/div>\n\n\t\t<div class='ewd-ufaq-faq-title-text'>\n\n\t\t\t<h4>\n\t\t\t\tHogyan k\u00e9sz\u00edthetek biztons\u00e1gi ment\u00e9st az adataimr\u00f3l\t\t\t<\/h4>\n\n\t\t<\/div>\n\n\t\t<div class='ewd-ufaq-clear'><\/div>\n\n\t<\/a>\n\t\n<\/div>\n\t<div class='ewd-ufaq-faq-excerpt'>\n\t<p>Adatb\u00e1zis ment\u00e9si funkci\u00f3<\/p>\n<\/div>\n\t<div class='ewd-ufaq-faq-body ewd-ufaq-hidden' >\n\n\t\t\n\t<\/div>\n\n<\/div><div  class=\"ewd-ufaq-faq-div ewd-ufaq-faq-column-count-one ewd-ufaq-faq-responsive-columns- ewd-ufaq-faq-display-style-default\" id='ewd-ufaq-post-4200-Hcm6O80RX1' data-post_id='4200'>\n\n\t<div class='ewd-ufaq-faq-title '>\n\t\n\t<a class='ewd-ufaq-post-margin'  href='http:\/\/help.cobraszamlazoprogram.hu\/index.php\/ufaq\/hogyan-keszithetek-tobbnyelvu-szamlat\/'>\n\n\t\t<div class='ewd-ufaq-post-margin-symbol ewd-ufaq-'>\n\t\t\t<span >a<\/span>\n\t\t<\/div>\n\n\t\t<div class='ewd-ufaq-faq-title-text'>\n\n\t\t\t<h4>\n\t\t\t\tHogyan k\u00e9sz\u00edthetek t\u00f6bbnyelv\u0171 sz\u00e1ml\u00e1t\t\t\t<\/h4>\n\n\t\t<\/div>\n\n\t\t<div class='ewd-ufaq-clear'><\/div>\n\n\t<\/a>\n\t\n<\/div>\n\t<div class='ewd-ufaq-faq-excerpt'>\n\t<p>Magyar\/n\u00e9met k\u00e9tnyelv\u0171 sz\u00e1mla<\/p>\n<\/div>\n\t<div class='ewd-ufaq-faq-body ewd-ufaq-hidden' >\n\n\t\t\n\t<\/div>\n\n<\/div><div  class=\"ewd-ufaq-faq-div ewd-ufaq-faq-column-count-one ewd-ufaq-faq-responsive-columns- ewd-ufaq-faq-display-style-default\" id='ewd-ufaq-post-4193-dkYtuDX5rk' data-post_id='4193'>\n\n\t<div class='ewd-ufaq-faq-title '>\n\t\n\t<a class='ewd-ufaq-post-margin'  href='http:\/\/help.cobraszamlazoprogram.hu\/index.php\/ufaq\/tobb-cegre-szeretnem-hasznalni-a-programot\/'>\n\n\t\t<div class='ewd-ufaq-post-margin-symbol ewd-ufaq-'>\n\t\t\t<span >a<\/span>\n\t\t<\/div>\n\n\t\t<div class='ewd-ufaq-faq-title-text'>\n\n\t\t\t<h4>\n\t\t\t\tT\u00f6bb c\u00e9gre szeretn\u00e9m haszn\u00e1lni a programot&#8230;\t\t\t<\/h4>\n\n\t\t<\/div>\n\n\t\t<div class='ewd-ufaq-clear'><\/div>\n\n\t<\/a>\n\t\n<\/div>\n\t<div class='ewd-ufaq-faq-excerpt'>\n\t<p>Mit kell tennem? Hogyan kell l\u00e9trehoznom \u00faj adatb\u00e1zisokat ? <\/p>\n<\/div>\n\t<div class='ewd-ufaq-faq-body ewd-ufaq-hidden' >\n\n\t\t\n\t<\/div>\n\n<\/div>\n\t<\/div>\n\n\t\n<\/div>\n","protected":false},"excerpt":{"rendered":"<p>A T\u00f6bb c\u00e9gre szeretn\u00e9m haszn\u00e1lni a programot&#8230; Mit kell tennem? Hogyan kell l\u00e9trehoznom \u00faj adatb\u00e1zisokat ?<\/p>\n","protected":false},"author":3,"featured_media":0,"parent":0,"menu_order":0,"comment_status":"closed","ping_status":"closed","template":"","meta":[],"_links":{"self":[{"href":"http:\/\/help.cobraszamlazoprogram.hu\/index.php\/wp-json\/wp\/v2\/pages\/4184"}],"collection":[{"href":"http:\/\/help.cobraszamlazoprogram.hu\/index.php\/wp-json\/wp\/v2\/pages"}],"about":[{"href":"http:\/\/help.cobraszamlazoprogram.hu\/index.php\/wp-json\/wp\/v2\/types\/page"}],"author":[{"embeddable":true,"href":"http:\/\/help.cobraszamlazoprogram.hu\/index.php\/wp-json\/wp\/v2\/users\/3"}],"replies":[{"embeddable":true,"href":"http:\/\/help.cobraszamlazoprogram.hu\/index.php\/wp-json\/wp\/v2\/comments?post=4184"}],"version-history":[{"count":1,"href":"http:\/\/help.cobraszamlazoprogram.hu\/index.php\/wp-json\/wp\/v2\/pages\/4184\/revisions"}],"predecessor-version":[{"id":4185,"href":"http:\/\/help.cobraszamlazoprogram.hu\/index.php\/wp-json\/wp\/v2\/pages\/4184\/revisions\/4185"}],"wp:attachment":[{"href":"http:\/\/help.cobraszamlazoprogram.hu\/index.php\/wp-json\/wp\/v2\/media?parent=4184"}],"curies":[{"name":"wp","href":"https:\/\/api.w.org\/{rel}","templated":true}]}}