{"id":4054,"date":"2017-03-30T12:39:15","date_gmt":"2017-03-30T12:39:15","guid":{"rendered":"http:\/\/help.cobraszamlazoprogram.hu\/?page_id=4054"},"modified":"2017-03-30T12:39:30","modified_gmt":"2017-03-30T12:39:30","slug":"hibauzenetek","status":"publish","type":"page","link":"http:\/\/help.cobraszamlazoprogram.hu\/index.php\/gyik\/hibauzenetek\/","title":{"rendered":"Hiba\u00fczenetek"},"content":{"rendered":"<style>        <\/style><div  class=\"ewd-ufaq-faq-list ewd-ufaq-page-type-distinct\" id='ewd-ufaq-faq-list'>\n\n\t<input type='hidden' name='include_category' value='\u2019Hiba\u00fczenetek\u2019' id='ewd-ufaq-include-category' \/>\n<input type='hidden' name='exclude_category' value='' id='ewd-ufaq-exclude-category' \/>\n<input type='hidden' name='orderby' value='title' id='ewd-ufaq-orderby' \/>\n<input type='hidden' name='order' value='asc' id='ewd-ufaq-order' \/>\n<input type='hidden' name='post_count' value='-1' id='ewd-ufaq-post-count' \/>\n<input type='hidden' name='current_url' value='\/index.php\/wp-json\/wp\/v2\/pages\/4054' id='ewd-ufaq-current-url' \/>\n\t\n\t\n\t<div class='ewd-ufaq-faqs'>\n\n\t\t<div  class=\"ewd-ufaq-faq-div ewd-ufaq-faq-column-count-one ewd-ufaq-faq-responsive-columns- ewd-ufaq-faq-display-style-default\" id='ewd-ufaq-post-4107-OQ1eUxYkGP' data-post_id='4107'>\n\n\t<div class='ewd-ufaq-faq-title '>\n\t\n\t<a class='ewd-ufaq-post-margin'  href='http:\/\/help.cobraszamlazoprogram.hu\/index.php\/ufaq\/a-program-mar-hasznalatban-van-a-kapcsolat-letrehozasa-sikertelen\/'>\n\n\t\t<div class='ewd-ufaq-post-margin-symbol ewd-ufaq-'>\n\t\t\t<span >a<\/span>\n\t\t<\/div>\n\n\t\t<div class='ewd-ufaq-faq-title-text'>\n\n\t\t\t<h4>\n\t\t\t\tA program m\u00e1r haszn\u00e1latban van: A kapcsolat l\u00e9trehoz\u00e1sa sikertelen\t\t\t<\/h4>\n\n\t\t<\/div>\n\n\t\t<div class='ewd-ufaq-clear'><\/div>\n\n\t<\/a>\n\t\n<\/div>\n\t<div class='ewd-ufaq-faq-excerpt'>\n\t<p>A program m\u00e1r haszn\u00e1latban van: A kapcsolat l\u00e9trehoz\u00e1sa sikertelen<\/p>\n<\/div>\n\t<div class='ewd-ufaq-faq-body ewd-ufaq-hidden' >\n\n\t\t\n\t<\/div>\n\n<\/div><div  class=\"ewd-ufaq-faq-div ewd-ufaq-faq-column-count-one ewd-ufaq-faq-responsive-columns- ewd-ufaq-faq-display-style-default\" id='ewd-ufaq-post-4123-oeeUlQZwNA' data-post_id='4123'>\n\n\t<div class='ewd-ufaq-faq-title '>\n\t\n\t<a class='ewd-ufaq-post-margin'  href='http:\/\/help.cobraszamlazoprogram.hu\/index.php\/ufaq\/frissites-utan-elso-inditaskor-kerdest-tesz-fel-a-program\/'>\n\n\t\t<div class='ewd-ufaq-post-margin-symbol ewd-ufaq-'>\n\t\t\t<span >a<\/span>\n\t\t<\/div>\n\n\t\t<div class='ewd-ufaq-faq-title-text'>\n\n\t\t\t<h4>\n\t\t\t\tFriss\u00edt\u00e9s ut\u00e1n els\u0151 ind\u00edt\u00e1skor k\u00e9rd\u00e9st tesz fel a program\t\t\t<\/h4>\n\n\t\t<\/div>\n\n\t\t<div class='ewd-ufaq-clear'><\/div>\n\n\t<\/a>\n\t\n<\/div>\n\t<div class='ewd-ufaq-faq-excerpt'>\n\t<p>Adatb\u00e1zis verzi\u00f3sz\u00e1ma nem megfelel\u0151<\/p>\n<\/div>\n\t<div class='ewd-ufaq-faq-body ewd-ufaq-hidden' >\n\n\t\t\n\t<\/div>\n\n<\/div><div  class=\"ewd-ufaq-faq-div ewd-ufaq-faq-column-count-one ewd-ufaq-faq-responsive-columns- ewd-ufaq-faq-display-style-default\" id='ewd-ufaq-post-4037-AtSKvaydf2' data-post_id='4037'>\n\n\t<div class='ewd-ufaq-faq-title '>\n\t\n\t<a class='ewd-ufaq-post-margin'  href='http:\/\/help.cobraszamlazoprogram.hu\/index.php\/ufaq\/a-kapcsolat-letrehozasa-sikertelen\/'>\n\n\t\t<div class='ewd-ufaq-post-margin-symbol ewd-ufaq-'>\n\t\t\t<span >a<\/span>\n\t\t<\/div>\n\n\t\t<div class='ewd-ufaq-faq-title-text'>\n\n\t\t\t<h4>\n\t\t\t\tK\u00f6zvetlen telep\u00edt\u00e9s ut\u00e1n : A kapcsolat l\u00e9trehoz\u00e1sa sikertelen\t\t\t<\/h4>\n\n\t\t<\/div>\n\n\t\t<div class='ewd-ufaq-clear'><\/div>\n\n\t<\/a>\n\t\n<\/div>\n\t<div class='ewd-ufaq-faq-excerpt'>\n\t<p>K\u00f6zvetlen telep\u00edt\u00e9s ut\u00e1n : A kapcsolat l\u00e9trehoz\u00e1sa sikertelen <\/p>\n<\/div>\n\t<div class='ewd-ufaq-faq-body ewd-ufaq-hidden' >\n\n\t\t\n\t<\/div>\n\n<\/div>\n\t<\/div>\n\n\t\n<\/div>\n","protected":false},"excerpt":{"rendered":"<p>A K\u00f6zvetlen telep\u00edt\u00e9s ut\u00e1n : A kapcsolat l\u00e9trehoz\u00e1sa sikertelen K\u00f6zvetlen telep\u00edt\u00e9s ut\u00e1n : A kapcsolat l\u00e9trehoz\u00e1sa sikertelen<\/p>\n","protected":false},"author":3,"featured_media":0,"parent":3953,"menu_order":2,"comment_status":"closed","ping_status":"closed","template":"","meta":[],"_links":{"self":[{"href":"http:\/\/help.cobraszamlazoprogram.hu\/index.php\/wp-json\/wp\/v2\/pages\/4054"}],"collection":[{"href":"http:\/\/help.cobraszamlazoprogram.hu\/index.php\/wp-json\/wp\/v2\/pages"}],"about":[{"href":"http:\/\/help.cobraszamlazoprogram.hu\/index.php\/wp-json\/wp\/v2\/types\/page"}],"author":[{"embeddable":true,"href":"http:\/\/help.cobraszamlazoprogram.hu\/index.php\/wp-json\/wp\/v2\/users\/3"}],"replies":[{"embeddable":true,"href":"http:\/\/help.cobraszamlazoprogram.hu\/index.php\/wp-json\/wp\/v2\/comments?post=4054"}],"version-history":[{"count":2,"href":"http:\/\/help.cobraszamlazoprogram.hu\/index.php\/wp-json\/wp\/v2\/pages\/4054\/revisions"}],"predecessor-version":[{"id":4056,"href":"http:\/\/help.cobraszamlazoprogram.hu\/index.php\/wp-json\/wp\/v2\/pages\/4054\/revisions\/4056"}],"up":[{"embeddable":true,"href":"http:\/\/help.cobraszamlazoprogram.hu\/index.php\/wp-json\/wp\/v2\/pages\/3953"}],"wp:attachment":[{"href":"http:\/\/help.cobraszamlazoprogram.hu\/index.php\/wp-json\/wp\/v2\/media?parent=4054"}],"curies":[{"name":"wp","href":"https:\/\/api.w.org\/{rel}","templated":true}]}}