{"id":3557,"date":"2017-02-17T11:53:06","date_gmt":"2017-02-17T11:53:06","guid":{"rendered":"http:\/\/help.cobraszamlazoprogram.hu\/?page_id=3557"},"modified":"2026-03-03T09:55:55","modified_gmt":"2026-03-03T09:55:55","slug":"ccl-verziok","status":"publish","type":"page","link":"http:\/\/help.cobraszamlazoprogram.hu\/index.php\/ccl-verziok\/","title":{"rendered":"CCL verzi\u00f3k \u00e9s v\u00e1ltoz\u00e1s napl\u00f3k"},"content":{"rendered":"\n<p> <\/p>\n\n\n\n<p><\/p>\n\n\n\n<h2>Aktu\u00e1lis verzi\u00f3<\/h2>\n\n\n\n<figure class=\"wp-block-table aligncenter is-style-regular\"><table><tbody><tr><td class=\"has-text-align-center\" data-align=\"center\"><strong>Verzi\u00f3sz\u00e1m<\/strong><\/td><td class=\"has-text-align-center\" data-align=\"center\"><strong>Megjelen\u00e9s d\u00e1tuma<\/strong><\/td><td class=\"has-text-align-center\" data-align=\"center\"><strong>V\u00e1ltoz\u00e1s napl\u00f3<\/strong><\/td><\/tr><tr><td class=\"has-text-align-center\" data-align=\"center\"><strong>2026.1<\/strong><\/td><td class=\"has-text-align-center\" data-align=\"center\">2026.03.03<\/td><td class=\"has-text-align-center\" data-align=\"center\"><a href=\"https:\/\/help.cobraszamlazoprogram.hu\/index.php\/2026\/02\/20\/v2026-1\/\" data-type=\"URL\">Verzi\u00f3le\u00edr\u00e1s<\/a><br><a href=\"http:\/\/help.cobraszamlazoprogram.hu\/wp-content\/uploads\/2026\/03\/CobraContoLight-v2026.1.pdf\" data-type=\"URL\" target=\"_blank\" rel=\"noreferrer noopener\">PDF let\u00f6lt\u00e9s<\/a><\/td><\/tr><\/tbody><\/table><\/figure>\n\n\n\n<p>Kor\u00e1bbi verzi\u00f3k<\/p>\n\n\n\n<figure class=\"wp-block-table aligncenter is-style-regular\"><table><tbody><tr><td class=\"has-text-align-center\" data-align=\"center\"><strong>Verzi\u00f3sz\u00e1m<\/strong><\/td><td class=\"has-text-align-center\" data-align=\"center\"><strong>Megjelen\u00e9s d\u00e1tuma<\/strong><\/td><td class=\"has-text-align-center\" data-align=\"center\"><strong>V\u00e1ltoz\u00e1s napl\u00f3<\/strong><\/td><\/tr><tr><td class=\"has-text-align-center\" data-align=\"center\"><strong>2025.1<\/strong><\/td><td class=\"has-text-align-center\" data-align=\"center\">2025.03.05<\/td><td class=\"has-text-align-center\" data-align=\"center\"><a href=\"https:\/\/help.cobraszamlazoprogram.hu\/index.php\/2025\/02\/28\/v2025-1\/\" data-type=\"URL\" data-id=\"https:\/\/help.cobraszamlazoprogram.hu\/index.php\/2025\/02\/28\/v2025-1\/\">Verzi\u00f3le\u00edr\u00e1s<\/a><br><a href=\"http:\/\/help.cobraszamlazoprogram.hu\/wp-content\/uploads\/2025\/03\/CobraContoLight_v2025.1.pdf\" data-type=\"URL\" data-id=\"http:\/\/help.cobraszamlazoprogram.hu\/wp-content\/uploads\/2025\/03\/CobraContoLight_v2025.1.pdf\" target=\"_blank\" rel=\"noreferrer noopener\">PDF let\u00f6lt\u00e9s<\/a><\/td><\/tr><\/tbody><\/table><\/figure>\n\n\n\n<figure class=\"wp-block-table aligncenter is-style-regular\"><table><tbody><tr><td class=\"has-text-align-center\" data-align=\"center\"><strong>Verzi\u00f3sz\u00e1m<\/strong><\/td><td class=\"has-text-align-center\" data-align=\"center\"><strong>Megjelen\u00e9s d\u00e1tuma<\/strong><\/td><td class=\"has-text-align-center\" data-align=\"center\"><strong>V\u00e1ltoz\u00e1s napl\u00f3<\/strong><\/td><\/tr><tr><td class=\"has-text-align-center\" data-align=\"center\"><strong>2024.1<\/strong><\/td><td class=\"has-text-align-center\" data-align=\"center\">2023.12.17<\/td><td class=\"has-text-align-center\" data-align=\"center\"><a href=\"https:\/\/help.cobraszamlazoprogram.hu\/index.php\/2023\/12\/21\/v2024-1\/\" data-type=\"post\" data-id=\"5200\">Verzi\u00f3le\u00edr\u00e1s<\/a><br><a href=\"http:\/\/help.cobraszamlazoprogram.hu\/wp-content\/uploads\/2023\/12\/CobraContoLight_2024.1.pdf\" target=\"_blank\" rel=\"noreferrer noopener\">PDF let\u00f6lt\u00e9s<\/a><\/td><\/tr><\/tbody><\/table><\/figure>\n\n\n\n<div class=\"wp-block-group\"><div class=\"wp-block-group__inner-container\">\n<figure class=\"wp-block-table aligncenter is-style-regular\"><table><tbody><tr><td class=\"has-text-align-center\" data-align=\"center\"><strong>Verzi\u00f3sz\u00e1m<\/strong><\/td><td class=\"has-text-align-center\" data-align=\"center\"><strong>Megjelen\u00e9s d\u00e1tuma<\/strong><\/td><td class=\"has-text-align-center\" data-align=\"center\"><strong>V\u00e1ltoz\u00e1s napl\u00f3<\/strong><\/td><\/tr><tr><td class=\"has-text-align-center\" data-align=\"center\"><strong>2023.1<\/strong><\/td><td class=\"has-text-align-center\" data-align=\"center\">2023.03.28<\/td><td class=\"has-text-align-center\" data-align=\"center\"><a href=\"https:\/\/help.cobraszamlazoprogram.hu\/index.php\/2023\/03\/27\/20231\/\" data-type=\"post\" data-id=\"5164\">Verzi\u00f3le\u00edr\u00e1s<\/a><br><a href=\"http:\/\/help.cobraszamlazoprogram.hu\/wp-content\/uploads\/2023\/03\/CobraContoLight_2023.1.pdf\" target=\"_blank\" rel=\"noreferrer noopener\">PDF let\u00f6lt\u00e9s<\/a><\/td><\/tr><\/tbody><\/table><\/figure>\n<\/div><\/div>\n\n\n<table class=\" aligncenter\" style=\"height: 247px;\" border=\"0\" width=\"393\" align=\"center\">\n<caption><strong>2022-ben kiadott verzi\u00f3k<\/strong><\/caption>\n<tbody>\n<tr>\n<td align=\"center\"><strong>Verzi\u00f3sz\u00e1m<\/strong><\/td>\n<td align=\"center\"><strong>Megjelen\u00e9s d\u00e1tuma<\/strong><\/td>\n<td align=\"center\"><strong>V\u00e1ltoz\u00e1s napl\u00f3<\/strong><\/td>\n<\/tr>\n<tr>\n<td align=\"center\"><strong>2022.2<\/strong><\/td>\n<td align=\"center\">2022.08.11<\/td>\n<td align=\"center\"><a href=\"https:\/\/help.cobraszamlazoprogram.hu\/index.php\/v2022-2\/\">Verzi\u00f3le\u00edr\u00e1s<\/a><br><a href=\"http:\/\/help.cobraszamlazoprogram.hu\/wp-content\/uploads\/2022\/08\/CobraContoLight_2022.2.pdf\">PDF let\u00f6lt\u00e9s<\/a><\/td>\n<\/tr>\n<tr>\n<td align=\"center\"><strong>2022.1<\/strong><\/td>\n<td align=\"center\">2022.02.15<\/td>\n<td align=\"center\"><a href=\"https:\/\/help.cobraszamlazoprogram.hu\/index.php\/v2022-1\/\">Verzi\u00f3le\u00edr\u00e1s<\/a><br><a href=\"http:\/\/help.cobraszamlazoprogram.hu\/wp-content\/uploads\/2022\/02\/CobraContoLight_2022.1.pdf\">PDF let\u00f6lt\u00e9se<\/a><\/td>\n<\/tr>\n<\/tbody>\n<\/table>\n<table class=\" aligncenter\" style=\"height: 247px;\" border=\"0\" width=\"393\" align=\"center\">\n<caption><strong>2021-ben kiadott verzi\u00f3k<\/strong><\/caption>\n<tbody>\n<tr>\n<td align=\"center\"><strong>Verzi\u00f3sz\u00e1m<\/strong><\/td>\n<td align=\"center\"><strong>Megjelen\u00e9s d\u00e1tuma<\/strong><\/td>\n<td align=\"center\"><strong>V\u00e1ltoz\u00e1s napl\u00f3<\/strong><\/td>\n<\/tr>\n<tr>\n<td><strong>2021.3<\/strong><\/td>\n<td>2021.06.07<\/td>\n<td><a href=\"http:\/\/help.cobraszamlazoprogram.hu\/index.php\/v2021-3\/\">Verzi\u00f3le\u00edr\u00e1s<\/a><br><a href=\"http:\/\/help.cobraszamlazoprogram.hu\/wp-content\/uploads\/2021\/06\/CobraContoLight_2021.3.pdf\">PDF let\u00f6lt\u00e9s<\/a><\/td>\n<\/tr>\n<tr>\n<td><strong>2021.2<\/strong><\/td>\n<td>2021.03.25<\/td>\n<td><a href=\"http:\/\/help.cobraszamlazoprogram.hu\/index.php\/v2021-2\/\">Verzi\u00f3le\u00edr\u00e1s<\/a><br><a href=\"http:\/\/help.cobraszamlazoprogram.hu\/wp-content\/uploads\/2021\/03\/CobraContoLight_2021.2.pdf\" target=\"_blank\" rel=\"noopener\">PDF let\u00f6lt\u00e9s<\/a><\/td>\n<\/tr>\n<tr>\n<td><strong>2021.1<\/strong><\/td>\n<td>2021.02.17<\/td>\n<td><a href=\"http:\/\/help.cobraszamlazoprogram.hu\/index.php\/v2021-1\/\">Verzi\u00f3le\u00edr\u00e1s<\/a><br><a href=\"http:\/\/help.cobraszamlazoprogram.hu\/wp-content\/uploads\/2021\/02\/CobraContoLight_2021.1.pdf\" target=\"_blank\" rel=\"noopener\">PDF let\u00f6lt\u00e9s<\/a><\/td>\n<\/tr>\n<\/tbody>\n<\/table>\n<table class=\" aligncenter\" style=\"height: 392px;\" border=\"0\" width=\"395\" align=\"center\">\n<caption><strong>2020-ban kiadott verzi\u00f3k<\/strong><\/caption>\n<tbody>\n<tr>\n<td align=\"center\"><strong>Verzi\u00f3sz\u00e1m<\/strong><\/td>\n<td align=\"center\"><strong>Megjelen\u00e9s d\u00e1tuma<\/strong><\/td>\n<td align=\"center\"><strong>V\u00e1ltoz\u00e1s napl\u00f3<\/strong><\/td>\n<\/tr>\n<tr>\n<td><strong>2020.4<\/strong><\/td>\n<td>2020.12.17<\/td>\n<td><a href=\"http:\/\/help.cobraszamlazoprogram.hu\/index.php\/v2020-4\/\">Verzi\u00f3le\u00edr\u00e1s<\/a><br><a href=\"http:\/\/help.cobraszamlazoprogram.hu\/wp-content\/uploads\/2020\/12\/CobraContoLight_2020.4.pdf\" target=\"_blank\" rel=\"noopener\">PDF let\u00f6lt\u00e9s<\/a><\/td>\n<\/tr>\n<tr>\n<td><strong>2020.3.1<\/strong><\/td>\n<td>2020.10.11<\/td>\n<td><a href=\"http:\/\/help.cobraszamlazoprogram.hu\/index.php\/v2020-3-1\/\">Verzi\u00f3le\u00edr\u00e1s<\/a><br><a href=\"http:\/\/help.cobraszamlazoprogram.hu\/wp-content\/uploads\/2020\/10\/CobraContoLight_2020.3.pdf\">PDF let\u00f6lt\u00e9s<\/a><\/td>\n<\/tr>\n<tr>\n<td><strong>2020.2<\/strong><\/td>\n<td>2020.06.16<\/td>\n<td><a href=\"http:\/\/help.cobraszamlazoprogram.hu\/index.php\/v2020-2\/\">Verzi\u00f3le\u00edr\u00e1s<\/a><br><a href=\"http:\/\/help.cobraszamlazoprogram.hu\/wp-content\/uploads\/2020\/06\/CobraContoLight_2020.2.pdf\">PDF let\u00f6lt\u00e9s<\/a><\/td>\n<\/tr>\n<tr>\n<td><strong>2020.1.3<\/strong><\/td>\n<td>2020.04.24<\/td>\n<td><a href=\"http:\/\/help.cobraszamlazoprogram.hu\/index.php\/v2020-1-3\/\">Verzi\u00f3le\u00edr\u00e1s<\/a><br><a href=\"http:\/\/help.cobraszamlazoprogram.hu\/wp-content\/uploads\/2020\/04\/CobraContoLight_2020.1.3.pdf\">PDF let\u00f6lt\u00e9s<\/a><\/td>\n<\/tr>\n<tr>\n<td><strong>2020.1.2<\/strong><\/td>\n<td>2020.04.08<\/td>\n<td><a href=\"http:\/\/help.cobraszamlazoprogram.hu\/index.php\/v2020-1-2\/\">Verzi\u00f3le\u00edr\u00e1s<\/a><br><a href=\"http:\/\/help.cobraszamlazoprogram.hu\/wp-content\/uploads\/2020\/04\/CobraContoLight_2020.1.2.pdf\">PDF let\u00f6lt\u00e9s<\/a><\/td>\n<\/tr>\n<tr>\n<td><strong>2020.1<\/strong><\/td>\n<td>2020.03.25.<\/td>\n<td><a href=\"http:\/\/help.cobraszamlazoprogram.hu\/index.php\/ccl-verziok\/v2020-1\/\">Verzi\u00f3le\u00edr\u00e1s<\/a><br><a href=\"http:\/\/help.cobraszamlazoprogram.hu\/wp-content\/uploads\/2020\/03\/CobraContoLight_2020.1.pdf\">PDF let\u00f6lt\u00e9s<\/a><\/td>\n<\/tr>\n<\/tbody>\n<\/table>\n<p><!--nextpage--><\/p>\n<div class=\"pf-content\">\n<p><img loading=\"lazy\" width=\"1\" height=\"1\" class=\"alignnone size-full wp-image-4822 \" src=\"http:\/\/help.cobraszamlazoprogram.hu\/wp-content\/uploads\/2020\/03\/img_5e7a32b21fb00.gif\" alt=\"\"><\/p>\n<table class=\" aligncenter\" style=\"height: 141px;\" border=\"0\" width=\"399\" align=\"center\">\n<caption><strong>2019-ben kiadott verzi\u00f3k<\/strong><\/caption>\n<tbody>\n<tr>\n<td align=\"center\"><strong>Verzi\u00f3sz\u00e1m<\/strong><\/td>\n<td align=\"center\"><strong>Megjelen\u00e9s d\u00e1tuma<\/strong><\/td>\n<td align=\"center\"><strong>V\u00e1ltoz\u00e1s napl\u00f3<\/strong><\/td>\n<\/tr>\n<tr>\n<td><strong>2019.1.1<\/strong><\/td>\n<td>2019.04.24.<\/td>\n<td><a href=\"http:\/\/help.cobraszamlazoprogram.hu\/index.php\/v2019-1\/\">Verzi\u00f3le\u00edr\u00e1s<\/a><br><a href=\"http:\/\/help.cobraszamlazoprogram.hu\/wp-content\/uploads\/2019\/04\/v2019.1.pdf\">PDF let\u00f6lt\u00e9s<\/a><\/td>\n<\/tr>\n<\/tbody>\n<\/table>\n<h5 style=\"text-align: center;\">&nbsp;<\/h5>\n<p><br class=\"none\"><br class=\"none\"><br class=\"none\"><br class=\"none\"><br class=\"none\"><br class=\"none\"><br class=\"none\"><br class=\"none\"><br class=\"none\"><br class=\"none\"><br class=\"none\"><\/p>\n<\/div>\n<p><!--nextpage--><\/p>\n<div class=\"pf-content\"><span style=\"font-size: 12pt;\"><strong>2018.2.1<\/strong><\/span><span style=\"font-size: 12pt;\">2018.07.06.<\/span><a href=\"http:\/\/help.cobraszamlazoprogram.hu\/index.php\/ccl-verziok\/v2018-2.1\/\">Verzi\u00f3le\u00edr\u00e1s<\/a><br><a href=\"http:\/\/help.cobraszamlazoprogram.hu\/wp-content\/uploads\/2018\/07\/v2018.2.1.pdf\">PDF let\u00f6lt\u00e9s<\/a><p><\/p>\n<table class=\" aligncenter\" style=\"border-color: #ffffff; height: 183px; background-color: #ffffff;\" border=\"0\" width=\"763\" align=\"center\">\n<caption><span style=\"font-size: 12pt;\"><strong>2018-ban kiadott verzi\u00f3k<\/strong><\/span><\/caption>\n<tbody>\n<tr>\n<td style=\"width: 130px; vertical-align: middle;\" align=\"center\"><span style=\"font-size: 12pt;\"><strong>Verzi\u00f3sz\u00e1m<\/strong><\/span><\/td>\n<td style=\"width: 130px; vertical-align: middle;\" align=\"center\"><span style=\"font-size: 12pt;\"><strong>Megjelen\u00e9s d\u00e1tuma<\/strong><\/span><\/td>\n<td style=\"width: 130px; vertical-align: middle;\" align=\"center\"><span style=\"font-size: 12pt;\"><strong>V\u00e1ltoz\u00e1s napl\u00f3<\/strong><\/span><\/td>\n<\/tr>\n<tr>\n<td style=\"width: 130px; vertical-align: middle; text-align: center;\"><span style=\"font-size: 12pt;\"><strong>2018.3<\/strong><\/span><\/td>\n<td style=\"width: 130px; text-align: center; vertical-align: middle;\"><span style=\"font-size: 12pt;\">2018.08.21.<\/span><\/td>\n<td style=\"width: 130px; text-align: center; vertical-align: top;\"><a href=\"http:\/\/help.cobraszamlazoprogram.hu\/index.php\/ccl-verziok\/v2018-3\/\">Verzi\u00f3le\u00edr\u00e1s<\/a><br><a href=\"http:\/\/help.cobraszamlazoprogram.hu\/wp-content\/uploads\/2018\/08\/v2018.3.pdf\">PDF let\u00f6lt\u00e9s<\/a><\/td>\n<\/tr>\n<tr>\n<td style=\"width: 130px; vertical-align: middle; text-align: center;\"><span style=\"font-size: 12pt;\"><strong>2018.2<\/strong><\/span><\/td>\n<td style=\"width: 130px; text-align: center; vertical-align: middle;\"><span style=\"font-size: 12pt;\">2018.06.22.<\/span><\/td>\n<td style=\"width: 130px; text-align: center; vertical-align: top;\"><a href=\"http:\/\/help.cobraszamlazoprogram.hu\/index.php\/ccl-verziok\/v2018-2\/\">Verzi\u00f3le\u00edr\u00e1s<\/a><br><a href=\"http:\/\/help.cobraszamlazoprogram.hu\/wp-content\/uploads\/2018\/06\/v2018.2.pdf\">PDF let\u00f6lt\u00e9s<\/a><\/td>\n<\/tr>\n<tr>\n<td style=\"width: 130px; vertical-align: middle; text-align: center;\"><span style=\"font-size: 12pt;\"><strong>2018.1<\/strong><\/span><\/td>\n<td style=\"width: 130px; text-align: center; vertical-align: middle;\"><span style=\"font-size: 12pt;\">2018.01.17.<\/span><\/td>\n<td style=\"width: 130px; text-align: center; vertical-align: top;\"><a href=\"http:\/\/help.cobraszamlazoprogram.hu\/index.php\/v2018-1\/\">Verzi\u00f3le\u00edr\u00e1s<\/a><br><a href=\"http:\/\/help.cobraszamlazoprogram.hu\/wp-content\/uploads\/2018\/01\/v2018.1.pdf\">PDF let\u00f6lt\u00e9s<\/a><\/td>\n<\/tr>\n<\/tbody>\n<\/table>\n<h5 style=\"text-align: center;\">&nbsp;<\/h5>\n<p><br class=\"none\"><br class=\"none\"><br class=\"none\"><br class=\"none\"><br class=\"none\"><br class=\"none\"><br class=\"none\"><br class=\"none\"><br class=\"none\"><br class=\"none\"><br class=\"none\"><\/p>\n<\/div>\n<p><!--nextpage--><\/p>\n<div class=\"pf-content\">\n<table class=\" aligncenter\" style=\"border-color: #ffffff; height: 183px; background-color: #ffffff;\" border=\"0\" width=\"763\" align=\"center\">\n<caption><span style=\"font-size: 12pt;\"><strong>2017-ben kiadott verzi\u00f3k<\/strong><\/span><\/caption>\n<tbody>\n<tr>\n<td style=\"width: 130px; vertical-align: middle;\" align=\"center\"><span style=\"font-size: 12pt;\"><strong>Verzi\u00f3sz\u00e1m<\/strong><\/span><\/td>\n<td style=\"width: 130px; vertical-align: middle;\" align=\"center\"><span style=\"font-size: 12pt;\"><strong>Megjelen\u00e9s d\u00e1tuma<\/strong><\/span><\/td>\n<td style=\"width: 130px; vertical-align: middle;\" align=\"center\"><span style=\"font-size: 12pt;\"><strong>V\u00e1ltoz\u00e1s napl\u00f3<\/strong><\/span><\/td>\n<\/tr>\n<tr>\n<td style=\"width: 130px; vertical-align: middle; text-align: center;\"><span style=\"font-size: 12pt;\"><strong>2017.5.1<\/strong><\/span><\/td>\n<td style=\"width: 130px; text-align: center; vertical-align: middle;\"><span style=\"font-size: 12pt;\">2017.12.11.<\/span><\/td>\n<td style=\"width: 130px; text-align: center; vertical-align: top;\"><a href=\"http:\/\/help.cobraszamlazoprogram.hu\/index.php\/v2017-5-1\/\">Verzi\u00f3le\u00edr\u00e1s<\/a><br><a href=\"http:\/\/help.cobraszamlazoprogram.hu\/wp-content\/uploads\/2017\/02\/V2017.5.1.pdf\">PDF let\u00f6lt\u00e9s<\/a><\/td>\n<\/tr>\n<tr>\n<td style=\"width: 130px; vertical-align: middle; text-align: center;\"><span style=\"font-size: 12pt;\"><strong>2017.5<\/strong><\/span><\/td>\n<td style=\"width: 130px; text-align: center; vertical-align: middle;\"><span style=\"font-size: 12pt;\">2017.12.04.<\/span><\/td>\n<td style=\"width: 130px; text-align: center; vertical-align: top;\"><a href=\"http:\/\/help.cobraszamlazoprogram.hu\/index.php\/ccl-verziok\/v2017-5-3\/\">Verzi\u00f3le\u00edr\u00e1s<\/a><br><a href=\"http:\/\/help.cobraszamlazoprogram.hu\/wp-content\/uploads\/2017\/02\/V2017.5.pdf\">PDF let\u00f6lt\u00e9s<\/a><\/td>\n<\/tr>\n<tr>\n<td style=\"width: 130px; vertical-align: middle; text-align: center;\"><span style=\"font-size: 12pt;\"><strong>2017.4.1<\/strong><\/span><\/td>\n<td style=\"width: 130px; text-align: center; vertical-align: middle;\"><span style=\"font-size: 12pt;\">2017.10.10.<\/span><\/td>\n<td style=\"width: 130px; text-align: center; vertical-align: top;\"><a href=\"http:\/\/help.cobraszamlazoprogram.hu\/index.php\/ccl-verziok\/v2017-4-1\/\">Verzi\u00f3le\u00edr\u00e1s<\/a><br><a href=\"http:\/\/help.cobraszamlazoprogram.hu\/wp-content\/uploads\/2017\/02\/V2017.4_1.pdf\">PDF let\u00f6lt\u00e9s<br><\/a><\/td>\n<\/tr>\n<tr>\n<td style=\"width: 130px; vertical-align: middle; text-align: center;\"><span style=\"font-size: 12pt;\"><strong>2017.4<\/strong><\/span><\/td>\n<td style=\"width: 130px; text-align: center; vertical-align: middle;\"><span style=\"font-size: 12pt;\">2017.08.31.<\/span><\/td>\n<td style=\"width: 130px; text-align: center; vertical-align: top;\"><a href=\"http:\/\/help.cobraszamlazoprogram.hu\/index.php\/ccl-verziok\/v2017-4\/\">Verzi\u00f3le\u00edr\u00e1s<\/a><br><a href=\"http:\/\/help.cobraszamlazoprogram.hu\/wp-content\/uploads\/2017\/02\/V2017.4.pdf\">PDF let\u00f6lt\u00e9s<br><\/a><\/td>\n<\/tr>\n<tr>\n<td style=\"width: 130px; vertical-align: middle; text-align: center;\"><span style=\"font-size: 12pt;\"><strong>2017.3<\/strong><\/span><\/td>\n<td style=\"width: 130px; text-align: center; vertical-align: middle;\"><span style=\"font-size: 12pt;\">2017.06.21.<\/span><\/td>\n<td style=\"width: 130px; text-align: center; vertical-align: top;\"><a href=\"http:\/\/help.cobraszamlazoprogram.hu\/index.php\/ccl-verziok\/v2017-3\/\">Verzi\u00f3le\u00edr\u00e1s<\/a><br><a href=\"http:\/\/help.cobraszamlazoprogram.hu\/wp-content\/uploads\/2017\/06\/V2017.3.pdf\">PDF let\u00f6lt\u00e9s<br><\/a><\/td>\n<\/tr>\n<tr>\n<td style=\"width: 130px; vertical-align: middle; text-align: center;\"><span style=\"font-size: 12pt;\"><strong>2017.2<\/strong><\/span><\/td>\n<td style=\"width: 130px; text-align: center; vertical-align: middle;\"><span style=\"font-size: 12pt;\">2017.04.05.<\/span><\/td>\n<td style=\"width: 130px; text-align: center; vertical-align: top;\"><a href=\"http:\/\/help.cobraszamlazoprogram.hu\/index.php\/ccl-verziok\/v2017-2\/\">Verzi\u00f3le\u00edr\u00e1s<\/a><br><a href=\"http:\/\/help.cobraszamlazoprogram.hu\/wp-content\/uploads\/2017\/04\/V2017.2.pdf\">PDF let\u00f6lt\u00e9s<br><\/a><\/td>\n<\/tr>\n<tr>\n<td style=\"width: 130px; vertical-align: middle; text-align: center;\"><span style=\"font-size: 12pt;\"><strong>2017.1<\/strong><\/span><\/td>\n<td style=\"width: 130px; text-align: center; vertical-align: middle;\"><span style=\"font-size: 12pt;\">2017.02.20.<\/span><\/td>\n<td style=\"width: 130px; text-align: center; vertical-align: top;\"><a href=\"http:\/\/help.cobraszamlazoprogram.hu\/wp-content\/uploads\/2017\/03\/Invoicing.pdf\"><img loading=\"lazy\" class=\" wp-image-4015\" src=\"http:\/\/help.cobraszamlazoprogram.hu\/wp-content\/uploads\/2017\/03\/pdf-e1444826690263.png\" alt=\"Sz\u00e1ml\u00e1z\u00e1s dokument\u00e1ci\u00f3\" width=\"58\" height=\"57\"><\/a><\/td>\n<\/tr>\n<\/tbody>\n<\/table>\n<h5 style=\"text-align: center;\">&nbsp;<\/h5>\n<p><br class=\"none\"><br class=\"none\"><br class=\"none\"><br class=\"none\"><br class=\"none\"><br class=\"none\"><br class=\"none\"><br class=\"none\"><br class=\"none\"><br class=\"none\"><br class=\"none\"><\/p>\n<\/div>\n<p><img loading=\"lazy\" width=\"1\" height=\"1\" class=\"alignnone size-full wp-image-4581 \" src=\"http:\/\/help.cobraszamlazoprogram.hu\/wp-content\/uploads\/2018\/01\/img_5a5f4fff2166e.gif\" alt=\"\"><\/p>\n\n\n<figure class=\"wp-block-table\"><table><tbody><tr><td><\/td><td><\/td><td><\/td><\/tr><tr><td><\/td><td><\/td><td><\/td><\/tr><\/tbody><\/table><\/figure>\n\n\n\n<p><\/p>\n","protected":false},"excerpt":{"rendered":"<p>Aktu\u00e1lis verzi\u00f3 Verzi\u00f3sz\u00e1m Megjelen\u00e9s d\u00e1tuma V\u00e1ltoz\u00e1s napl\u00f3 2026.1 2026.03.03 Verzi\u00f3le\u00edr\u00e1sPDF let\u00f6lt\u00e9s Kor\u00e1bbi verzi\u00f3k Verzi\u00f3sz\u00e1m Megjelen\u00e9s d\u00e1tuma V\u00e1ltoz\u00e1s napl\u00f3 2025.1 2025.03.05 Verzi\u00f3le\u00edr\u00e1sPDF let\u00f6lt\u00e9s Verzi\u00f3sz\u00e1m Megjelen\u00e9s d\u00e1tuma V\u00e1ltoz\u00e1s napl\u00f3 2024.1 2023.12.17 Verzi\u00f3le\u00edr\u00e1sPDF let\u00f6lt\u00e9s 2022-ben kiadott verzi\u00f3k Verzi\u00f3sz\u00e1m Megjelen\u00e9s d\u00e1tuma V\u00e1ltoz\u00e1s napl\u00f3 2022.2 2022.08.11 Verzi\u00f3le\u00edr\u00e1sPDF let\u00f6lt\u00e9s 2022.1 2022.02.15 Verzi\u00f3le\u00edr\u00e1sPDF let\u00f6lt\u00e9se 2021-ben kiadott verzi\u00f3k Verzi\u00f3sz\u00e1m Megjelen\u00e9s d\u00e1tuma V\u00e1ltoz\u00e1s napl\u00f3 2021.3 2021.06.07 Verzi\u00f3le\u00edr\u00e1sPDF let\u00f6lt\u00e9s 2021.2 2021.03.25 Verzi\u00f3le\u00edr\u00e1sPDF let\u00f6lt\u00e9s 2021.1 2021.02.17 Verzi\u00f3le\u00edr\u00e1sPDF let\u00f6lt\u00e9s 2020-ban kiadott verzi\u00f3k Verzi\u00f3sz\u00e1m Megjelen\u00e9s d\u00e1tuma V\u00e1ltoz\u00e1s napl\u00f3 [&hellip;]<\/p>\n","protected":false},"author":1,"featured_media":0,"parent":0,"menu_order":0,"comment_status":"closed","ping_status":"closed","template":"","meta":[],"_links":{"self":[{"href":"http:\/\/help.cobraszamlazoprogram.hu\/index.php\/wp-json\/wp\/v2\/pages\/3557"}],"collection":[{"href":"http:\/\/help.cobraszamlazoprogram.hu\/index.php\/wp-json\/wp\/v2\/pages"}],"about":[{"href":"http:\/\/help.cobraszamlazoprogram.hu\/index.php\/wp-json\/wp\/v2\/types\/page"}],"author":[{"embeddable":true,"href":"http:\/\/help.cobraszamlazoprogram.hu\/index.php\/wp-json\/wp\/v2\/users\/1"}],"replies":[{"embeddable":true,"href":"http:\/\/help.cobraszamlazoprogram.hu\/index.php\/wp-json\/wp\/v2\/comments?post=3557"}],"version-history":[{"count":107,"href":"http:\/\/help.cobraszamlazoprogram.hu\/index.php\/wp-json\/wp\/v2\/pages\/3557\/revisions"}],"predecessor-version":[{"id":5386,"href":"http:\/\/help.cobraszamlazoprogram.hu\/index.php\/wp-json\/wp\/v2\/pages\/3557\/revisions\/5386"}],"wp:attachment":[{"href":"http:\/\/help.cobraszamlazoprogram.hu\/index.php\/wp-json\/wp\/v2\/media?parent=3557"}],"curies":[{"name":"wp","href":"https:\/\/api.w.org\/{rel}","templated":true}]}}